{"id":196,"date":"2025-04-05T20:01:49","date_gmt":"2025-04-05T23:01:49","guid":{"rendered":"http:\/\/dyvtour.cl\/?post_type=product&#038;p=196"},"modified":"2026-04-08T20:52:17","modified_gmt":"2026-04-08T23:52:17","slug":"cajon-del-maipo-embalse-el-yeso-termas-valle-de-colina","status":"publish","type":"product","link":"http:\/\/dyvtour.cl\/pt\/tour\/cajon-del-maipo-embalse-el-yeso-termas-valle-de-colina\/","title":{"rendered":"C\u00e2nion Maipo + Reservat\u00f3rio El Yeso + Fontes termais do Vale da Colina"},"content":{"rendered":"<p><strong>Reservat\u00f3rio El Yeso<\/strong><\/p>\n<p><span style=\"font-weight: 400;\">Paisagem deslumbrante formada por \u00e1guas azul-turquesa e montanhas imponentes ao fundo!!<\/span><\/p>\n<p><span style=\"font-weight: 400;\">Um cen\u00e1rio incompar\u00e1vel com as montanhas ao redor sempre cobertas por um manto de neve. \u00c9 o cen\u00e1rio perfeito para imortalizar o momento com uma boa fotografia.<\/span><\/p>\n<p><span style=\"font-weight: 400;\">Ao chegar \u00e0 serra, faremos uma parada em San Jos\u00e9 de Maipo para tomar caf\u00e9 da manh\u00e3 e recarregar as energias antes de subir confortavelmente a desafiadora caminhada de 700 metros que nos leva ao mirante, de onde contemplaremos o c\u00e9u refletido nas \u00e1guas da represa.<\/span><\/p>\n<p><span style=\"font-weight: 400;\">Em seguida, fomos at\u00e9 Salto el yeso, uma cachoeira de 15 metros com uma \u00e1rea de observa\u00e7\u00e3o segura. Aqui descansaremos e, se desejar, voc\u00ea poder\u00e1 aproveitar a oportunidade para fazer seu pr\u00f3prio piquenique.<\/span><\/p>\n<p><span style=\"font-weight: 400;\">Mais tarde, visitaremos o T\u00fanel Tinoco, constru\u00eddo em 1906, por onde passava uma pequena ferrovia, conectando a ponte alta com a cidade mineira de El Volc\u00e1n.<\/span><\/p>\n<p><span style=\"font-weight: 400;\">Ado\u00e7aremos nossa excurs\u00e3o com uma visita \u00e0 original sorveteria e loja de chocolates La Casa de Chocolate, que se destaca pelos seus requintados sabores artesanais e pela arquitetura e esculturas que adornam o terra\u00e7o e os jardins.<\/span><\/p>\n<p><strong>\u00a0Fontes termais do Vale da Colina<\/strong><\/p>\n<p><span style=\"font-weight: 400;\">Continuaremos nosso passeio pela Rota dos Vulc\u00f5es. Come\u00e7amos caminhando por uma trilha de terra que come\u00e7a em San Gabriel. 14 km antes de chegar ao centro termal. Um lugar remoto, majestoso e tranquilo aos p\u00e9s da Cordilheira dos Andes, onde voc\u00ea experimentar\u00e1 as \u00e1guas naturais altamente mineralizadas de origem magm\u00e1tica, que v\u00eam das entranhas do Vulc\u00e3o San Jos\u00e9 e t\u00eam uma s\u00e9rie de propriedades curativas, todas elas contidas nas fontes termais do Vale de Colina.<\/span><\/p>\n<p><span style=\"font-weight: 400;\">As temperaturas dessas fontes termais m\u00e1gicas variam entre 25 graus Celsius nas piscinas mais baixas e at\u00e9 55 graus Celsius nas mais altas. Al\u00e9m disso, est\u00e1 cercado por um maravilhoso ambiente montanhoso, que permite apreciar a vista majestosa da Cordilheira dos Andes.<\/span><\/p>\n<p><span style=\"font-weight: 400;\">Voc\u00ea pode mergulhar e relaxar nas fontes termais que este lugar maravilhoso oferece. Este passeio permite que voc\u00ea abra sua mente e seu cora\u00e7\u00e3o para novas experi\u00eancias. Ela permite que voc\u00ea descubra que o mundo \u00e9 t\u00e3o grande quanto seus sonhos e t\u00e3o incerto quanto sua capacidade de explor\u00e1-lo.<\/span><\/p>","protected":false},"excerpt":{"rendered":"<p>Embalse El Yeso \u00a1Impresionante paisaje formado por las aguas color turquesa y las imponentes monta\u00f1as de fondo!! Un escenario incomparable con las monta\u00f1as que lo rodean cubiertas siempre de un manto de nieve. Es el tel\u00f3n de fondo perfecto para inmortalizar el momento con una buena fotograf\u00eda. Llegando a la cordillera, nos detendremos en San [&hellip;]<\/p>","protected":false},"featured_media":1482,"template":"","meta":{"_acf_changed":false},"product_brand":[],"product_cat":[21],"product_tag":[],"class_list":{"0":"post-196","1":"product","2":"type-product","3":"status-publish","4":"has-post-thumbnail","6":"product_cat-nieve","8":"first","9":"instock","10":"shipping-taxable","11":"product-type-simple"},"acf":[],"yoast_head":"<!-- This site is optimized with the Yoast SEO Premium plugin v22.0 (Yoast SEO v27.3) - https:\/\/yoast.com\/product\/yoast-seo-premium-wordpress\/ -->\n<title>Caj\u00f3n del Maipo + Embalse El Yeso + Termas Valle de Colina - DyV Tour<\/title>\n<meta name=\"robots\" content=\"index, follow, max-snippet:-1, max-image-preview:large, max-video-preview:-1\" \/>\n<link rel=\"canonical\" href=\"https:\/\/dyvtour.cl\/pt\/tour\/cajon-del-maipo-embalse-el-yeso-termas-valle-de-colina\/\" \/>\n<meta property=\"og:locale\" content=\"pt_BR\" \/>\n<meta property=\"og:type\" content=\"article\" \/>\n<meta property=\"og:title\" content=\"Caj\u00f3n del Maipo + Embalse El Yeso + Termas Valle de Colina\" \/>\n<meta property=\"og:description\" content=\"Embalse El Yeso \u00a1Impresionante paisaje formado por las aguas color turquesa y las imponentes monta\u00f1as de fondo!! Un escenario incomparable con las monta\u00f1as que lo rodean cubiertas siempre de un manto de nieve. Es el tel\u00f3n de fondo perfecto para inmortalizar el momento con una buena fotograf\u00eda. Llegando a la cordillera, nos detendremos en San [&hellip;]\" \/>\n<meta property=\"og:url\" content=\"https:\/\/dyvtour.cl\/pt\/tour\/cajon-del-maipo-embalse-el-yeso-termas-valle-de-colina\/\" \/>\n<meta property=\"og:site_name\" content=\"DyV Tour\" \/>\n<meta property=\"article:modified_time\" content=\"2026-04-08T23:52:17+00:00\" \/>\n<meta property=\"og:image\" content=\"https:\/\/dyvtour.cl\/wp-content\/uploads\/2025\/04\/Tour-Cajon-del-Maipo-embalse-del-yeso-termas-valle-de-colina_13-Pequeno.png\" \/>\n\t<meta property=\"og:image:width\" content=\"480\" \/>\n\t<meta property=\"og:image:height\" content=\"720\" \/>\n\t<meta property=\"og:image:type\" content=\"image\/png\" \/>\n<meta name=\"twitter:card\" content=\"summary_large_image\" \/>\n<meta name=\"twitter:label1\" content=\"Est. tempo de leitura\" \/>\n\t<meta name=\"twitter:data1\" content=\"2 minutos\" \/>\n<script type=\"application\/ld+json\" class=\"yoast-schema-graph\">{\"@context\":\"https:\\\/\\\/schema.org\",\"@graph\":[{\"@type\":\"WebPage\",\"@id\":\"https:\\\/\\\/dyvtour.cl\\\/en\\\/tour\\\/cajon-del-maipo-embalse-el-yeso-termas-valle-de-colina\\\/\",\"url\":\"https:\\\/\\\/dyvtour.cl\\\/en\\\/tour\\\/cajon-del-maipo-embalse-el-yeso-termas-valle-de-colina\\\/\",\"name\":\"Caj\u00f3n del Maipo + Embalse El Yeso + Termas Valle de Colina - DyV Tour\",\"isPartOf\":{\"@id\":\"http:\\\/\\\/dyvtour.cl\\\/es\\\/#website\"},\"primaryImageOfPage\":{\"@id\":\"https:\\\/\\\/dyvtour.cl\\\/en\\\/tour\\\/cajon-del-maipo-embalse-el-yeso-termas-valle-de-colina\\\/#primaryimage\"},\"image\":{\"@id\":\"https:\\\/\\\/dyvtour.cl\\\/en\\\/tour\\\/cajon-del-maipo-embalse-el-yeso-termas-valle-de-colina\\\/#primaryimage\"},\"thumbnailUrl\":\"http:\\\/\\\/dyvtour.cl\\\/wp-content\\\/uploads\\\/2025\\\/04\\\/Tour-Cajon-del-Maipo-embalse-del-yeso-termas-valle-de-colina_13-Pequeno.png\",\"datePublished\":\"2025-04-05T23:01:49+00:00\",\"dateModified\":\"2026-04-08T23:52:17+00:00\",\"breadcrumb\":{\"@id\":\"https:\\\/\\\/dyvtour.cl\\\/en\\\/tour\\\/cajon-del-maipo-embalse-el-yeso-termas-valle-de-colina\\\/#breadcrumb\"},\"inLanguage\":\"pt-BR\",\"potentialAction\":[{\"@type\":\"ReadAction\",\"target\":[\"https:\\\/\\\/dyvtour.cl\\\/en\\\/tour\\\/cajon-del-maipo-embalse-el-yeso-termas-valle-de-colina\\\/\"]}]},{\"@type\":\"ImageObject\",\"inLanguage\":\"pt-BR\",\"@id\":\"https:\\\/\\\/dyvtour.cl\\\/en\\\/tour\\\/cajon-del-maipo-embalse-el-yeso-termas-valle-de-colina\\\/#primaryimage\",\"url\":\"http:\\\/\\\/dyvtour.cl\\\/wp-content\\\/uploads\\\/2025\\\/04\\\/Tour-Cajon-del-Maipo-embalse-del-yeso-termas-valle-de-colina_13-Pequeno.png\",\"contentUrl\":\"http:\\\/\\\/dyvtour.cl\\\/wp-content\\\/uploads\\\/2025\\\/04\\\/Tour-Cajon-del-Maipo-embalse-del-yeso-termas-valle-de-colina_13-Pequeno.png\",\"width\":480,\"height\":720},{\"@type\":\"BreadcrumbList\",\"@id\":\"https:\\\/\\\/dyvtour.cl\\\/en\\\/tour\\\/cajon-del-maipo-embalse-el-yeso-termas-valle-de-colina\\\/#breadcrumb\",\"itemListElement\":[{\"@type\":\"ListItem\",\"position\":1,\"name\":\"Portada\",\"item\":\"https:\\\/\\\/dyvtour.cl\\\/es\\\/\"},{\"@type\":\"ListItem\",\"position\":2,\"name\":\"Tienda\",\"item\":\"https:\\\/\\\/dyvtour.cl\\\/en\\\/tienda\\\/\"},{\"@type\":\"ListItem\",\"position\":3,\"name\":\"Caj\u00f3n del Maipo + Embalse El Yeso + Termas Valle de Colina\"}]},{\"@type\":\"WebSite\",\"@id\":\"http:\\\/\\\/dyvtour.cl\\\/es\\\/#website\",\"url\":\"http:\\\/\\\/dyvtour.cl\\\/es\\\/\",\"name\":\"DyV Tour\",\"description\":\"VIVE LA EXPERIENCIA\",\"publisher\":{\"@id\":\"http:\\\/\\\/dyvtour.cl\\\/es\\\/#organization\"},\"potentialAction\":[{\"@type\":\"SearchAction\",\"target\":{\"@type\":\"EntryPoint\",\"urlTemplate\":\"http:\\\/\\\/dyvtour.cl\\\/es\\\/?s={search_term_string}\"},\"query-input\":{\"@type\":\"PropertyValueSpecification\",\"valueRequired\":true,\"valueName\":\"search_term_string\"}}],\"inLanguage\":\"pt-BR\"},{\"@type\":\"Organization\",\"@id\":\"http:\\\/\\\/dyvtour.cl\\\/es\\\/#organization\",\"name\":\"DyV Tour\",\"url\":\"http:\\\/\\\/dyvtour.cl\\\/es\\\/\",\"logo\":{\"@type\":\"ImageObject\",\"inLanguage\":\"pt-BR\",\"@id\":\"http:\\\/\\\/dyvtour.cl\\\/es\\\/#\\\/schema\\\/logo\\\/image\\\/\",\"url\":\"http:\\\/\\\/dyvtour.cl\\\/wp-content\\\/uploads\\\/2026\\\/04\\\/logotipo-transparente_1_tour-dv-tour-chile.webp\",\"contentUrl\":\"http:\\\/\\\/dyvtour.cl\\\/wp-content\\\/uploads\\\/2026\\\/04\\\/logotipo-transparente_1_tour-dv-tour-chile.webp\",\"width\":350,\"height\":142,\"caption\":\"DyV Tour\"},\"image\":{\"@id\":\"http:\\\/\\\/dyvtour.cl\\\/es\\\/#\\\/schema\\\/logo\\\/image\\\/\"}}]}<\/script>\n<!-- \/ Yoast SEO Premium plugin. -->","yoast_head_json":{"title":"Caj\u00f3n del Maipo + Embalse El Yeso + Termas Valle de Colina - DyV Tour","robots":{"index":"index","follow":"follow","max-snippet":"max-snippet:-1","max-image-preview":"max-image-preview:large","max-video-preview":"max-video-preview:-1"},"canonical":"https:\/\/dyvtour.cl\/pt\/tour\/cajon-del-maipo-embalse-el-yeso-termas-valle-de-colina\/","og_locale":"pt_BR","og_type":"article","og_title":"Caj\u00f3n del Maipo + Embalse El Yeso + Termas Valle de Colina","og_description":"Embalse El Yeso \u00a1Impresionante paisaje formado por las aguas color turquesa y las imponentes monta\u00f1as de fondo!! Un escenario incomparable con las monta\u00f1as que lo rodean cubiertas siempre de un manto de nieve. Es el tel\u00f3n de fondo perfecto para inmortalizar el momento con una buena fotograf\u00eda. Llegando a la cordillera, nos detendremos en San [&hellip;]","og_url":"https:\/\/dyvtour.cl\/pt\/tour\/cajon-del-maipo-embalse-el-yeso-termas-valle-de-colina\/","og_site_name":"DyV Tour","article_modified_time":"2026-04-08T23:52:17+00:00","og_image":[{"width":480,"height":720,"url":"https:\/\/dyvtour.cl\/wp-content\/uploads\/2025\/04\/Tour-Cajon-del-Maipo-embalse-del-yeso-termas-valle-de-colina_13-Pequeno.png","type":"image\/png"}],"twitter_card":"summary_large_image","twitter_misc":{"Est. tempo de leitura":"2 minutos"},"schema":{"@context":"https:\/\/schema.org","@graph":[{"@type":"WebPage","@id":"https:\/\/dyvtour.cl\/en\/tour\/cajon-del-maipo-embalse-el-yeso-termas-valle-de-colina\/","url":"https:\/\/dyvtour.cl\/en\/tour\/cajon-del-maipo-embalse-el-yeso-termas-valle-de-colina\/","name":"Caj\u00f3n del Maipo + Embalse El Yeso + Termas Valle de Colina - DyV Tour","isPartOf":{"@id":"http:\/\/dyvtour.cl\/es\/#website"},"primaryImageOfPage":{"@id":"https:\/\/dyvtour.cl\/en\/tour\/cajon-del-maipo-embalse-el-yeso-termas-valle-de-colina\/#primaryimage"},"image":{"@id":"https:\/\/dyvtour.cl\/en\/tour\/cajon-del-maipo-embalse-el-yeso-termas-valle-de-colina\/#primaryimage"},"thumbnailUrl":"http:\/\/dyvtour.cl\/wp-content\/uploads\/2025\/04\/Tour-Cajon-del-Maipo-embalse-del-yeso-termas-valle-de-colina_13-Pequeno.png","datePublished":"2025-04-05T23:01:49+00:00","dateModified":"2026-04-08T23:52:17+00:00","breadcrumb":{"@id":"https:\/\/dyvtour.cl\/en\/tour\/cajon-del-maipo-embalse-el-yeso-termas-valle-de-colina\/#breadcrumb"},"inLanguage":"pt-BR","potentialAction":[{"@type":"ReadAction","target":["https:\/\/dyvtour.cl\/en\/tour\/cajon-del-maipo-embalse-el-yeso-termas-valle-de-colina\/"]}]},{"@type":"ImageObject","inLanguage":"pt-BR","@id":"https:\/\/dyvtour.cl\/en\/tour\/cajon-del-maipo-embalse-el-yeso-termas-valle-de-colina\/#primaryimage","url":"http:\/\/dyvtour.cl\/wp-content\/uploads\/2025\/04\/Tour-Cajon-del-Maipo-embalse-del-yeso-termas-valle-de-colina_13-Pequeno.png","contentUrl":"http:\/\/dyvtour.cl\/wp-content\/uploads\/2025\/04\/Tour-Cajon-del-Maipo-embalse-del-yeso-termas-valle-de-colina_13-Pequeno.png","width":480,"height":720},{"@type":"BreadcrumbList","@id":"https:\/\/dyvtour.cl\/en\/tour\/cajon-del-maipo-embalse-el-yeso-termas-valle-de-colina\/#breadcrumb","itemListElement":[{"@type":"ListItem","position":1,"name":"Portada","item":"https:\/\/dyvtour.cl\/es\/"},{"@type":"ListItem","position":2,"name":"Tienda","item":"https:\/\/dyvtour.cl\/en\/tienda\/"},{"@type":"ListItem","position":3,"name":"Caj\u00f3n del Maipo + Embalse El Yeso + Termas Valle de Colina"}]},{"@type":"WebSite","@id":"http:\/\/dyvtour.cl\/es\/#website","url":"http:\/\/dyvtour.cl\/es\/","name":"DyV Tour","description":"VIVE LA EXPERIENCIA","publisher":{"@id":"http:\/\/dyvtour.cl\/es\/#organization"},"potentialAction":[{"@type":"SearchAction","target":{"@type":"EntryPoint","urlTemplate":"http:\/\/dyvtour.cl\/es\/?s={search_term_string}"},"query-input":{"@type":"PropertyValueSpecification","valueRequired":true,"valueName":"search_term_string"}}],"inLanguage":"pt-BR"},{"@type":"Organization","@id":"http:\/\/dyvtour.cl\/es\/#organization","name":"DyV Tour","url":"http:\/\/dyvtour.cl\/es\/","logo":{"@type":"ImageObject","inLanguage":"pt-BR","@id":"http:\/\/dyvtour.cl\/es\/#\/schema\/logo\/image\/","url":"http:\/\/dyvtour.cl\/wp-content\/uploads\/2026\/04\/logotipo-transparente_1_tour-dv-tour-chile.webp","contentUrl":"http:\/\/dyvtour.cl\/wp-content\/uploads\/2026\/04\/logotipo-transparente_1_tour-dv-tour-chile.webp","width":350,"height":142,"caption":"DyV Tour"},"image":{"@id":"http:\/\/dyvtour.cl\/es\/#\/schema\/logo\/image\/"}}]}},"_links":{"self":[{"href":"http:\/\/dyvtour.cl\/pt\/wp-json\/wp\/v2\/product\/196","targetHints":{"allow":["GET"]}}],"collection":[{"href":"http:\/\/dyvtour.cl\/pt\/wp-json\/wp\/v2\/product"}],"about":[{"href":"http:\/\/dyvtour.cl\/pt\/wp-json\/wp\/v2\/types\/product"}],"wp:featuredmedia":[{"embeddable":true,"href":"http:\/\/dyvtour.cl\/pt\/wp-json\/wp\/v2\/media\/1482"}],"wp:attachment":[{"href":"http:\/\/dyvtour.cl\/pt\/wp-json\/wp\/v2\/media?parent=196"}],"wp:term":[{"taxonomy":"product_brand","embeddable":true,"href":"http:\/\/dyvtour.cl\/pt\/wp-json\/wp\/v2\/product_brand?post=196"},{"taxonomy":"product_cat","embeddable":true,"href":"http:\/\/dyvtour.cl\/pt\/wp-json\/wp\/v2\/product_cat?post=196"},{"taxonomy":"product_tag","embeddable":true,"href":"http:\/\/dyvtour.cl\/pt\/wp-json\/wp\/v2\/product_tag?post=196"}],"curies":[{"name":"wp","href":"https:\/\/api.w.org\/{rel}","templated":true}]}}