{"id":179,"date":"2025-04-05T19:36:17","date_gmt":"2025-04-05T22:36:17","guid":{"rendered":"http:\/\/dyvtour.cl\/?post_type=product&#038;p=179"},"modified":"2026-04-08T21:03:11","modified_gmt":"2026-04-09T00:03:11","slug":"salida-a-restaurant-bali-hai","status":"publish","type":"product","link":"http:\/\/dyvtour.cl\/pt\/tour\/salida-a-restaurant-bali-hai\/","title":{"rendered":"Sa\u00edda para<br>Restaurante Bali Hai"},"content":{"rendered":"<p><span style=\"font-weight: 400;\">Viva uma noite m\u00e1gica com o melhor da culin\u00e1ria chilena e internacional!<\/span><\/p>\n<p><span style=\"font-weight: 400;\">Se voc\u00ea quiser aprender um pouco mais sobre a cultura nacional, acompanhado de um bom vinho chileno e um jantar tradicional, n\u00e3o perca esta experi\u00eancia incr\u00edvel que inclui apresenta\u00e7\u00f5es de dan\u00e7a polin\u00e9sia.\u00a0<\/span><\/p>\n<p><span style=\"font-weight: 400;\">Um pouco de hist\u00f3ria\u2026<\/span><\/p>\n<p><b>Bali Hai <\/b><span style=\"font-weight: 400;\">Tem uma longa hist\u00f3ria, foi inaugurado em 1980 e \u00e9 o <\/span><b>\u00fanico restaurante polin\u00e9sio na Am\u00e9rica Latina. <\/b><span style=\"font-weight: 400;\">Caracteriza-se pela sua estrutura e pelos 5 moais que possui na entrada do restaurante.<\/span><\/p>\n<p><span style=\"font-weight: 400;\">L\u00e1 dentro, voc\u00ea encontrar\u00e1 esculturas feitas de madeira de florestas antigas e trazidas de diferentes ilhas do Oceano Pac\u00edfico. Tudo feito \u00e0 m\u00e3o por artes\u00e3os nos anos 80.<\/span><\/p>\n<p><span style=\"font-weight: 400;\">Ao entrar, voc\u00ea realmente sentir\u00e1 que est\u00e1 na Polin\u00e9sia!<\/span><\/p>\n<p><b>O que comer em Bali-Hai?<\/b><\/p>\n<p><span style=\"font-weight: 400;\">Este restaurante requintado e exclusivo \u00e9 conhecido por sua culin\u00e1ria tradicional chilena, e voc\u00ea definitivamente deve experimentar um pisco sour ou vinho para acompanhar seu prato principal. Enquanto voc\u00ea desfruta do seu jantar, o show ir\u00e1 apresent\u00e1-lo ao <\/span><b>dan\u00e7as representativas de cada regi\u00e3o do Chile, <\/b><span style=\"font-weight: 400;\">dan\u00e7as do norte de La Tirana, belas dan\u00e7as t\u00edpicas cuecas que mostram a eleg\u00e2ncia e a travessura dos huasos e chinas. Depois, voc\u00ea poder\u00e1 apreciar as dan\u00e7as chilotes reconhecidas por sua for\u00e7a e calor e se aproximar\u00e1 da cultura polin\u00e9sia do <\/span><b>Ilha de P\u00e1scoa (Rapa Nui) <\/b><span style=\"font-weight: 400;\">com um contraste espetacular de ritmo e cor<\/span><\/p>\n<p><span style=\"font-weight: 400;\">Venha curtir este jantar com show no famoso e \u00fanico restaurante polin\u00e9sio da Am\u00e9rica Latina, o Bali Hai de Chile.<\/span><\/p>","protected":false},"excerpt":{"rendered":"<p>\u00a1Vive una noche de magia con lo mejor de la gastronom\u00eda chilena e internacional! Si quieres conocer un poco m\u00e1s de la cultura nacional, acompa\u00f1ado de un buen vino chileno y una cena tradicional, no te puedes perder esta incre\u00edble experiencia que incluye shows de baile polin\u00e9sico.\u00a0 Un poco de historia\u2026 Bali Hai tiene una [&hellip;]<\/p>","protected":false},"featured_media":1488,"template":"","meta":{"_acf_changed":false},"product_brand":[],"product_cat":[19],"product_tag":[],"class_list":{"0":"post-179","1":"product","2":"type-product","3":"status-publish","4":"has-post-thumbnail","6":"product_cat-ciudad","8":"first","9":"instock","10":"shipping-taxable","11":"product-type-simple"},"acf":[],"yoast_head":"<!-- This site is optimized with the Yoast SEO Premium plugin v22.0 (Yoast SEO v27.3) - https:\/\/yoast.com\/product\/yoast-seo-premium-wordpress\/ -->\n<title>Salida aRestaurant Bali Hai - DyV Tour<\/title>\n<meta name=\"robots\" content=\"index, follow, max-snippet:-1, max-image-preview:large, max-video-preview:-1\" \/>\n<link rel=\"canonical\" href=\"http:\/\/dyvtour.cl\/pt\/tour\/salida-a-restaurant-bali-hai\/\" \/>\n<meta property=\"og:locale\" content=\"pt_BR\" \/>\n<meta property=\"og:type\" content=\"article\" \/>\n<meta property=\"og:title\" content=\"Salida aRestaurant Bali Hai\" \/>\n<meta property=\"og:description\" content=\"\u00a1Vive una noche de magia con lo mejor de la gastronom\u00eda chilena e internacional! Si quieres conocer un poco m\u00e1s de la cultura nacional, acompa\u00f1ado de un buen vino chileno y una cena tradicional, no te puedes perder esta incre\u00edble experiencia que incluye shows de baile polin\u00e9sico.\u00a0 Un poco de historia\u2026 Bali Hai tiene una [&hellip;]\" \/>\n<meta property=\"og:url\" content=\"http:\/\/dyvtour.cl\/pt\/tour\/salida-a-restaurant-bali-hai\/\" \/>\n<meta property=\"og:site_name\" content=\"DyV Tour\" \/>\n<meta property=\"article:modified_time\" content=\"2026-04-09T00:03:11+00:00\" \/>\n<meta property=\"og:image\" content=\"http:\/\/dyvtour.cl\/wp-content\/uploads\/2025\/04\/Bali-Hai-12-Pequeno.png\" \/>\n\t<meta property=\"og:image:width\" content=\"480\" \/>\n\t<meta property=\"og:image:height\" content=\"720\" \/>\n\t<meta property=\"og:image:type\" content=\"image\/png\" \/>\n<meta name=\"twitter:card\" content=\"summary_large_image\" \/>\n<meta name=\"twitter:label1\" content=\"Est. tempo de leitura\" \/>\n\t<meta name=\"twitter:data1\" content=\"2 minutos\" \/>\n<script type=\"application\/ld+json\" class=\"yoast-schema-graph\">{\"@context\":\"https:\\\/\\\/schema.org\",\"@graph\":[{\"@type\":\"WebPage\",\"@id\":\"http:\\\/\\\/dyvtour.cl\\\/es\\\/tour\\\/salida-a-restaurant-bali-hai\\\/\",\"url\":\"http:\\\/\\\/dyvtour.cl\\\/es\\\/tour\\\/salida-a-restaurant-bali-hai\\\/\",\"name\":\"Salida a Restaurant Bali Hai - DyV Tour\",\"isPartOf\":{\"@id\":\"http:\\\/\\\/dyvtour.cl\\\/es\\\/#website\"},\"primaryImageOfPage\":{\"@id\":\"http:\\\/\\\/dyvtour.cl\\\/es\\\/tour\\\/salida-a-restaurant-bali-hai\\\/#primaryimage\"},\"image\":{\"@id\":\"http:\\\/\\\/dyvtour.cl\\\/es\\\/tour\\\/salida-a-restaurant-bali-hai\\\/#primaryimage\"},\"thumbnailUrl\":\"http:\\\/\\\/dyvtour.cl\\\/wp-content\\\/uploads\\\/2025\\\/04\\\/Bali-Hai-12-Pequeno.png\",\"datePublished\":\"2025-04-05T22:36:17+00:00\",\"dateModified\":\"2026-04-09T00:03:11+00:00\",\"breadcrumb\":{\"@id\":\"http:\\\/\\\/dyvtour.cl\\\/es\\\/tour\\\/salida-a-restaurant-bali-hai\\\/#breadcrumb\"},\"inLanguage\":\"pt-BR\",\"potentialAction\":[{\"@type\":\"ReadAction\",\"target\":[\"http:\\\/\\\/dyvtour.cl\\\/es\\\/tour\\\/salida-a-restaurant-bali-hai\\\/\"]}]},{\"@type\":\"ImageObject\",\"inLanguage\":\"pt-BR\",\"@id\":\"http:\\\/\\\/dyvtour.cl\\\/es\\\/tour\\\/salida-a-restaurant-bali-hai\\\/#primaryimage\",\"url\":\"http:\\\/\\\/dyvtour.cl\\\/wp-content\\\/uploads\\\/2025\\\/04\\\/Bali-Hai-12-Pequeno.png\",\"contentUrl\":\"http:\\\/\\\/dyvtour.cl\\\/wp-content\\\/uploads\\\/2025\\\/04\\\/Bali-Hai-12-Pequeno.png\",\"width\":480,\"height\":720},{\"@type\":\"BreadcrumbList\",\"@id\":\"http:\\\/\\\/dyvtour.cl\\\/es\\\/tour\\\/salida-a-restaurant-bali-hai\\\/#breadcrumb\",\"itemListElement\":[{\"@type\":\"ListItem\",\"position\":1,\"name\":\"Portada\",\"item\":\"https:\\\/\\\/dyvtour.cl\\\/es\\\/\"},{\"@type\":\"ListItem\",\"position\":2,\"name\":\"Tienda\",\"item\":\"https:\\\/\\\/dyvtour.cl\\\/en\\\/tienda\\\/\"},{\"@type\":\"ListItem\",\"position\":3,\"name\":\"Salida aRestaurant Bali Hai\"}]},{\"@type\":\"WebSite\",\"@id\":\"http:\\\/\\\/dyvtour.cl\\\/es\\\/#website\",\"url\":\"http:\\\/\\\/dyvtour.cl\\\/es\\\/\",\"name\":\"DyV Tour\",\"description\":\"VIVE LA EXPERIENCIA\",\"publisher\":{\"@id\":\"http:\\\/\\\/dyvtour.cl\\\/es\\\/#organization\"},\"potentialAction\":[{\"@type\":\"SearchAction\",\"target\":{\"@type\":\"EntryPoint\",\"urlTemplate\":\"http:\\\/\\\/dyvtour.cl\\\/es\\\/?s={search_term_string}\"},\"query-input\":{\"@type\":\"PropertyValueSpecification\",\"valueRequired\":true,\"valueName\":\"search_term_string\"}}],\"inLanguage\":\"pt-BR\"},{\"@type\":\"Organization\",\"@id\":\"http:\\\/\\\/dyvtour.cl\\\/es\\\/#organization\",\"name\":\"DyV Tour\",\"url\":\"http:\\\/\\\/dyvtour.cl\\\/es\\\/\",\"logo\":{\"@type\":\"ImageObject\",\"inLanguage\":\"pt-BR\",\"@id\":\"http:\\\/\\\/dyvtour.cl\\\/es\\\/#\\\/schema\\\/logo\\\/image\\\/\",\"url\":\"http:\\\/\\\/dyvtour.cl\\\/wp-content\\\/uploads\\\/2026\\\/04\\\/logotipo-transparente_1_tour-dv-tour-chile.webp\",\"contentUrl\":\"http:\\\/\\\/dyvtour.cl\\\/wp-content\\\/uploads\\\/2026\\\/04\\\/logotipo-transparente_1_tour-dv-tour-chile.webp\",\"width\":350,\"height\":142,\"caption\":\"DyV Tour\"},\"image\":{\"@id\":\"http:\\\/\\\/dyvtour.cl\\\/es\\\/#\\\/schema\\\/logo\\\/image\\\/\"}}]}<\/script>\n<!-- \/ Yoast SEO Premium plugin. -->","yoast_head_json":{"title":"Salida aRestaurant Bali Hai - DyV Tour","robots":{"index":"index","follow":"follow","max-snippet":"max-snippet:-1","max-image-preview":"max-image-preview:large","max-video-preview":"max-video-preview:-1"},"canonical":"http:\/\/dyvtour.cl\/pt\/tour\/salida-a-restaurant-bali-hai\/","og_locale":"pt_BR","og_type":"article","og_title":"Salida aRestaurant Bali Hai","og_description":"\u00a1Vive una noche de magia con lo mejor de la gastronom\u00eda chilena e internacional! Si quieres conocer un poco m\u00e1s de la cultura nacional, acompa\u00f1ado de un buen vino chileno y una cena tradicional, no te puedes perder esta incre\u00edble experiencia que incluye shows de baile polin\u00e9sico.\u00a0 Un poco de historia\u2026 Bali Hai tiene una [&hellip;]","og_url":"http:\/\/dyvtour.cl\/pt\/tour\/salida-a-restaurant-bali-hai\/","og_site_name":"DyV Tour","article_modified_time":"2026-04-09T00:03:11+00:00","og_image":[{"width":480,"height":720,"url":"http:\/\/dyvtour.cl\/wp-content\/uploads\/2025\/04\/Bali-Hai-12-Pequeno.png","type":"image\/png"}],"twitter_card":"summary_large_image","twitter_misc":{"Est. tempo de leitura":"2 minutos"},"schema":{"@context":"https:\/\/schema.org","@graph":[{"@type":"WebPage","@id":"http:\/\/dyvtour.cl\/es\/tour\/salida-a-restaurant-bali-hai\/","url":"http:\/\/dyvtour.cl\/es\/tour\/salida-a-restaurant-bali-hai\/","name":"Salida a Restaurant Bali Hai - DyV Tour","isPartOf":{"@id":"http:\/\/dyvtour.cl\/es\/#website"},"primaryImageOfPage":{"@id":"http:\/\/dyvtour.cl\/es\/tour\/salida-a-restaurant-bali-hai\/#primaryimage"},"image":{"@id":"http:\/\/dyvtour.cl\/es\/tour\/salida-a-restaurant-bali-hai\/#primaryimage"},"thumbnailUrl":"http:\/\/dyvtour.cl\/wp-content\/uploads\/2025\/04\/Bali-Hai-12-Pequeno.png","datePublished":"2025-04-05T22:36:17+00:00","dateModified":"2026-04-09T00:03:11+00:00","breadcrumb":{"@id":"http:\/\/dyvtour.cl\/es\/tour\/salida-a-restaurant-bali-hai\/#breadcrumb"},"inLanguage":"pt-BR","potentialAction":[{"@type":"ReadAction","target":["http:\/\/dyvtour.cl\/es\/tour\/salida-a-restaurant-bali-hai\/"]}]},{"@type":"ImageObject","inLanguage":"pt-BR","@id":"http:\/\/dyvtour.cl\/es\/tour\/salida-a-restaurant-bali-hai\/#primaryimage","url":"http:\/\/dyvtour.cl\/wp-content\/uploads\/2025\/04\/Bali-Hai-12-Pequeno.png","contentUrl":"http:\/\/dyvtour.cl\/wp-content\/uploads\/2025\/04\/Bali-Hai-12-Pequeno.png","width":480,"height":720},{"@type":"BreadcrumbList","@id":"http:\/\/dyvtour.cl\/es\/tour\/salida-a-restaurant-bali-hai\/#breadcrumb","itemListElement":[{"@type":"ListItem","position":1,"name":"Portada","item":"https:\/\/dyvtour.cl\/es\/"},{"@type":"ListItem","position":2,"name":"Tienda","item":"https:\/\/dyvtour.cl\/en\/tienda\/"},{"@type":"ListItem","position":3,"name":"Salida aRestaurant Bali Hai"}]},{"@type":"WebSite","@id":"http:\/\/dyvtour.cl\/es\/#website","url":"http:\/\/dyvtour.cl\/es\/","name":"DyV Tour","description":"VIVE LA EXPERIENCIA","publisher":{"@id":"http:\/\/dyvtour.cl\/es\/#organization"},"potentialAction":[{"@type":"SearchAction","target":{"@type":"EntryPoint","urlTemplate":"http:\/\/dyvtour.cl\/es\/?s={search_term_string}"},"query-input":{"@type":"PropertyValueSpecification","valueRequired":true,"valueName":"search_term_string"}}],"inLanguage":"pt-BR"},{"@type":"Organization","@id":"http:\/\/dyvtour.cl\/es\/#organization","name":"DyV Tour","url":"http:\/\/dyvtour.cl\/es\/","logo":{"@type":"ImageObject","inLanguage":"pt-BR","@id":"http:\/\/dyvtour.cl\/es\/#\/schema\/logo\/image\/","url":"http:\/\/dyvtour.cl\/wp-content\/uploads\/2026\/04\/logotipo-transparente_1_tour-dv-tour-chile.webp","contentUrl":"http:\/\/dyvtour.cl\/wp-content\/uploads\/2026\/04\/logotipo-transparente_1_tour-dv-tour-chile.webp","width":350,"height":142,"caption":"DyV Tour"},"image":{"@id":"http:\/\/dyvtour.cl\/es\/#\/schema\/logo\/image\/"}}]}},"_links":{"self":[{"href":"http:\/\/dyvtour.cl\/pt\/wp-json\/wp\/v2\/product\/179","targetHints":{"allow":["GET"]}}],"collection":[{"href":"http:\/\/dyvtour.cl\/pt\/wp-json\/wp\/v2\/product"}],"about":[{"href":"http:\/\/dyvtour.cl\/pt\/wp-json\/wp\/v2\/types\/product"}],"wp:featuredmedia":[{"embeddable":true,"href":"http:\/\/dyvtour.cl\/pt\/wp-json\/wp\/v2\/media\/1488"}],"wp:attachment":[{"href":"http:\/\/dyvtour.cl\/pt\/wp-json\/wp\/v2\/media?parent=179"}],"wp:term":[{"taxonomy":"product_brand","embeddable":true,"href":"http:\/\/dyvtour.cl\/pt\/wp-json\/wp\/v2\/product_brand?post=179"},{"taxonomy":"product_cat","embeddable":true,"href":"http:\/\/dyvtour.cl\/pt\/wp-json\/wp\/v2\/product_cat?post=179"},{"taxonomy":"product_tag","embeddable":true,"href":"http:\/\/dyvtour.cl\/pt\/wp-json\/wp\/v2\/product_tag?post=179"}],"curies":[{"name":"wp","href":"https:\/\/api.w.org\/{rel}","templated":true}]}}