{"id":122,"date":"2025-04-05T18:44:50","date_gmt":"2025-04-05T21:44:50","guid":{"rendered":"http:\/\/dyvtour.cl\/?post_type=product&#038;p=122"},"modified":"2026-04-07T22:55:16","modified_gmt":"2026-04-08T01:55:16","slug":"tour-valparaiso-vina-del-mar","status":"publish","type":"product","link":"http:\/\/dyvtour.cl\/pt\/tour\/tour-valparaiso-vina-del-mar\/","title":{"rendered":"Percorrer<br> Valpara\u00edso + Vi\u00f1a del Mar"},"content":{"rendered":"<ul>\n<li><span style=\"font-weight: 400;\">Venha descobrir nossa costa central do Oceano Pac\u00edfico <\/span><b>Regi\u00e3o de Valpara\u00edso<\/b><span style=\"font-weight: 400;\">, onde voc\u00ea aprender\u00e1 sobre a hist\u00f3ria de centros tur\u00edsticos ic\u00f4nicos e desfrutar\u00e1 de algumas das melhores experi\u00eancias explorando a arquitetura e a cultura chilenas.<\/span><\/li>\n<li><span style=\"font-weight: 400;\">Come\u00e7amos com a primeira parada tur\u00edstica na cidade de <\/span><b>Casablanca, <\/b><span style=\"font-weight: 400;\">onde voc\u00ea pode tomar caf\u00e9 da manh\u00e3 e repor as energias para come\u00e7ar essa experi\u00eancia maravilhosa.<br \/>\n<\/span><span style=\"font-weight: 400;\">Depois de sair de Casablanca, chegaremos \u00e0 cidade hist\u00f3rica de <\/span><b>Valpara\u00edso<\/b><span style=\"font-weight: 400;\">Aqui conheceremos uma das tr\u00eas casas do poeta chileno. <\/span><b>Pablo Neruda, <\/b><span style=\"font-weight: 400;\">que \u00e9 conhecido internacionalmente por suas realiza\u00e7\u00f5es como escritor.<\/span><\/li>\n<li><span style=\"font-weight: 400;\">Depois de deixar a hist\u00f3ria de Pablo Neruda, vamos explorar a<\/span><b> cora\u00e7\u00e3o de Valpara\u00edso<\/b><span style=\"font-weight: 400;\"> para conhecer o bairro art\u00edstico. N\u00f3s realizaremos uma <\/span><b>caminhada<\/b><span style=\"font-weight: 400;\">, junto com nosso guia, explicando a hist\u00f3ria de cada lugar que visitaremos. \u00c9 um passeio muito divertido e cheio de hist\u00f3ria que voc\u00ea poder\u00e1 vivenciar.<\/span><\/li>\n<li><span style=\"font-weight: 400;\">A seguir, iremos percorrer o <\/span><b>Pra\u00e7a Sotomayor, <\/b><span style=\"font-weight: 400;\">que \u00e9 considerado o maior centro c\u00edvico da cidade. Aqui contemplaremos v\u00e1rios monumentos aos nossos her\u00f3is que lutaram e sacrificaram suas vidas na Guerra do Pac\u00edfico de 1879.<\/span><\/li>\n<li><span style=\"font-weight: 400;\">Nossa pr\u00f3xima parada \u00e9 o <\/span><b>Rel\u00f3gio de flores<\/b><span style=\"font-weight: 400;\">, na cidade-jardim de<\/span><b> Vinhedo do Mar.<\/b><span style=\"font-weight: 400;\"> Esta atra\u00e7\u00e3o tur\u00edstica foi inaugurada em 1962 para receber os visitantes da Copa do Mundo, que foi realizada no Chile. Este jardim tem mais de 8.000 flores e plantas e \u00e9 um dos lugares mais fotografados pelos turistas.<\/span><\/li>\n<li><span style=\"font-weight: 400;\">Ap\u00f3s a visita ao Rel\u00f3gio de Flores, visitaremos o <\/span><b>Museu Fonck,<\/b><span style=\"font-weight: 400;\"> um s\u00edtio hist\u00f3rico caracterizado por suas antiguidades e um Moai protegido de Rapa Nui.<\/span><\/li>\n<li><span style=\"font-weight: 400;\">No final do passeio, iremos a um dos restaurantes de Vi\u00f1a del Mar para almo\u00e7ar com vista para o Oceano Pac\u00edfico, que terminar\u00e1 em um<\/span><b> Praia de Vi\u00f1a del Mar<\/b><span style=\"font-weight: 400;\">, onde teremos tempo para descansar na areia e contemplar o mar.<\/span><\/li>\n<\/ul>","protected":false},"excerpt":{"rendered":"<p>Ven a conocer nuestra costa central del oc\u00e9ano Pac\u00edfico de la Regi\u00f3n de Valpara\u00edso, donde conocer\u00e1s la historia de emblem\u00e1ticos centros tur\u00edsticos y tener unas de las mejores experiencias de visita a la arquitectura y cultura chilena. Comenzamos con la primera parada tur\u00edstica en la localidad de Casablanca, donde podr\u00e1s tomar desayuno y reponer tus [&hellip;]<\/p>","protected":false},"featured_media":1131,"template":"","meta":{"_acf_changed":false},"product_brand":[],"product_cat":[20],"product_tag":[],"class_list":{"0":"post-122","1":"product","2":"type-product","3":"status-publish","4":"has-post-thumbnail","6":"product_cat-litoral","8":"first","9":"instock","10":"shipping-taxable","11":"product-type-simple"},"acf":[],"yoast_head":"<!-- This site is optimized with the Yoast SEO Premium plugin v22.0 (Yoast SEO v27.3) - https:\/\/yoast.com\/product\/yoast-seo-premium-wordpress\/ -->\n<title>Tour Valpara\u00cdso + Vi\u00f1a del Mar - DyV Tour<\/title>\n<meta name=\"robots\" content=\"index, follow, max-snippet:-1, max-image-preview:large, max-video-preview:-1\" \/>\n<link rel=\"canonical\" href=\"https:\/\/dyvtour.cl\/pt\/tour\/tour-valparaiso-vina-del-mar\/\" \/>\n<meta property=\"og:locale\" content=\"pt_BR\" \/>\n<meta property=\"og:type\" content=\"article\" \/>\n<meta property=\"og:title\" content=\"Tour Valpara\u00cdso + Vi\u00f1a del Mar\" \/>\n<meta property=\"og:description\" content=\"Ven a conocer nuestra costa central del oc\u00e9ano Pac\u00edfico de la Regi\u00f3n de Valpara\u00edso, donde conocer\u00e1s la historia de emblem\u00e1ticos centros tur\u00edsticos y tener unas de las mejores experiencias de visita a la arquitectura y cultura chilena. Comenzamos con la primera parada tur\u00edstica en la localidad de Casablanca, donde podr\u00e1s tomar desayuno y reponer tus [&hellip;]\" \/>\n<meta property=\"og:url\" content=\"https:\/\/dyvtour.cl\/pt\/tour\/tour-valparaiso-vina-del-mar\/\" \/>\n<meta property=\"og:site_name\" content=\"DyV Tour\" \/>\n<meta property=\"article:modified_time\" content=\"2026-04-08T01:55:16+00:00\" \/>\n<meta property=\"og:image\" content=\"https:\/\/dyvtour.cl\/wp-content\/uploads\/2025\/04\/Tour-Valparaiso-Vina-del-Mar-1-Pequeno.png\" \/>\n\t<meta property=\"og:image:width\" content=\"480\" \/>\n\t<meta property=\"og:image:height\" content=\"720\" \/>\n\t<meta property=\"og:image:type\" content=\"image\/png\" \/>\n<meta name=\"twitter:card\" content=\"summary_large_image\" \/>\n<meta name=\"twitter:label1\" content=\"Est. tempo de leitura\" \/>\n\t<meta name=\"twitter:data1\" content=\"2 minutos\" \/>\n<script type=\"application\/ld+json\" class=\"yoast-schema-graph\">{\"@context\":\"https:\\\/\\\/schema.org\",\"@graph\":[{\"@type\":\"WebPage\",\"@id\":\"https:\\\/\\\/dyvtour.cl\\\/pt\\\/tour\\\/tour-valparaiso-vina-del-mar\\\/\",\"url\":\"https:\\\/\\\/dyvtour.cl\\\/pt\\\/tour\\\/tour-valparaiso-vina-del-mar\\\/\",\"name\":\"Tour Valpara\u00cdso + Vi\u00f1a del Mar - DyV Tour\",\"isPartOf\":{\"@id\":\"http:\\\/\\\/dyvtour.cl\\\/es\\\/#website\"},\"primaryImageOfPage\":{\"@id\":\"https:\\\/\\\/dyvtour.cl\\\/pt\\\/tour\\\/tour-valparaiso-vina-del-mar\\\/#primaryimage\"},\"image\":{\"@id\":\"https:\\\/\\\/dyvtour.cl\\\/pt\\\/tour\\\/tour-valparaiso-vina-del-mar\\\/#primaryimage\"},\"thumbnailUrl\":\"http:\\\/\\\/dyvtour.cl\\\/wp-content\\\/uploads\\\/2025\\\/04\\\/Tour-Valparaiso-Vina-del-Mar-1-Pequeno.png\",\"datePublished\":\"2025-04-05T21:44:50+00:00\",\"dateModified\":\"2026-04-08T01:55:16+00:00\",\"breadcrumb\":{\"@id\":\"https:\\\/\\\/dyvtour.cl\\\/pt\\\/tour\\\/tour-valparaiso-vina-del-mar\\\/#breadcrumb\"},\"inLanguage\":\"pt-BR\",\"potentialAction\":[{\"@type\":\"ReadAction\",\"target\":[\"https:\\\/\\\/dyvtour.cl\\\/pt\\\/tour\\\/tour-valparaiso-vina-del-mar\\\/\"]}]},{\"@type\":\"ImageObject\",\"inLanguage\":\"pt-BR\",\"@id\":\"https:\\\/\\\/dyvtour.cl\\\/pt\\\/tour\\\/tour-valparaiso-vina-del-mar\\\/#primaryimage\",\"url\":\"http:\\\/\\\/dyvtour.cl\\\/wp-content\\\/uploads\\\/2025\\\/04\\\/Tour-Valparaiso-Vina-del-Mar-1-Pequeno.png\",\"contentUrl\":\"http:\\\/\\\/dyvtour.cl\\\/wp-content\\\/uploads\\\/2025\\\/04\\\/Tour-Valparaiso-Vina-del-Mar-1-Pequeno.png\",\"width\":480,\"height\":720},{\"@type\":\"BreadcrumbList\",\"@id\":\"https:\\\/\\\/dyvtour.cl\\\/pt\\\/tour\\\/tour-valparaiso-vina-del-mar\\\/#breadcrumb\",\"itemListElement\":[{\"@type\":\"ListItem\",\"position\":1,\"name\":\"Portada\",\"item\":\"https:\\\/\\\/dyvtour.cl\\\/es\\\/\"},{\"@type\":\"ListItem\",\"position\":2,\"name\":\"Tienda\",\"item\":\"https:\\\/\\\/dyvtour.cl\\\/en\\\/tienda\\\/\"},{\"@type\":\"ListItem\",\"position\":3,\"name\":\"Tour Valpara\u00cdso + Vi\u00f1a del Mar\"}]},{\"@type\":\"WebSite\",\"@id\":\"http:\\\/\\\/dyvtour.cl\\\/es\\\/#website\",\"url\":\"http:\\\/\\\/dyvtour.cl\\\/es\\\/\",\"name\":\"DyV Tour\",\"description\":\"VIVE LA EXPERIENCIA\",\"publisher\":{\"@id\":\"http:\\\/\\\/dyvtour.cl\\\/es\\\/#organization\"},\"potentialAction\":[{\"@type\":\"SearchAction\",\"target\":{\"@type\":\"EntryPoint\",\"urlTemplate\":\"http:\\\/\\\/dyvtour.cl\\\/es\\\/?s={search_term_string}\"},\"query-input\":{\"@type\":\"PropertyValueSpecification\",\"valueRequired\":true,\"valueName\":\"search_term_string\"}}],\"inLanguage\":\"pt-BR\"},{\"@type\":\"Organization\",\"@id\":\"http:\\\/\\\/dyvtour.cl\\\/es\\\/#organization\",\"name\":\"DyV Tour\",\"url\":\"http:\\\/\\\/dyvtour.cl\\\/es\\\/\",\"logo\":{\"@type\":\"ImageObject\",\"inLanguage\":\"pt-BR\",\"@id\":\"http:\\\/\\\/dyvtour.cl\\\/es\\\/#\\\/schema\\\/logo\\\/image\\\/\",\"url\":\"http:\\\/\\\/dyvtour.cl\\\/wp-content\\\/uploads\\\/2026\\\/04\\\/logotipo-transparente_1_tour-dv-tour-chile.webp\",\"contentUrl\":\"http:\\\/\\\/dyvtour.cl\\\/wp-content\\\/uploads\\\/2026\\\/04\\\/logotipo-transparente_1_tour-dv-tour-chile.webp\",\"width\":350,\"height\":142,\"caption\":\"DyV Tour\"},\"image\":{\"@id\":\"http:\\\/\\\/dyvtour.cl\\\/es\\\/#\\\/schema\\\/logo\\\/image\\\/\"}}]}<\/script>\n<!-- \/ Yoast SEO Premium plugin. -->","yoast_head_json":{"title":"Tour Valpara\u00cdso + Vi\u00f1a del Mar - DyV Tour","robots":{"index":"index","follow":"follow","max-snippet":"max-snippet:-1","max-image-preview":"max-image-preview:large","max-video-preview":"max-video-preview:-1"},"canonical":"https:\/\/dyvtour.cl\/pt\/tour\/tour-valparaiso-vina-del-mar\/","og_locale":"pt_BR","og_type":"article","og_title":"Tour Valpara\u00cdso + Vi\u00f1a del Mar","og_description":"Ven a conocer nuestra costa central del oc\u00e9ano Pac\u00edfico de la Regi\u00f3n de Valpara\u00edso, donde conocer\u00e1s la historia de emblem\u00e1ticos centros tur\u00edsticos y tener unas de las mejores experiencias de visita a la arquitectura y cultura chilena. Comenzamos con la primera parada tur\u00edstica en la localidad de Casablanca, donde podr\u00e1s tomar desayuno y reponer tus [&hellip;]","og_url":"https:\/\/dyvtour.cl\/pt\/tour\/tour-valparaiso-vina-del-mar\/","og_site_name":"DyV Tour","article_modified_time":"2026-04-08T01:55:16+00:00","og_image":[{"width":480,"height":720,"url":"https:\/\/dyvtour.cl\/wp-content\/uploads\/2025\/04\/Tour-Valparaiso-Vina-del-Mar-1-Pequeno.png","type":"image\/png"}],"twitter_card":"summary_large_image","twitter_misc":{"Est. tempo de leitura":"2 minutos"},"schema":{"@context":"https:\/\/schema.org","@graph":[{"@type":"WebPage","@id":"https:\/\/dyvtour.cl\/pt\/tour\/tour-valparaiso-vina-del-mar\/","url":"https:\/\/dyvtour.cl\/pt\/tour\/tour-valparaiso-vina-del-mar\/","name":"Tour Valpara\u00cdso + Vi\u00f1a del Mar - DyV Tour","isPartOf":{"@id":"http:\/\/dyvtour.cl\/es\/#website"},"primaryImageOfPage":{"@id":"https:\/\/dyvtour.cl\/pt\/tour\/tour-valparaiso-vina-del-mar\/#primaryimage"},"image":{"@id":"https:\/\/dyvtour.cl\/pt\/tour\/tour-valparaiso-vina-del-mar\/#primaryimage"},"thumbnailUrl":"http:\/\/dyvtour.cl\/wp-content\/uploads\/2025\/04\/Tour-Valparaiso-Vina-del-Mar-1-Pequeno.png","datePublished":"2025-04-05T21:44:50+00:00","dateModified":"2026-04-08T01:55:16+00:00","breadcrumb":{"@id":"https:\/\/dyvtour.cl\/pt\/tour\/tour-valparaiso-vina-del-mar\/#breadcrumb"},"inLanguage":"pt-BR","potentialAction":[{"@type":"ReadAction","target":["https:\/\/dyvtour.cl\/pt\/tour\/tour-valparaiso-vina-del-mar\/"]}]},{"@type":"ImageObject","inLanguage":"pt-BR","@id":"https:\/\/dyvtour.cl\/pt\/tour\/tour-valparaiso-vina-del-mar\/#primaryimage","url":"http:\/\/dyvtour.cl\/wp-content\/uploads\/2025\/04\/Tour-Valparaiso-Vina-del-Mar-1-Pequeno.png","contentUrl":"http:\/\/dyvtour.cl\/wp-content\/uploads\/2025\/04\/Tour-Valparaiso-Vina-del-Mar-1-Pequeno.png","width":480,"height":720},{"@type":"BreadcrumbList","@id":"https:\/\/dyvtour.cl\/pt\/tour\/tour-valparaiso-vina-del-mar\/#breadcrumb","itemListElement":[{"@type":"ListItem","position":1,"name":"Portada","item":"https:\/\/dyvtour.cl\/es\/"},{"@type":"ListItem","position":2,"name":"Tienda","item":"https:\/\/dyvtour.cl\/en\/tienda\/"},{"@type":"ListItem","position":3,"name":"Tour Valpara\u00cdso + Vi\u00f1a del Mar"}]},{"@type":"WebSite","@id":"http:\/\/dyvtour.cl\/es\/#website","url":"http:\/\/dyvtour.cl\/es\/","name":"DyV Tour","description":"VIVE LA EXPERIENCIA","publisher":{"@id":"http:\/\/dyvtour.cl\/es\/#organization"},"potentialAction":[{"@type":"SearchAction","target":{"@type":"EntryPoint","urlTemplate":"http:\/\/dyvtour.cl\/es\/?s={search_term_string}"},"query-input":{"@type":"PropertyValueSpecification","valueRequired":true,"valueName":"search_term_string"}}],"inLanguage":"pt-BR"},{"@type":"Organization","@id":"http:\/\/dyvtour.cl\/es\/#organization","name":"DyV Tour","url":"http:\/\/dyvtour.cl\/es\/","logo":{"@type":"ImageObject","inLanguage":"pt-BR","@id":"http:\/\/dyvtour.cl\/es\/#\/schema\/logo\/image\/","url":"http:\/\/dyvtour.cl\/wp-content\/uploads\/2026\/04\/logotipo-transparente_1_tour-dv-tour-chile.webp","contentUrl":"http:\/\/dyvtour.cl\/wp-content\/uploads\/2026\/04\/logotipo-transparente_1_tour-dv-tour-chile.webp","width":350,"height":142,"caption":"DyV Tour"},"image":{"@id":"http:\/\/dyvtour.cl\/es\/#\/schema\/logo\/image\/"}}]}},"_links":{"self":[{"href":"http:\/\/dyvtour.cl\/pt\/wp-json\/wp\/v2\/product\/122","targetHints":{"allow":["GET"]}}],"collection":[{"href":"http:\/\/dyvtour.cl\/pt\/wp-json\/wp\/v2\/product"}],"about":[{"href":"http:\/\/dyvtour.cl\/pt\/wp-json\/wp\/v2\/types\/product"}],"wp:featuredmedia":[{"embeddable":true,"href":"http:\/\/dyvtour.cl\/pt\/wp-json\/wp\/v2\/media\/1131"}],"wp:attachment":[{"href":"http:\/\/dyvtour.cl\/pt\/wp-json\/wp\/v2\/media?parent=122"}],"wp:term":[{"taxonomy":"product_brand","embeddable":true,"href":"http:\/\/dyvtour.cl\/pt\/wp-json\/wp\/v2\/product_brand?post=122"},{"taxonomy":"product_cat","embeddable":true,"href":"http:\/\/dyvtour.cl\/pt\/wp-json\/wp\/v2\/product_cat?post=122"},{"taxonomy":"product_tag","embeddable":true,"href":"http:\/\/dyvtour.cl\/pt\/wp-json\/wp\/v2\/product_tag?post=122"}],"curies":[{"name":"wp","href":"https:\/\/api.w.org\/{rel}","templated":true}]}}