{"id":209,"date":"2025-04-05T20:16:11","date_gmt":"2025-04-05T23:16:11","guid":{"rendered":"http:\/\/dyvtour.cl\/?post_type=product&#038;p=209"},"modified":"2026-04-08T20:25:03","modified_gmt":"2026-04-08T23:25:03","slug":"portillolaguna-del-inca","status":"publish","type":"product","link":"http:\/\/dyvtour.cl\/es\/tour\/portillolaguna-del-inca\/","title":{"rendered":"PORTILLO<br> + LAGUNA DEL INCA"},"content":{"rendered":"<p><span style=\"font-weight: 400;\">\u00bfListo para una nueva aventura? Tour Portillo y laguna del inca es una experiencia maravillosa con vistas panor\u00e1micas y con una historia cultural que tendr\u00e1s que descubrir en esta nueva aventura.<\/span><span style=\"font-weight: 400;\">\u00a0<\/span><\/p>\n<p><span style=\"font-weight: 400;\">Iniciamos el viaje con la primera parada en lugar llamado chacabuco a 45 minutos de Santiago, este lugar aconteci\u00f3 la batalla de Chacabuco donde hubo un enfrentamiento clave por la independencia de chile, UD va a conocer m\u00e1s sobre esta historia en esa parada.<\/span><\/p>\n<p><span style=\"font-weight: 400;\">Despu\u00e9s de haber terminado de tomar un caf\u00e9 por la ma\u00f1ana seguiremos hasta llegar un lugar lleno de historia<\/span><\/p>\n<p><span style=\"font-weight: 400;\">\u00abSalto del soldado\u00bb patriota perseguido por un gran ej\u00e9rcito realizando un gran salto. Es una historia que no te podr\u00e1s perder.<\/span><\/p>\n<p><span style=\"font-weight: 400;\">Continuamos con esta gran traves\u00eda y llegaremos un famoso lugar y conocidos paso fronterizo los caracoles conocido por sus 29 curvas que alcanza una altitud de 3.200 mts sobre el nivel del mar <\/span><span style=\"font-weight: 400;\">realizaremos est\u00e1 parada para que puedan observar la estructura y forma de un caracol y sacar unas fotos panor\u00e1micas para el recuerdo.<\/span><\/p>\n<p><span style=\"font-weight: 400;\">Despu\u00e9s de dejar los caracoles \u00a0 llegaremos a cruzar la frontera de argentina donde estar\u00e1 cerca de la l\u00ednea y divisi\u00f3n entre 2 pa\u00edses.<\/span><\/p>\n<p><span style=\"font-weight: 400;\">Es muy divertido estar en 2 pa\u00edses al mismo tiempo donde ver\u00e1s la aduana chilena y otros paisajes.<\/span><span style=\"font-weight: 400;\">\u00a0<\/span><\/p>\n<p><span style=\"font-weight: 400;\">A continuaci\u00f3n llegaremos a un lugar muy conocido y tur\u00edstico Laguna del inca, este lugar tiene una historia muy interesante y apasionada y te dar\u00e1s cuenta por qu\u00e9 la\u00a0 laguna tiene un color\u00a0 azul esmeralda.<\/span><\/p>\n<p><span style=\"font-weight: 400;\">Es unas de las mejores vistas que podr\u00e1s tener en este maravilloso tour y adem\u00e1s podr\u00e1s contemplar el primer centro de ski m\u00e1s antigua de Chile y\u00a0 de Am\u00e9rica del sur y forma parte importante de la historia del ski mundial.<\/span><span style=\"font-weight: 400;\">\u00a0<\/span><\/p>\n<p><span style=\"font-weight: 400;\">Para finalizar este hermoso tour que nutre con su historia y su majestuosa naturaleza de los andes buscaremos un local clave para compartir un delicioso picnic para poder disfrutar, relajarse y reflexionar que toda esta aventura \u00a0 fue emocionante y recuerda viajar es expandir tu alma y tu mente.<\/span><\/p>\n","protected":false},"excerpt":{"rendered":"<p>\u00bfListo para una nueva aventura? Tour Portillo y laguna del inca es una experiencia maravillosa con vistas panor\u00e1micas y con una historia cultural que tendr\u00e1s que descubrir en esta nueva aventura.\u00a0 Iniciamos el viaje con la primera parada en lugar llamado chacabuco a 45 minutos de Santiago, este lugar aconteci\u00f3 la batalla de Chacabuco donde [&hellip;]<\/p>\n","protected":false},"featured_media":219,"template":"","meta":{"_acf_changed":false},"product_brand":[],"product_cat":[21],"product_tag":[],"class_list":{"0":"post-209","1":"product","2":"type-product","3":"status-publish","4":"has-post-thumbnail","6":"product_cat-nieve","8":"first","9":"instock","10":"shipping-taxable","11":"product-type-simple"},"acf":[],"yoast_head":"<!-- This site is optimized with the Yoast SEO Premium plugin v22.0 (Yoast SEO v27.3) - https:\/\/yoast.com\/product\/yoast-seo-premium-wordpress\/ -->\n<title>PORTILLO + LAGUNA DEL INCA - DyV Tour<\/title>\n<meta name=\"robots\" content=\"index, follow, max-snippet:-1, max-image-preview:large, max-video-preview:-1\" \/>\n<link rel=\"canonical\" href=\"https:\/\/dyvtour.cl\/es\/tour\/portillolaguna-del-inca\/\" \/>\n<meta property=\"og:locale\" content=\"es_ES\" \/>\n<meta property=\"og:type\" content=\"article\" \/>\n<meta property=\"og:title\" content=\"PORTILLO + LAGUNA DEL INCA\" \/>\n<meta property=\"og:description\" content=\"\u00bfListo para una nueva aventura? Tour Portillo y laguna del inca es una experiencia maravillosa con vistas panor\u00e1micas y con una historia cultural que tendr\u00e1s que descubrir en esta nueva aventura.\u00a0 Iniciamos el viaje con la primera parada en lugar llamado chacabuco a 45 minutos de Santiago, este lugar aconteci\u00f3 la batalla de Chacabuco donde [&hellip;]\" \/>\n<meta property=\"og:url\" content=\"https:\/\/dyvtour.cl\/es\/tour\/portillolaguna-del-inca\/\" \/>\n<meta property=\"og:site_name\" content=\"DyV Tour\" \/>\n<meta property=\"article:modified_time\" content=\"2026-04-08T23:25:03+00:00\" \/>\n<meta property=\"og:image\" content=\"https:\/\/dyvtour.cl\/wp-content\/uploads\/2025\/04\/IMG-20250315-WA0189.jpg\" \/>\n\t<meta property=\"og:image:width\" content=\"1448\" \/>\n\t<meta property=\"og:image:height\" content=\"1086\" \/>\n\t<meta property=\"og:image:type\" content=\"image\/jpeg\" \/>\n<meta name=\"twitter:card\" content=\"summary_large_image\" \/>\n<meta name=\"twitter:label1\" content=\"Tiempo de lectura\" \/>\n\t<meta name=\"twitter:data1\" content=\"2 minutos\" \/>\n<script type=\"application\/ld+json\" class=\"yoast-schema-graph\">{\"@context\":\"https:\\\/\\\/schema.org\",\"@graph\":[{\"@type\":\"WebPage\",\"@id\":\"https:\\\/\\\/dyvtour.cl\\\/es\\\/tour\\\/portillolaguna-del-inca\\\/\",\"url\":\"https:\\\/\\\/dyvtour.cl\\\/es\\\/tour\\\/portillolaguna-del-inca\\\/\",\"name\":\"PORTILLO + LAGUNA DEL INCA - DyV Tour\",\"isPartOf\":{\"@id\":\"https:\\\/\\\/dyvtour.cl\\\/en\\\/#website\"},\"primaryImageOfPage\":{\"@id\":\"https:\\\/\\\/dyvtour.cl\\\/es\\\/tour\\\/portillolaguna-del-inca\\\/#primaryimage\"},\"image\":{\"@id\":\"https:\\\/\\\/dyvtour.cl\\\/es\\\/tour\\\/portillolaguna-del-inca\\\/#primaryimage\"},\"thumbnailUrl\":\"http:\\\/\\\/dyvtour.cl\\\/wp-content\\\/uploads\\\/2025\\\/04\\\/IMG-20250315-WA0189.jpg\",\"datePublished\":\"2025-04-05T23:16:11+00:00\",\"dateModified\":\"2026-04-08T23:25:03+00:00\",\"breadcrumb\":{\"@id\":\"https:\\\/\\\/dyvtour.cl\\\/es\\\/tour\\\/portillolaguna-del-inca\\\/#breadcrumb\"},\"inLanguage\":\"es\",\"potentialAction\":[{\"@type\":\"ReadAction\",\"target\":[\"https:\\\/\\\/dyvtour.cl\\\/es\\\/tour\\\/portillolaguna-del-inca\\\/\"]}]},{\"@type\":\"ImageObject\",\"inLanguage\":\"es\",\"@id\":\"https:\\\/\\\/dyvtour.cl\\\/es\\\/tour\\\/portillolaguna-del-inca\\\/#primaryimage\",\"url\":\"http:\\\/\\\/dyvtour.cl\\\/wp-content\\\/uploads\\\/2025\\\/04\\\/IMG-20250315-WA0189.jpg\",\"contentUrl\":\"http:\\\/\\\/dyvtour.cl\\\/wp-content\\\/uploads\\\/2025\\\/04\\\/IMG-20250315-WA0189.jpg\",\"width\":1448,\"height\":1086},{\"@type\":\"BreadcrumbList\",\"@id\":\"https:\\\/\\\/dyvtour.cl\\\/es\\\/tour\\\/portillolaguna-del-inca\\\/#breadcrumb\",\"itemListElement\":[{\"@type\":\"ListItem\",\"position\":1,\"name\":\"Portada\",\"item\":\"https:\\\/\\\/dyvtour.cl\\\/en\\\/\"},{\"@type\":\"ListItem\",\"position\":2,\"name\":\"Tienda\",\"item\":\"http:\\\/\\\/dyvtour.cl\\\/es\\\/tienda\\\/\"},{\"@type\":\"ListItem\",\"position\":3,\"name\":\"PORTILLO + LAGUNA DEL INCA\"}]},{\"@type\":\"WebSite\",\"@id\":\"https:\\\/\\\/dyvtour.cl\\\/en\\\/#website\",\"url\":\"https:\\\/\\\/dyvtour.cl\\\/en\\\/\",\"name\":\"DyV Tour\",\"description\":\"VIVE LA EXPERIENCIA\",\"publisher\":{\"@id\":\"https:\\\/\\\/dyvtour.cl\\\/en\\\/#organization\"},\"potentialAction\":[{\"@type\":\"SearchAction\",\"target\":{\"@type\":\"EntryPoint\",\"urlTemplate\":\"https:\\\/\\\/dyvtour.cl\\\/en\\\/?s={search_term_string}\"},\"query-input\":{\"@type\":\"PropertyValueSpecification\",\"valueRequired\":true,\"valueName\":\"search_term_string\"}}],\"inLanguage\":\"es\"},{\"@type\":\"Organization\",\"@id\":\"https:\\\/\\\/dyvtour.cl\\\/en\\\/#organization\",\"name\":\"DyV Tour\",\"url\":\"https:\\\/\\\/dyvtour.cl\\\/en\\\/\",\"logo\":{\"@type\":\"ImageObject\",\"inLanguage\":\"es\",\"@id\":\"https:\\\/\\\/dyvtour.cl\\\/en\\\/#\\\/schema\\\/logo\\\/image\\\/\",\"url\":\"http:\\\/\\\/dyvtour.cl\\\/wp-content\\\/uploads\\\/2026\\\/04\\\/logotipo-transparente_1_tour-dv-tour-chile.webp\",\"contentUrl\":\"http:\\\/\\\/dyvtour.cl\\\/wp-content\\\/uploads\\\/2026\\\/04\\\/logotipo-transparente_1_tour-dv-tour-chile.webp\",\"width\":350,\"height\":142,\"caption\":\"DyV Tour\"},\"image\":{\"@id\":\"https:\\\/\\\/dyvtour.cl\\\/en\\\/#\\\/schema\\\/logo\\\/image\\\/\"}}]}<\/script>\n<!-- \/ Yoast SEO Premium plugin. -->","yoast_head_json":{"title":"PORTILLO + LAGUNA DEL INCA - DyV Tour","robots":{"index":"index","follow":"follow","max-snippet":"max-snippet:-1","max-image-preview":"max-image-preview:large","max-video-preview":"max-video-preview:-1"},"canonical":"https:\/\/dyvtour.cl\/es\/tour\/portillolaguna-del-inca\/","og_locale":"es_ES","og_type":"article","og_title":"PORTILLO + LAGUNA DEL INCA","og_description":"\u00bfListo para una nueva aventura? Tour Portillo y laguna del inca es una experiencia maravillosa con vistas panor\u00e1micas y con una historia cultural que tendr\u00e1s que descubrir en esta nueva aventura.\u00a0 Iniciamos el viaje con la primera parada en lugar llamado chacabuco a 45 minutos de Santiago, este lugar aconteci\u00f3 la batalla de Chacabuco donde [&hellip;]","og_url":"https:\/\/dyvtour.cl\/es\/tour\/portillolaguna-del-inca\/","og_site_name":"DyV Tour","article_modified_time":"2026-04-08T23:25:03+00:00","og_image":[{"width":1448,"height":1086,"url":"https:\/\/dyvtour.cl\/wp-content\/uploads\/2025\/04\/IMG-20250315-WA0189.jpg","type":"image\/jpeg"}],"twitter_card":"summary_large_image","twitter_misc":{"Tiempo de lectura":"2 minutos"},"schema":{"@context":"https:\/\/schema.org","@graph":[{"@type":"WebPage","@id":"https:\/\/dyvtour.cl\/es\/tour\/portillolaguna-del-inca\/","url":"https:\/\/dyvtour.cl\/es\/tour\/portillolaguna-del-inca\/","name":"PORTILLO + LAGUNA DEL INCA - DyV Tour","isPartOf":{"@id":"https:\/\/dyvtour.cl\/en\/#website"},"primaryImageOfPage":{"@id":"https:\/\/dyvtour.cl\/es\/tour\/portillolaguna-del-inca\/#primaryimage"},"image":{"@id":"https:\/\/dyvtour.cl\/es\/tour\/portillolaguna-del-inca\/#primaryimage"},"thumbnailUrl":"http:\/\/dyvtour.cl\/wp-content\/uploads\/2025\/04\/IMG-20250315-WA0189.jpg","datePublished":"2025-04-05T23:16:11+00:00","dateModified":"2026-04-08T23:25:03+00:00","breadcrumb":{"@id":"https:\/\/dyvtour.cl\/es\/tour\/portillolaguna-del-inca\/#breadcrumb"},"inLanguage":"es","potentialAction":[{"@type":"ReadAction","target":["https:\/\/dyvtour.cl\/es\/tour\/portillolaguna-del-inca\/"]}]},{"@type":"ImageObject","inLanguage":"es","@id":"https:\/\/dyvtour.cl\/es\/tour\/portillolaguna-del-inca\/#primaryimage","url":"http:\/\/dyvtour.cl\/wp-content\/uploads\/2025\/04\/IMG-20250315-WA0189.jpg","contentUrl":"http:\/\/dyvtour.cl\/wp-content\/uploads\/2025\/04\/IMG-20250315-WA0189.jpg","width":1448,"height":1086},{"@type":"BreadcrumbList","@id":"https:\/\/dyvtour.cl\/es\/tour\/portillolaguna-del-inca\/#breadcrumb","itemListElement":[{"@type":"ListItem","position":1,"name":"Portada","item":"https:\/\/dyvtour.cl\/en\/"},{"@type":"ListItem","position":2,"name":"Tienda","item":"http:\/\/dyvtour.cl\/es\/tienda\/"},{"@type":"ListItem","position":3,"name":"PORTILLO + LAGUNA DEL INCA"}]},{"@type":"WebSite","@id":"https:\/\/dyvtour.cl\/en\/#website","url":"https:\/\/dyvtour.cl\/en\/","name":"DyV Tour","description":"VIVE LA EXPERIENCIA","publisher":{"@id":"https:\/\/dyvtour.cl\/en\/#organization"},"potentialAction":[{"@type":"SearchAction","target":{"@type":"EntryPoint","urlTemplate":"https:\/\/dyvtour.cl\/en\/?s={search_term_string}"},"query-input":{"@type":"PropertyValueSpecification","valueRequired":true,"valueName":"search_term_string"}}],"inLanguage":"es"},{"@type":"Organization","@id":"https:\/\/dyvtour.cl\/en\/#organization","name":"DyV Tour","url":"https:\/\/dyvtour.cl\/en\/","logo":{"@type":"ImageObject","inLanguage":"es","@id":"https:\/\/dyvtour.cl\/en\/#\/schema\/logo\/image\/","url":"http:\/\/dyvtour.cl\/wp-content\/uploads\/2026\/04\/logotipo-transparente_1_tour-dv-tour-chile.webp","contentUrl":"http:\/\/dyvtour.cl\/wp-content\/uploads\/2026\/04\/logotipo-transparente_1_tour-dv-tour-chile.webp","width":350,"height":142,"caption":"DyV Tour"},"image":{"@id":"https:\/\/dyvtour.cl\/en\/#\/schema\/logo\/image\/"}}]}},"_links":{"self":[{"href":"http:\/\/dyvtour.cl\/es\/wp-json\/wp\/v2\/product\/209","targetHints":{"allow":["GET"]}}],"collection":[{"href":"http:\/\/dyvtour.cl\/es\/wp-json\/wp\/v2\/product"}],"about":[{"href":"http:\/\/dyvtour.cl\/es\/wp-json\/wp\/v2\/types\/product"}],"wp:featuredmedia":[{"embeddable":true,"href":"http:\/\/dyvtour.cl\/es\/wp-json\/wp\/v2\/media\/219"}],"wp:attachment":[{"href":"http:\/\/dyvtour.cl\/es\/wp-json\/wp\/v2\/media?parent=209"}],"wp:term":[{"taxonomy":"product_brand","embeddable":true,"href":"http:\/\/dyvtour.cl\/es\/wp-json\/wp\/v2\/product_brand?post=209"},{"taxonomy":"product_cat","embeddable":true,"href":"http:\/\/dyvtour.cl\/es\/wp-json\/wp\/v2\/product_cat?post=209"},{"taxonomy":"product_tag","embeddable":true,"href":"http:\/\/dyvtour.cl\/es\/wp-json\/wp\/v2\/product_tag?post=209"}],"curies":[{"name":"wp","href":"https:\/\/api.w.org\/{rel}","templated":true}]}}