{"id":202,"date":"2025-04-05T20:09:42","date_gmt":"2025-04-05T23:09:42","guid":{"rendered":"http:\/\/dyvtour.cl\/?post_type=product&#038;p=202"},"modified":"2026-04-07T23:20:02","modified_gmt":"2026-04-08T02:20:02","slug":"sky-day-parque-farellonesticket","status":"publish","type":"product","link":"http:\/\/dyvtour.cl\/es\/tour\/sky-day-parque-farellonesticket\/","title":{"rendered":"Sky Day <br>Valle Nevado"},"content":{"rendered":"<p><span style=\"font-weight: 400;\">Sum\u00e9rgete a las actividades de los andes con muchas actividades que podr\u00e1s disfrutar y tener las mejores experiencias inolvidables.<\/span><\/p>\n<p><span style=\"font-weight: 400;\">al comprar tus entradas con nosotros ganaras mucho m\u00e1s tiempo para poder acceder al parque, como Agencia y estar acompa\u00f1ado con nuestro tour operador que les ayudar\u00e1 acceder al parque farellones y evitando largas filas.<\/span><span style=\"font-weight: 400;\">\u00a0<\/span><\/p>\n<p><span style=\"font-weight: 400;\">Tenemos 3 opciones para entrar al parque farellones:<\/span><\/p>\n<ol>\n<li><span style=\"font-weight: 400;\">Comprar en la boleter\u00eda.<\/span><\/li>\n<li><span style=\"font-weight: 400;\">Comprar por internet.<\/span><\/li>\n<li><span style=\"font-weight: 400;\">Comprar por nuestra agencia.<\/span><\/li>\n<\/ol>\n<p><span style=\"font-weight: 400;\">Cuando llegamos al parque farellones se genera 3 filas, una fila para comprar en\u00a0 boleter\u00eda, internet y a trav\u00e9s por agencia, como hab\u00edamos mencionado ganar\u00e1s mucho m\u00e1s tiempo comprando a trav\u00e9s con nosotros y\u00a0 respetando los mismos valores de ticket\u00a0 por internet y por boleter\u00eda, nuestra idea es que nuestros clientes tengan las mejores experiencias\u00a0 en esta divertida aventura y que aproveche todas las actividades que ofrece el parque farellones.<\/span><\/p>\n<p><span style=\"font-weight: 400;\">Los valores de los tickets de la entrada al parque farellones van a variar seg\u00fan la temporada que compren a trav\u00e9s de nuestro canal.<\/span><\/p>\n<p><span style=\"font-weight: 400;\"><strong>Temporada Alta:<\/strong> per\u00edodo entre el 20 de junio hasta el 31 de julio y del 14 al 17 de agosto 2025.<br \/>\n<\/span><span style=\"font-weight: 400;\"><strong>Temporada Baja:<\/strong> Todos los d\u00edas, excepto d\u00edas de temporada alta.<\/span><\/p>\n<p>&nbsp;<\/p>\n","protected":false},"excerpt":{"rendered":"<p>Sum\u00e9rgete a las actividades de los andes con muchas actividades que podr\u00e1s disfrutar y tener las mejores experiencias inolvidables. al comprar tus entradas con nosotros ganaras mucho m\u00e1s tiempo para poder acceder al parque, como Agencia y estar acompa\u00f1ado con nuestro tour operador que les ayudar\u00e1 acceder al parque farellones y evitando largas filas.\u00a0 Tenemos [&hellip;]<\/p>\n","protected":false},"featured_media":1121,"template":"","meta":{"_acf_changed":false},"product_brand":[],"product_cat":[21],"product_tag":[],"class_list":{"0":"post-202","1":"product","2":"type-product","3":"status-publish","4":"has-post-thumbnail","6":"product_cat-nieve","8":"first","9":"instock","10":"shipping-taxable","11":"product-type-simple"},"acf":[],"yoast_head":"<!-- This site is optimized with the Yoast SEO Premium plugin v22.0 (Yoast SEO v27.3) - https:\/\/yoast.com\/product\/yoast-seo-premium-wordpress\/ -->\n<title>Sky Day Valle Nevado - DyV Tour<\/title>\n<meta name=\"robots\" content=\"index, follow, max-snippet:-1, max-image-preview:large, max-video-preview:-1\" \/>\n<link rel=\"canonical\" href=\"https:\/\/dyvtour.cl\/es\/tour\/sky-day-parque-farellonesticket\/\" \/>\n<meta property=\"og:locale\" content=\"es_ES\" \/>\n<meta property=\"og:type\" content=\"article\" \/>\n<meta property=\"og:title\" content=\"Sky Day Valle Nevado\" \/>\n<meta property=\"og:description\" content=\"Sum\u00e9rgete a las actividades de los andes con muchas actividades que podr\u00e1s disfrutar y tener las mejores experiencias inolvidables. al comprar tus entradas con nosotros ganaras mucho m\u00e1s tiempo para poder acceder al parque, como Agencia y estar acompa\u00f1ado con nuestro tour operador que les ayudar\u00e1 acceder al parque farellones y evitando largas filas.\u00a0 Tenemos [&hellip;]\" \/>\n<meta property=\"og:url\" content=\"https:\/\/dyvtour.cl\/es\/tour\/sky-day-parque-farellonesticket\/\" \/>\n<meta property=\"og:site_name\" content=\"DyV Tour\" \/>\n<meta property=\"article:modified_time\" content=\"2026-04-08T02:20:02+00:00\" \/>\n<meta property=\"og:image\" content=\"https:\/\/dyvtour.cl\/wp-content\/uploads\/2025\/04\/SKI-DAY-VALLE-NEVADO-6-Pequeno-1.png\" \/>\n\t<meta property=\"og:image:width\" content=\"720\" \/>\n\t<meta property=\"og:image:height\" content=\"480\" \/>\n\t<meta property=\"og:image:type\" content=\"image\/png\" \/>\n<meta name=\"twitter:card\" content=\"summary_large_image\" \/>\n<meta name=\"twitter:label1\" content=\"Tiempo de lectura\" \/>\n\t<meta name=\"twitter:data1\" content=\"2 minutos\" \/>\n<script type=\"application\/ld+json\" class=\"yoast-schema-graph\">{\"@context\":\"https:\\\/\\\/schema.org\",\"@graph\":[{\"@type\":\"WebPage\",\"@id\":\"https:\\\/\\\/dyvtour.cl\\\/es\\\/tour\\\/sky-day-parque-farellonesticket\\\/\",\"url\":\"https:\\\/\\\/dyvtour.cl\\\/es\\\/tour\\\/sky-day-parque-farellonesticket\\\/\",\"name\":\"Sky Day Valle Nevado - DyV Tour\",\"isPartOf\":{\"@id\":\"https:\\\/\\\/dyvtour.cl\\\/en\\\/#website\"},\"primaryImageOfPage\":{\"@id\":\"https:\\\/\\\/dyvtour.cl\\\/es\\\/tour\\\/sky-day-parque-farellonesticket\\\/#primaryimage\"},\"image\":{\"@id\":\"https:\\\/\\\/dyvtour.cl\\\/es\\\/tour\\\/sky-day-parque-farellonesticket\\\/#primaryimage\"},\"thumbnailUrl\":\"http:\\\/\\\/dyvtour.cl\\\/wp-content\\\/uploads\\\/2025\\\/04\\\/SKI-DAY-VALLE-NEVADO-6-Pequeno-1.png\",\"datePublished\":\"2025-04-05T23:09:42+00:00\",\"dateModified\":\"2026-04-08T02:20:02+00:00\",\"breadcrumb\":{\"@id\":\"https:\\\/\\\/dyvtour.cl\\\/es\\\/tour\\\/sky-day-parque-farellonesticket\\\/#breadcrumb\"},\"inLanguage\":\"es\",\"potentialAction\":[{\"@type\":\"ReadAction\",\"target\":[\"https:\\\/\\\/dyvtour.cl\\\/es\\\/tour\\\/sky-day-parque-farellonesticket\\\/\"]}]},{\"@type\":\"ImageObject\",\"inLanguage\":\"es\",\"@id\":\"https:\\\/\\\/dyvtour.cl\\\/es\\\/tour\\\/sky-day-parque-farellonesticket\\\/#primaryimage\",\"url\":\"http:\\\/\\\/dyvtour.cl\\\/wp-content\\\/uploads\\\/2025\\\/04\\\/SKI-DAY-VALLE-NEVADO-6-Pequeno-1.png\",\"contentUrl\":\"http:\\\/\\\/dyvtour.cl\\\/wp-content\\\/uploads\\\/2025\\\/04\\\/SKI-DAY-VALLE-NEVADO-6-Pequeno-1.png\",\"width\":720,\"height\":480},{\"@type\":\"BreadcrumbList\",\"@id\":\"https:\\\/\\\/dyvtour.cl\\\/es\\\/tour\\\/sky-day-parque-farellonesticket\\\/#breadcrumb\",\"itemListElement\":[{\"@type\":\"ListItem\",\"position\":1,\"name\":\"Portada\",\"item\":\"https:\\\/\\\/dyvtour.cl\\\/en\\\/\"},{\"@type\":\"ListItem\",\"position\":2,\"name\":\"Tienda\",\"item\":\"http:\\\/\\\/dyvtour.cl\\\/es\\\/tienda\\\/\"},{\"@type\":\"ListItem\",\"position\":3,\"name\":\"Sky Day Valle Nevado\"}]},{\"@type\":\"WebSite\",\"@id\":\"https:\\\/\\\/dyvtour.cl\\\/en\\\/#website\",\"url\":\"https:\\\/\\\/dyvtour.cl\\\/en\\\/\",\"name\":\"DyV Tour\",\"description\":\"VIVE LA EXPERIENCIA\",\"publisher\":{\"@id\":\"https:\\\/\\\/dyvtour.cl\\\/en\\\/#organization\"},\"potentialAction\":[{\"@type\":\"SearchAction\",\"target\":{\"@type\":\"EntryPoint\",\"urlTemplate\":\"https:\\\/\\\/dyvtour.cl\\\/en\\\/?s={search_term_string}\"},\"query-input\":{\"@type\":\"PropertyValueSpecification\",\"valueRequired\":true,\"valueName\":\"search_term_string\"}}],\"inLanguage\":\"es\"},{\"@type\":\"Organization\",\"@id\":\"https:\\\/\\\/dyvtour.cl\\\/en\\\/#organization\",\"name\":\"DyV Tour\",\"url\":\"https:\\\/\\\/dyvtour.cl\\\/en\\\/\",\"logo\":{\"@type\":\"ImageObject\",\"inLanguage\":\"es\",\"@id\":\"https:\\\/\\\/dyvtour.cl\\\/en\\\/#\\\/schema\\\/logo\\\/image\\\/\",\"url\":\"http:\\\/\\\/dyvtour.cl\\\/wp-content\\\/uploads\\\/2026\\\/04\\\/logotipo-transparente_1_tour-dv-tour-chile.webp\",\"contentUrl\":\"http:\\\/\\\/dyvtour.cl\\\/wp-content\\\/uploads\\\/2026\\\/04\\\/logotipo-transparente_1_tour-dv-tour-chile.webp\",\"width\":350,\"height\":142,\"caption\":\"DyV Tour\"},\"image\":{\"@id\":\"https:\\\/\\\/dyvtour.cl\\\/en\\\/#\\\/schema\\\/logo\\\/image\\\/\"}}]}<\/script>\n<!-- \/ Yoast SEO Premium plugin. -->","yoast_head_json":{"title":"Sky Day Valle Nevado - DyV Tour","robots":{"index":"index","follow":"follow","max-snippet":"max-snippet:-1","max-image-preview":"max-image-preview:large","max-video-preview":"max-video-preview:-1"},"canonical":"https:\/\/dyvtour.cl\/es\/tour\/sky-day-parque-farellonesticket\/","og_locale":"es_ES","og_type":"article","og_title":"Sky Day Valle Nevado","og_description":"Sum\u00e9rgete a las actividades de los andes con muchas actividades que podr\u00e1s disfrutar y tener las mejores experiencias inolvidables. al comprar tus entradas con nosotros ganaras mucho m\u00e1s tiempo para poder acceder al parque, como Agencia y estar acompa\u00f1ado con nuestro tour operador que les ayudar\u00e1 acceder al parque farellones y evitando largas filas.\u00a0 Tenemos [&hellip;]","og_url":"https:\/\/dyvtour.cl\/es\/tour\/sky-day-parque-farellonesticket\/","og_site_name":"DyV Tour","article_modified_time":"2026-04-08T02:20:02+00:00","og_image":[{"width":720,"height":480,"url":"https:\/\/dyvtour.cl\/wp-content\/uploads\/2025\/04\/SKI-DAY-VALLE-NEVADO-6-Pequeno-1.png","type":"image\/png"}],"twitter_card":"summary_large_image","twitter_misc":{"Tiempo de lectura":"2 minutos"},"schema":{"@context":"https:\/\/schema.org","@graph":[{"@type":"WebPage","@id":"https:\/\/dyvtour.cl\/es\/tour\/sky-day-parque-farellonesticket\/","url":"https:\/\/dyvtour.cl\/es\/tour\/sky-day-parque-farellonesticket\/","name":"Sky Day Valle Nevado - DyV Tour","isPartOf":{"@id":"https:\/\/dyvtour.cl\/en\/#website"},"primaryImageOfPage":{"@id":"https:\/\/dyvtour.cl\/es\/tour\/sky-day-parque-farellonesticket\/#primaryimage"},"image":{"@id":"https:\/\/dyvtour.cl\/es\/tour\/sky-day-parque-farellonesticket\/#primaryimage"},"thumbnailUrl":"http:\/\/dyvtour.cl\/wp-content\/uploads\/2025\/04\/SKI-DAY-VALLE-NEVADO-6-Pequeno-1.png","datePublished":"2025-04-05T23:09:42+00:00","dateModified":"2026-04-08T02:20:02+00:00","breadcrumb":{"@id":"https:\/\/dyvtour.cl\/es\/tour\/sky-day-parque-farellonesticket\/#breadcrumb"},"inLanguage":"es","potentialAction":[{"@type":"ReadAction","target":["https:\/\/dyvtour.cl\/es\/tour\/sky-day-parque-farellonesticket\/"]}]},{"@type":"ImageObject","inLanguage":"es","@id":"https:\/\/dyvtour.cl\/es\/tour\/sky-day-parque-farellonesticket\/#primaryimage","url":"http:\/\/dyvtour.cl\/wp-content\/uploads\/2025\/04\/SKI-DAY-VALLE-NEVADO-6-Pequeno-1.png","contentUrl":"http:\/\/dyvtour.cl\/wp-content\/uploads\/2025\/04\/SKI-DAY-VALLE-NEVADO-6-Pequeno-1.png","width":720,"height":480},{"@type":"BreadcrumbList","@id":"https:\/\/dyvtour.cl\/es\/tour\/sky-day-parque-farellonesticket\/#breadcrumb","itemListElement":[{"@type":"ListItem","position":1,"name":"Portada","item":"https:\/\/dyvtour.cl\/en\/"},{"@type":"ListItem","position":2,"name":"Tienda","item":"http:\/\/dyvtour.cl\/es\/tienda\/"},{"@type":"ListItem","position":3,"name":"Sky Day Valle Nevado"}]},{"@type":"WebSite","@id":"https:\/\/dyvtour.cl\/en\/#website","url":"https:\/\/dyvtour.cl\/en\/","name":"DyV Tour","description":"VIVE LA EXPERIENCIA","publisher":{"@id":"https:\/\/dyvtour.cl\/en\/#organization"},"potentialAction":[{"@type":"SearchAction","target":{"@type":"EntryPoint","urlTemplate":"https:\/\/dyvtour.cl\/en\/?s={search_term_string}"},"query-input":{"@type":"PropertyValueSpecification","valueRequired":true,"valueName":"search_term_string"}}],"inLanguage":"es"},{"@type":"Organization","@id":"https:\/\/dyvtour.cl\/en\/#organization","name":"DyV Tour","url":"https:\/\/dyvtour.cl\/en\/","logo":{"@type":"ImageObject","inLanguage":"es","@id":"https:\/\/dyvtour.cl\/en\/#\/schema\/logo\/image\/","url":"http:\/\/dyvtour.cl\/wp-content\/uploads\/2026\/04\/logotipo-transparente_1_tour-dv-tour-chile.webp","contentUrl":"http:\/\/dyvtour.cl\/wp-content\/uploads\/2026\/04\/logotipo-transparente_1_tour-dv-tour-chile.webp","width":350,"height":142,"caption":"DyV Tour"},"image":{"@id":"https:\/\/dyvtour.cl\/en\/#\/schema\/logo\/image\/"}}]}},"_links":{"self":[{"href":"http:\/\/dyvtour.cl\/es\/wp-json\/wp\/v2\/product\/202","targetHints":{"allow":["GET"]}}],"collection":[{"href":"http:\/\/dyvtour.cl\/es\/wp-json\/wp\/v2\/product"}],"about":[{"href":"http:\/\/dyvtour.cl\/es\/wp-json\/wp\/v2\/types\/product"}],"wp:featuredmedia":[{"embeddable":true,"href":"http:\/\/dyvtour.cl\/es\/wp-json\/wp\/v2\/media\/1121"}],"wp:attachment":[{"href":"http:\/\/dyvtour.cl\/es\/wp-json\/wp\/v2\/media?parent=202"}],"wp:term":[{"taxonomy":"product_brand","embeddable":true,"href":"http:\/\/dyvtour.cl\/es\/wp-json\/wp\/v2\/product_brand?post=202"},{"taxonomy":"product_cat","embeddable":true,"href":"http:\/\/dyvtour.cl\/es\/wp-json\/wp\/v2\/product_cat?post=202"},{"taxonomy":"product_tag","embeddable":true,"href":"http:\/\/dyvtour.cl\/es\/wp-json\/wp\/v2\/product_tag?post=202"}],"curies":[{"name":"wp","href":"https:\/\/api.w.org\/{rel}","templated":true}]}}