{"id":196,"date":"2025-04-05T20:01:49","date_gmt":"2025-04-05T23:01:49","guid":{"rendered":"http:\/\/dyvtour.cl\/?post_type=product&#038;p=196"},"modified":"2026-04-08T20:52:17","modified_gmt":"2026-04-08T23:52:17","slug":"cajon-del-maipo-embalse-el-yeso-termas-valle-de-colina","status":"publish","type":"product","link":"http:\/\/dyvtour.cl\/es\/tour\/cajon-del-maipo-embalse-el-yeso-termas-valle-de-colina\/","title":{"rendered":"Caj\u00f3n del Maipo + Embalse El Yeso + Termas Valle de Colina"},"content":{"rendered":"<p><strong>Embalse El Yeso<\/strong><\/p>\n<p><span style=\"font-weight: 400;\">\u00a1Impresionante paisaje formado por las aguas color turquesa y las imponentes monta\u00f1as de fondo!!<\/span><\/p>\n<p><span style=\"font-weight: 400;\">Un escenario incomparable con las monta\u00f1as que lo rodean cubiertas siempre de un manto de nieve. Es el tel\u00f3n de fondo perfecto para inmortalizar el momento con una buena fotograf\u00eda.<\/span><\/p>\n<p><span style=\"font-weight: 400;\">Llegando a la cordillera, nos detendremos en San Jos\u00e9 de Maipo para desayunar y coger fuerzas y as\u00ed poder subir c\u00f3modamente la exigente caminata de 700 metros que nos lleva al mirador desde donde contemplaremos el cielo reflejado en las aguas del embalse.<\/span><\/p>\n<p><span style=\"font-weight: 400;\">A continuaci\u00f3n, nos dirigimos al Salto el yeso, una ca\u00edda de agua de 15 metros que cuenta con una zona segura de observaci\u00f3n. Aqu\u00ed descansaremos y, si lo deseas, puedes aprovechar para hacer tu propio pic nic.<\/span><\/p>\n<p><span style=\"font-weight: 400;\">Posteriormente visitaremos el t\u00fanel Tinoco, construido 1906, por el cual se desplazaba un peque\u00f1o ferrocarril que un\u00eda el puente alto con el pueblo minero El Volc\u00e1n.<\/span><\/p>\n<p><span style=\"font-weight: 400;\">Endulzaremos nuestra excursi\u00f3n con una visita a la original helader\u00eda y chocolater\u00eda La Casa de Chocolate, que destaca por sus exquisitos sabores artesanales y la arquitectura y esculturas que adornan terraza y jardines.<\/span><\/p>\n<p><strong>\u00a0Termas Valle de Colina<\/strong><\/p>\n<p><span style=\"font-weight: 400;\">Seguiremos nuestro recorrido por la Ruta al Volc\u00e1n. Comenzamos recorriendo un sendero de tierra que parte de San Gabriel. 14 Kms. antes de llegar al Centro termal. Un lugar rec\u00f3ndito, majestuoso y silencioso a los pies de la Cordillera de los Andes, en experimentar\u00e1s las aguas naturales altamente mineralizadas de origen magm\u00e1tico, que provienen de las entra\u00f1as del volc\u00e1n San Jos\u00e9 y que tienen una serie de propiedades curativas, todas alojadas en las termas de Valle de Colina.<\/span><\/p>\n<p><span style=\"font-weight: 400;\">Las temperaturas de estas m\u00e1gicas aguas termales var\u00edan entre 25 grados Celsius en los pozos m\u00e1s bajos, y hasta los 55 grados Celsius los m\u00e1s altos. Adem\u00e1s, est\u00e1 rodeado de un maravilloso entorno cordillerano, el cual permite apreciar la majestuosa vista de la Cordillera de Los Andes .<\/span><\/p>\n<p><span style=\"font-weight: 400;\">Podr\u00e1s sumergirte y relajarte en las aguas termales que nos entrega este maravilloso lugar. Este paseo te permite abrir la mente y el coraz\u00f3n a nuevas experiencias, es descubrir que el mundo es tan grande como tus sue\u00f1os y tan incierto como tu capacidad de explorarlo.<\/span><\/p>\n","protected":false},"excerpt":{"rendered":"<p>Embalse El Yeso \u00a1Impresionante paisaje formado por las aguas color turquesa y las imponentes monta\u00f1as de fondo!! Un escenario incomparable con las monta\u00f1as que lo rodean cubiertas siempre de un manto de nieve. Es el tel\u00f3n de fondo perfecto para inmortalizar el momento con una buena fotograf\u00eda. Llegando a la cordillera, nos detendremos en San [&hellip;]<\/p>\n","protected":false},"featured_media":1482,"template":"","meta":{"_acf_changed":false},"product_brand":[],"product_cat":[21],"product_tag":[],"class_list":{"0":"post-196","1":"product","2":"type-product","3":"status-publish","4":"has-post-thumbnail","6":"product_cat-nieve","8":"first","9":"instock","10":"shipping-taxable","11":"product-type-simple"},"acf":[],"yoast_head":"<!-- This site is optimized with the Yoast SEO Premium plugin v22.0 (Yoast SEO v27.3) - https:\/\/yoast.com\/product\/yoast-seo-premium-wordpress\/ -->\n<title>Caj\u00f3n del Maipo + Embalse El Yeso + Termas Valle de Colina - DyV Tour<\/title>\n<meta name=\"robots\" content=\"index, follow, max-snippet:-1, max-image-preview:large, max-video-preview:-1\" \/>\n<link rel=\"canonical\" href=\"http:\/\/dyvtour.cl\/es\/tour\/cajon-del-maipo-embalse-el-yeso-termas-valle-de-colina\/\" \/>\n<meta property=\"og:locale\" content=\"es_ES\" \/>\n<meta property=\"og:type\" content=\"article\" \/>\n<meta property=\"og:title\" content=\"Caj\u00f3n del Maipo + Embalse El Yeso + Termas Valle de Colina\" \/>\n<meta property=\"og:description\" content=\"Embalse El Yeso \u00a1Impresionante paisaje formado por las aguas color turquesa y las imponentes monta\u00f1as de fondo!! Un escenario incomparable con las monta\u00f1as que lo rodean cubiertas siempre de un manto de nieve. Es el tel\u00f3n de fondo perfecto para inmortalizar el momento con una buena fotograf\u00eda. Llegando a la cordillera, nos detendremos en San [&hellip;]\" \/>\n<meta property=\"og:url\" content=\"http:\/\/dyvtour.cl\/es\/tour\/cajon-del-maipo-embalse-el-yeso-termas-valle-de-colina\/\" \/>\n<meta property=\"og:site_name\" content=\"DyV Tour\" \/>\n<meta property=\"article:modified_time\" content=\"2026-04-08T23:52:17+00:00\" \/>\n<meta property=\"og:image\" content=\"http:\/\/dyvtour.cl\/wp-content\/uploads\/2025\/04\/Tour-Cajon-del-Maipo-embalse-del-yeso-termas-valle-de-colina_13-Pequeno.png\" \/>\n\t<meta property=\"og:image:width\" content=\"480\" \/>\n\t<meta property=\"og:image:height\" content=\"720\" \/>\n\t<meta property=\"og:image:type\" content=\"image\/png\" \/>\n<meta name=\"twitter:card\" content=\"summary_large_image\" \/>\n<meta name=\"twitter:label1\" content=\"Tiempo de lectura\" \/>\n\t<meta name=\"twitter:data1\" content=\"2 minutos\" \/>\n<script type=\"application\/ld+json\" class=\"yoast-schema-graph\">{\"@context\":\"https:\\\/\\\/schema.org\",\"@graph\":[{\"@type\":\"WebPage\",\"@id\":\"http:\\\/\\\/dyvtour.cl\\\/en\\\/tour\\\/cajon-del-maipo-embalse-el-yeso-termas-valle-de-colina\\\/\",\"url\":\"http:\\\/\\\/dyvtour.cl\\\/en\\\/tour\\\/cajon-del-maipo-embalse-el-yeso-termas-valle-de-colina\\\/\",\"name\":\"Caj\u00f3n del Maipo + Embalse El Yeso + Termas Valle de Colina - DyV Tour\",\"isPartOf\":{\"@id\":\"https:\\\/\\\/dyvtour.cl\\\/en\\\/#website\"},\"primaryImageOfPage\":{\"@id\":\"http:\\\/\\\/dyvtour.cl\\\/en\\\/tour\\\/cajon-del-maipo-embalse-el-yeso-termas-valle-de-colina\\\/#primaryimage\"},\"image\":{\"@id\":\"http:\\\/\\\/dyvtour.cl\\\/en\\\/tour\\\/cajon-del-maipo-embalse-el-yeso-termas-valle-de-colina\\\/#primaryimage\"},\"thumbnailUrl\":\"http:\\\/\\\/dyvtour.cl\\\/wp-content\\\/uploads\\\/2025\\\/04\\\/Tour-Cajon-del-Maipo-embalse-del-yeso-termas-valle-de-colina_13-Pequeno.png\",\"datePublished\":\"2025-04-05T23:01:49+00:00\",\"dateModified\":\"2026-04-08T23:52:17+00:00\",\"breadcrumb\":{\"@id\":\"http:\\\/\\\/dyvtour.cl\\\/en\\\/tour\\\/cajon-del-maipo-embalse-el-yeso-termas-valle-de-colina\\\/#breadcrumb\"},\"inLanguage\":\"es\",\"potentialAction\":[{\"@type\":\"ReadAction\",\"target\":[\"http:\\\/\\\/dyvtour.cl\\\/en\\\/tour\\\/cajon-del-maipo-embalse-el-yeso-termas-valle-de-colina\\\/\"]}]},{\"@type\":\"ImageObject\",\"inLanguage\":\"es\",\"@id\":\"http:\\\/\\\/dyvtour.cl\\\/en\\\/tour\\\/cajon-del-maipo-embalse-el-yeso-termas-valle-de-colina\\\/#primaryimage\",\"url\":\"http:\\\/\\\/dyvtour.cl\\\/wp-content\\\/uploads\\\/2025\\\/04\\\/Tour-Cajon-del-Maipo-embalse-del-yeso-termas-valle-de-colina_13-Pequeno.png\",\"contentUrl\":\"http:\\\/\\\/dyvtour.cl\\\/wp-content\\\/uploads\\\/2025\\\/04\\\/Tour-Cajon-del-Maipo-embalse-del-yeso-termas-valle-de-colina_13-Pequeno.png\",\"width\":480,\"height\":720},{\"@type\":\"BreadcrumbList\",\"@id\":\"http:\\\/\\\/dyvtour.cl\\\/en\\\/tour\\\/cajon-del-maipo-embalse-el-yeso-termas-valle-de-colina\\\/#breadcrumb\",\"itemListElement\":[{\"@type\":\"ListItem\",\"position\":1,\"name\":\"Portada\",\"item\":\"https:\\\/\\\/dyvtour.cl\\\/en\\\/\"},{\"@type\":\"ListItem\",\"position\":2,\"name\":\"Tienda\",\"item\":\"http:\\\/\\\/dyvtour.cl\\\/es\\\/tienda\\\/\"},{\"@type\":\"ListItem\",\"position\":3,\"name\":\"Caj\u00f3n del Maipo + Embalse El Yeso + Termas Valle de Colina\"}]},{\"@type\":\"WebSite\",\"@id\":\"https:\\\/\\\/dyvtour.cl\\\/en\\\/#website\",\"url\":\"https:\\\/\\\/dyvtour.cl\\\/en\\\/\",\"name\":\"DyV Tour\",\"description\":\"VIVE LA EXPERIENCIA\",\"publisher\":{\"@id\":\"https:\\\/\\\/dyvtour.cl\\\/en\\\/#organization\"},\"potentialAction\":[{\"@type\":\"SearchAction\",\"target\":{\"@type\":\"EntryPoint\",\"urlTemplate\":\"https:\\\/\\\/dyvtour.cl\\\/en\\\/?s={search_term_string}\"},\"query-input\":{\"@type\":\"PropertyValueSpecification\",\"valueRequired\":true,\"valueName\":\"search_term_string\"}}],\"inLanguage\":\"es\"},{\"@type\":\"Organization\",\"@id\":\"https:\\\/\\\/dyvtour.cl\\\/en\\\/#organization\",\"name\":\"DyV Tour\",\"url\":\"https:\\\/\\\/dyvtour.cl\\\/en\\\/\",\"logo\":{\"@type\":\"ImageObject\",\"inLanguage\":\"es\",\"@id\":\"https:\\\/\\\/dyvtour.cl\\\/en\\\/#\\\/schema\\\/logo\\\/image\\\/\",\"url\":\"http:\\\/\\\/dyvtour.cl\\\/wp-content\\\/uploads\\\/2026\\\/04\\\/logotipo-transparente_1_tour-dv-tour-chile.webp\",\"contentUrl\":\"http:\\\/\\\/dyvtour.cl\\\/wp-content\\\/uploads\\\/2026\\\/04\\\/logotipo-transparente_1_tour-dv-tour-chile.webp\",\"width\":350,\"height\":142,\"caption\":\"DyV Tour\"},\"image\":{\"@id\":\"https:\\\/\\\/dyvtour.cl\\\/en\\\/#\\\/schema\\\/logo\\\/image\\\/\"}}]}<\/script>\n<!-- \/ Yoast SEO Premium plugin. -->","yoast_head_json":{"title":"Caj\u00f3n del Maipo + Embalse El Yeso + Termas Valle de Colina - DyV Tour","robots":{"index":"index","follow":"follow","max-snippet":"max-snippet:-1","max-image-preview":"max-image-preview:large","max-video-preview":"max-video-preview:-1"},"canonical":"http:\/\/dyvtour.cl\/es\/tour\/cajon-del-maipo-embalse-el-yeso-termas-valle-de-colina\/","og_locale":"es_ES","og_type":"article","og_title":"Caj\u00f3n del Maipo + Embalse El Yeso + Termas Valle de Colina","og_description":"Embalse El Yeso \u00a1Impresionante paisaje formado por las aguas color turquesa y las imponentes monta\u00f1as de fondo!! Un escenario incomparable con las monta\u00f1as que lo rodean cubiertas siempre de un manto de nieve. Es el tel\u00f3n de fondo perfecto para inmortalizar el momento con una buena fotograf\u00eda. Llegando a la cordillera, nos detendremos en San [&hellip;]","og_url":"http:\/\/dyvtour.cl\/es\/tour\/cajon-del-maipo-embalse-el-yeso-termas-valle-de-colina\/","og_site_name":"DyV Tour","article_modified_time":"2026-04-08T23:52:17+00:00","og_image":[{"width":480,"height":720,"url":"http:\/\/dyvtour.cl\/wp-content\/uploads\/2025\/04\/Tour-Cajon-del-Maipo-embalse-del-yeso-termas-valle-de-colina_13-Pequeno.png","type":"image\/png"}],"twitter_card":"summary_large_image","twitter_misc":{"Tiempo de lectura":"2 minutos"},"schema":{"@context":"https:\/\/schema.org","@graph":[{"@type":"WebPage","@id":"http:\/\/dyvtour.cl\/en\/tour\/cajon-del-maipo-embalse-el-yeso-termas-valle-de-colina\/","url":"http:\/\/dyvtour.cl\/en\/tour\/cajon-del-maipo-embalse-el-yeso-termas-valle-de-colina\/","name":"Caj\u00f3n del Maipo + Embalse El Yeso + Termas Valle de Colina - DyV Tour","isPartOf":{"@id":"https:\/\/dyvtour.cl\/en\/#website"},"primaryImageOfPage":{"@id":"http:\/\/dyvtour.cl\/en\/tour\/cajon-del-maipo-embalse-el-yeso-termas-valle-de-colina\/#primaryimage"},"image":{"@id":"http:\/\/dyvtour.cl\/en\/tour\/cajon-del-maipo-embalse-el-yeso-termas-valle-de-colina\/#primaryimage"},"thumbnailUrl":"http:\/\/dyvtour.cl\/wp-content\/uploads\/2025\/04\/Tour-Cajon-del-Maipo-embalse-del-yeso-termas-valle-de-colina_13-Pequeno.png","datePublished":"2025-04-05T23:01:49+00:00","dateModified":"2026-04-08T23:52:17+00:00","breadcrumb":{"@id":"http:\/\/dyvtour.cl\/en\/tour\/cajon-del-maipo-embalse-el-yeso-termas-valle-de-colina\/#breadcrumb"},"inLanguage":"es","potentialAction":[{"@type":"ReadAction","target":["http:\/\/dyvtour.cl\/en\/tour\/cajon-del-maipo-embalse-el-yeso-termas-valle-de-colina\/"]}]},{"@type":"ImageObject","inLanguage":"es","@id":"http:\/\/dyvtour.cl\/en\/tour\/cajon-del-maipo-embalse-el-yeso-termas-valle-de-colina\/#primaryimage","url":"http:\/\/dyvtour.cl\/wp-content\/uploads\/2025\/04\/Tour-Cajon-del-Maipo-embalse-del-yeso-termas-valle-de-colina_13-Pequeno.png","contentUrl":"http:\/\/dyvtour.cl\/wp-content\/uploads\/2025\/04\/Tour-Cajon-del-Maipo-embalse-del-yeso-termas-valle-de-colina_13-Pequeno.png","width":480,"height":720},{"@type":"BreadcrumbList","@id":"http:\/\/dyvtour.cl\/en\/tour\/cajon-del-maipo-embalse-el-yeso-termas-valle-de-colina\/#breadcrumb","itemListElement":[{"@type":"ListItem","position":1,"name":"Portada","item":"https:\/\/dyvtour.cl\/en\/"},{"@type":"ListItem","position":2,"name":"Tienda","item":"http:\/\/dyvtour.cl\/es\/tienda\/"},{"@type":"ListItem","position":3,"name":"Caj\u00f3n del Maipo + Embalse El Yeso + Termas Valle de Colina"}]},{"@type":"WebSite","@id":"https:\/\/dyvtour.cl\/en\/#website","url":"https:\/\/dyvtour.cl\/en\/","name":"DyV Tour","description":"VIVE LA EXPERIENCIA","publisher":{"@id":"https:\/\/dyvtour.cl\/en\/#organization"},"potentialAction":[{"@type":"SearchAction","target":{"@type":"EntryPoint","urlTemplate":"https:\/\/dyvtour.cl\/en\/?s={search_term_string}"},"query-input":{"@type":"PropertyValueSpecification","valueRequired":true,"valueName":"search_term_string"}}],"inLanguage":"es"},{"@type":"Organization","@id":"https:\/\/dyvtour.cl\/en\/#organization","name":"DyV Tour","url":"https:\/\/dyvtour.cl\/en\/","logo":{"@type":"ImageObject","inLanguage":"es","@id":"https:\/\/dyvtour.cl\/en\/#\/schema\/logo\/image\/","url":"http:\/\/dyvtour.cl\/wp-content\/uploads\/2026\/04\/logotipo-transparente_1_tour-dv-tour-chile.webp","contentUrl":"http:\/\/dyvtour.cl\/wp-content\/uploads\/2026\/04\/logotipo-transparente_1_tour-dv-tour-chile.webp","width":350,"height":142,"caption":"DyV Tour"},"image":{"@id":"https:\/\/dyvtour.cl\/en\/#\/schema\/logo\/image\/"}}]}},"_links":{"self":[{"href":"http:\/\/dyvtour.cl\/es\/wp-json\/wp\/v2\/product\/196","targetHints":{"allow":["GET"]}}],"collection":[{"href":"http:\/\/dyvtour.cl\/es\/wp-json\/wp\/v2\/product"}],"about":[{"href":"http:\/\/dyvtour.cl\/es\/wp-json\/wp\/v2\/types\/product"}],"wp:featuredmedia":[{"embeddable":true,"href":"http:\/\/dyvtour.cl\/es\/wp-json\/wp\/v2\/media\/1482"}],"wp:attachment":[{"href":"http:\/\/dyvtour.cl\/es\/wp-json\/wp\/v2\/media?parent=196"}],"wp:term":[{"taxonomy":"product_brand","embeddable":true,"href":"http:\/\/dyvtour.cl\/es\/wp-json\/wp\/v2\/product_brand?post=196"},{"taxonomy":"product_cat","embeddable":true,"href":"http:\/\/dyvtour.cl\/es\/wp-json\/wp\/v2\/product_cat?post=196"},{"taxonomy":"product_tag","embeddable":true,"href":"http:\/\/dyvtour.cl\/es\/wp-json\/wp\/v2\/product_tag?post=196"}],"curies":[{"name":"wp","href":"https:\/\/api.w.org\/{rel}","templated":true}]}}