{"id":171,"date":"2025-04-05T19:14:13","date_gmt":"2025-04-05T22:14:13","guid":{"rendered":"http:\/\/dyvtour.cl\/?post_type=product&#038;p=171"},"modified":"2026-04-08T01:13:42","modified_gmt":"2026-04-08T04:13:42","slug":"tour-vinicola-concha-y-toro","status":"publish","type":"product","link":"http:\/\/dyvtour.cl\/es\/tour\/tour-vinicola-concha-y-toro\/","title":{"rendered":"Tour Vin\u00edcola<br> Concha y Toro"},"content":{"rendered":"<p><span style=\"font-weight: 400;\">Sum\u00e9rgete en un entorno de espl\u00e9ndidos paisajes y vive una experiencia dise\u00f1ada para deleitar todos tus sentidos. Disfruta de exclusivas catas de vino, recorridos privados por la bodega y amplios espacios al aire libre, en la <\/span><b>Vi\u00f1a Concha y Toro, <\/b><span style=\"font-weight: 400;\">ubicada en el coraz\u00f3n del <\/span><b>Valle de Maipo,<\/b><span style=\"font-weight: 400;\"> a solo una hora de Santiago.<\/span><\/p>\n<p><span style=\"font-weight: 400;\">Rel\u00e1jate y descubre los secretos del mundo del vino en una experiencia creada para los amantes del buen vivir. Cada momento combina cultura, exquisitez y relajaci\u00f3n, siempre acompa\u00f1ado de los mejores vinos de la regi\u00f3n.<\/span><\/p>\n<p><span style=\"font-weight: 400;\">M\u00e1s que un simple paseo, este tour es una jornada de sabores excepcionales, aprendizaje y conexi\u00f3n con el arte de la vinificaci\u00f3n. D\u00e9jate envolver por un entorno \u00fanico donde la belleza y el vino se unen para crear recuerdos inolvidables.<\/span><\/p>\n","protected":false},"excerpt":{"rendered":"<p>Sum\u00e9rgete en un entorno de espl\u00e9ndidos paisajes y vive una experiencia dise\u00f1ada para deleitar todos tus sentidos. Disfruta de exclusivas catas de vino, recorridos privados por la bodega y amplios espacios al aire libre, en la Vi\u00f1a Concha y Toro, ubicada en el coraz\u00f3n del Valle de Maipo, a solo una hora de Santiago. Rel\u00e1jate [&hellip;]<\/p>\n","protected":false},"featured_media":1333,"template":"","meta":{"_acf_changed":false},"product_brand":[],"product_cat":[22],"product_tag":[],"class_list":{"0":"post-171","1":"product","2":"type-product","3":"status-publish","4":"has-post-thumbnail","6":"product_cat-vinicolas","8":"first","9":"instock","10":"shipping-taxable","11":"product-type-simple"},"acf":[],"yoast_head":"<!-- This site is optimized with the Yoast SEO Premium plugin v22.0 (Yoast SEO v27.3) - https:\/\/yoast.com\/product\/yoast-seo-premium-wordpress\/ -->\n<title>Tour Vin\u00edcola Concha y Toro - DyV Tour<\/title>\n<meta name=\"robots\" content=\"index, follow, max-snippet:-1, max-image-preview:large, max-video-preview:-1\" \/>\n<link rel=\"canonical\" href=\"https:\/\/dyvtour.cl\/es\/tour\/tour-vinicola-concha-y-toro\/\" \/>\n<meta property=\"og:locale\" content=\"es_ES\" \/>\n<meta property=\"og:type\" content=\"article\" \/>\n<meta property=\"og:title\" content=\"Tour Vin\u00edcola Concha y Toro\" \/>\n<meta property=\"og:description\" content=\"Sum\u00e9rgete en un entorno de espl\u00e9ndidos paisajes y vive una experiencia dise\u00f1ada para deleitar todos tus sentidos. Disfruta de exclusivas catas de vino, recorridos privados por la bodega y amplios espacios al aire libre, en la Vi\u00f1a Concha y Toro, ubicada en el coraz\u00f3n del Valle de Maipo, a solo una hora de Santiago. Rel\u00e1jate [&hellip;]\" \/>\n<meta property=\"og:url\" content=\"https:\/\/dyvtour.cl\/es\/tour\/tour-vinicola-concha-y-toro\/\" \/>\n<meta property=\"og:site_name\" content=\"DyV Tour\" \/>\n<meta property=\"article:modified_time\" content=\"2026-04-08T04:13:42+00:00\" \/>\n<meta property=\"og:image\" content=\"https:\/\/dyvtour.cl\/wp-content\/uploads\/2025\/04\/Concha-y-Toro-2.webp\" \/>\n\t<meta property=\"og:image:width\" content=\"1300\" \/>\n\t<meta property=\"og:image:height\" content=\"870\" \/>\n\t<meta property=\"og:image:type\" content=\"image\/webp\" \/>\n<meta name=\"twitter:card\" content=\"summary_large_image\" \/>\n<meta name=\"twitter:label1\" content=\"Tiempo de lectura\" \/>\n\t<meta name=\"twitter:data1\" content=\"1 minuto\" \/>\n<script type=\"application\/ld+json\" class=\"yoast-schema-graph\">{\"@context\":\"https:\\\/\\\/schema.org\",\"@graph\":[{\"@type\":\"WebPage\",\"@id\":\"https:\\\/\\\/dyvtour.cl\\\/pt\\\/tour\\\/tour-vinicola-concha-y-toro\\\/\",\"url\":\"https:\\\/\\\/dyvtour.cl\\\/pt\\\/tour\\\/tour-vinicola-concha-y-toro\\\/\",\"name\":\"Tour Vin\u00edcola Concha y Toro - DyV Tour\",\"isPartOf\":{\"@id\":\"http:\\\/\\\/dyvtour.cl\\\/es\\\/#website\"},\"primaryImageOfPage\":{\"@id\":\"https:\\\/\\\/dyvtour.cl\\\/pt\\\/tour\\\/tour-vinicola-concha-y-toro\\\/#primaryimage\"},\"image\":{\"@id\":\"https:\\\/\\\/dyvtour.cl\\\/pt\\\/tour\\\/tour-vinicola-concha-y-toro\\\/#primaryimage\"},\"thumbnailUrl\":\"http:\\\/\\\/dyvtour.cl\\\/wp-content\\\/uploads\\\/2025\\\/04\\\/Concha-y-Toro-2.webp\",\"datePublished\":\"2025-04-05T22:14:13+00:00\",\"dateModified\":\"2026-04-08T04:13:42+00:00\",\"breadcrumb\":{\"@id\":\"https:\\\/\\\/dyvtour.cl\\\/pt\\\/tour\\\/tour-vinicola-concha-y-toro\\\/#breadcrumb\"},\"inLanguage\":\"es\",\"potentialAction\":[{\"@type\":\"ReadAction\",\"target\":[\"https:\\\/\\\/dyvtour.cl\\\/pt\\\/tour\\\/tour-vinicola-concha-y-toro\\\/\"]}]},{\"@type\":\"ImageObject\",\"inLanguage\":\"es\",\"@id\":\"https:\\\/\\\/dyvtour.cl\\\/pt\\\/tour\\\/tour-vinicola-concha-y-toro\\\/#primaryimage\",\"url\":\"http:\\\/\\\/dyvtour.cl\\\/wp-content\\\/uploads\\\/2025\\\/04\\\/Concha-y-Toro-2.webp\",\"contentUrl\":\"http:\\\/\\\/dyvtour.cl\\\/wp-content\\\/uploads\\\/2025\\\/04\\\/Concha-y-Toro-2.webp\",\"width\":1300,\"height\":870},{\"@type\":\"BreadcrumbList\",\"@id\":\"https:\\\/\\\/dyvtour.cl\\\/pt\\\/tour\\\/tour-vinicola-concha-y-toro\\\/#breadcrumb\",\"itemListElement\":[{\"@type\":\"ListItem\",\"position\":1,\"name\":\"Portada\",\"item\":\"https:\\\/\\\/dyvtour.cl\\\/es\\\/\"},{\"@type\":\"ListItem\",\"position\":2,\"name\":\"Tienda\",\"item\":\"https:\\\/\\\/dyvtour.cl\\\/en\\\/tienda\\\/\"},{\"@type\":\"ListItem\",\"position\":3,\"name\":\"Tour Vin\u00edcola Concha y Toro\"}]},{\"@type\":\"WebSite\",\"@id\":\"http:\\\/\\\/dyvtour.cl\\\/es\\\/#website\",\"url\":\"http:\\\/\\\/dyvtour.cl\\\/es\\\/\",\"name\":\"DyV Tour\",\"description\":\"VIVE LA EXPERIENCIA\",\"publisher\":{\"@id\":\"http:\\\/\\\/dyvtour.cl\\\/es\\\/#organization\"},\"potentialAction\":[{\"@type\":\"SearchAction\",\"target\":{\"@type\":\"EntryPoint\",\"urlTemplate\":\"http:\\\/\\\/dyvtour.cl\\\/es\\\/?s={search_term_string}\"},\"query-input\":{\"@type\":\"PropertyValueSpecification\",\"valueRequired\":true,\"valueName\":\"search_term_string\"}}],\"inLanguage\":\"es\"},{\"@type\":\"Organization\",\"@id\":\"http:\\\/\\\/dyvtour.cl\\\/es\\\/#organization\",\"name\":\"DyV Tour\",\"url\":\"http:\\\/\\\/dyvtour.cl\\\/es\\\/\",\"logo\":{\"@type\":\"ImageObject\",\"inLanguage\":\"es\",\"@id\":\"http:\\\/\\\/dyvtour.cl\\\/es\\\/#\\\/schema\\\/logo\\\/image\\\/\",\"url\":\"http:\\\/\\\/dyvtour.cl\\\/wp-content\\\/uploads\\\/2026\\\/04\\\/logotipo-transparente_1_tour-dv-tour-chile.webp\",\"contentUrl\":\"http:\\\/\\\/dyvtour.cl\\\/wp-content\\\/uploads\\\/2026\\\/04\\\/logotipo-transparente_1_tour-dv-tour-chile.webp\",\"width\":350,\"height\":142,\"caption\":\"DyV Tour\"},\"image\":{\"@id\":\"http:\\\/\\\/dyvtour.cl\\\/es\\\/#\\\/schema\\\/logo\\\/image\\\/\"}}]}<\/script>\n<!-- \/ Yoast SEO Premium plugin. -->","yoast_head_json":{"title":"Tour Vin\u00edcola Concha y Toro - DyV Tour","robots":{"index":"index","follow":"follow","max-snippet":"max-snippet:-1","max-image-preview":"max-image-preview:large","max-video-preview":"max-video-preview:-1"},"canonical":"https:\/\/dyvtour.cl\/es\/tour\/tour-vinicola-concha-y-toro\/","og_locale":"es_ES","og_type":"article","og_title":"Tour Vin\u00edcola Concha y Toro","og_description":"Sum\u00e9rgete en un entorno de espl\u00e9ndidos paisajes y vive una experiencia dise\u00f1ada para deleitar todos tus sentidos. Disfruta de exclusivas catas de vino, recorridos privados por la bodega y amplios espacios al aire libre, en la Vi\u00f1a Concha y Toro, ubicada en el coraz\u00f3n del Valle de Maipo, a solo una hora de Santiago. Rel\u00e1jate [&hellip;]","og_url":"https:\/\/dyvtour.cl\/es\/tour\/tour-vinicola-concha-y-toro\/","og_site_name":"DyV Tour","article_modified_time":"2026-04-08T04:13:42+00:00","og_image":[{"width":1300,"height":870,"url":"https:\/\/dyvtour.cl\/wp-content\/uploads\/2025\/04\/Concha-y-Toro-2.webp","type":"image\/webp"}],"twitter_card":"summary_large_image","twitter_misc":{"Tiempo de lectura":"1 minuto"},"schema":{"@context":"https:\/\/schema.org","@graph":[{"@type":"WebPage","@id":"https:\/\/dyvtour.cl\/pt\/tour\/tour-vinicola-concha-y-toro\/","url":"https:\/\/dyvtour.cl\/pt\/tour\/tour-vinicola-concha-y-toro\/","name":"Tour Vin\u00edcola Concha y Toro - DyV Tour","isPartOf":{"@id":"http:\/\/dyvtour.cl\/es\/#website"},"primaryImageOfPage":{"@id":"https:\/\/dyvtour.cl\/pt\/tour\/tour-vinicola-concha-y-toro\/#primaryimage"},"image":{"@id":"https:\/\/dyvtour.cl\/pt\/tour\/tour-vinicola-concha-y-toro\/#primaryimage"},"thumbnailUrl":"http:\/\/dyvtour.cl\/wp-content\/uploads\/2025\/04\/Concha-y-Toro-2.webp","datePublished":"2025-04-05T22:14:13+00:00","dateModified":"2026-04-08T04:13:42+00:00","breadcrumb":{"@id":"https:\/\/dyvtour.cl\/pt\/tour\/tour-vinicola-concha-y-toro\/#breadcrumb"},"inLanguage":"es","potentialAction":[{"@type":"ReadAction","target":["https:\/\/dyvtour.cl\/pt\/tour\/tour-vinicola-concha-y-toro\/"]}]},{"@type":"ImageObject","inLanguage":"es","@id":"https:\/\/dyvtour.cl\/pt\/tour\/tour-vinicola-concha-y-toro\/#primaryimage","url":"http:\/\/dyvtour.cl\/wp-content\/uploads\/2025\/04\/Concha-y-Toro-2.webp","contentUrl":"http:\/\/dyvtour.cl\/wp-content\/uploads\/2025\/04\/Concha-y-Toro-2.webp","width":1300,"height":870},{"@type":"BreadcrumbList","@id":"https:\/\/dyvtour.cl\/pt\/tour\/tour-vinicola-concha-y-toro\/#breadcrumb","itemListElement":[{"@type":"ListItem","position":1,"name":"Portada","item":"https:\/\/dyvtour.cl\/es\/"},{"@type":"ListItem","position":2,"name":"Tienda","item":"https:\/\/dyvtour.cl\/en\/tienda\/"},{"@type":"ListItem","position":3,"name":"Tour Vin\u00edcola Concha y Toro"}]},{"@type":"WebSite","@id":"http:\/\/dyvtour.cl\/es\/#website","url":"http:\/\/dyvtour.cl\/es\/","name":"DyV Tour","description":"VIVE LA EXPERIENCIA","publisher":{"@id":"http:\/\/dyvtour.cl\/es\/#organization"},"potentialAction":[{"@type":"SearchAction","target":{"@type":"EntryPoint","urlTemplate":"http:\/\/dyvtour.cl\/es\/?s={search_term_string}"},"query-input":{"@type":"PropertyValueSpecification","valueRequired":true,"valueName":"search_term_string"}}],"inLanguage":"es"},{"@type":"Organization","@id":"http:\/\/dyvtour.cl\/es\/#organization","name":"DyV Tour","url":"http:\/\/dyvtour.cl\/es\/","logo":{"@type":"ImageObject","inLanguage":"es","@id":"http:\/\/dyvtour.cl\/es\/#\/schema\/logo\/image\/","url":"http:\/\/dyvtour.cl\/wp-content\/uploads\/2026\/04\/logotipo-transparente_1_tour-dv-tour-chile.webp","contentUrl":"http:\/\/dyvtour.cl\/wp-content\/uploads\/2026\/04\/logotipo-transparente_1_tour-dv-tour-chile.webp","width":350,"height":142,"caption":"DyV Tour"},"image":{"@id":"http:\/\/dyvtour.cl\/es\/#\/schema\/logo\/image\/"}}]}},"_links":{"self":[{"href":"http:\/\/dyvtour.cl\/es\/wp-json\/wp\/v2\/product\/171","targetHints":{"allow":["GET"]}}],"collection":[{"href":"http:\/\/dyvtour.cl\/es\/wp-json\/wp\/v2\/product"}],"about":[{"href":"http:\/\/dyvtour.cl\/es\/wp-json\/wp\/v2\/types\/product"}],"wp:featuredmedia":[{"embeddable":true,"href":"http:\/\/dyvtour.cl\/es\/wp-json\/wp\/v2\/media\/1333"}],"wp:attachment":[{"href":"http:\/\/dyvtour.cl\/es\/wp-json\/wp\/v2\/media?parent=171"}],"wp:term":[{"taxonomy":"product_brand","embeddable":true,"href":"http:\/\/dyvtour.cl\/es\/wp-json\/wp\/v2\/product_brand?post=171"},{"taxonomy":"product_cat","embeddable":true,"href":"http:\/\/dyvtour.cl\/es\/wp-json\/wp\/v2\/product_cat?post=171"},{"taxonomy":"product_tag","embeddable":true,"href":"http:\/\/dyvtour.cl\/es\/wp-json\/wp\/v2\/product_tag?post=171"}],"curies":[{"name":"wp","href":"https:\/\/api.w.org\/{rel}","templated":true}]}}