{"id":164,"date":"2025-04-05T19:09:07","date_gmt":"2025-04-05T22:09:07","guid":{"rendered":"http:\/\/dyvtour.cl\/?post_type=product&#038;p=164"},"modified":"2026-04-07T21:22:49","modified_gmt":"2026-04-08T00:22:49","slug":"tour-panoramico-farellones-valle-nevado","status":"publish","type":"product","link":"http:\/\/dyvtour.cl\/es\/tour\/tour-panoramico-farellones-valle-nevado\/","title":{"rendered":"Tour panor\u00e1mico Farellones + Valle Nevado"},"content":{"rendered":"<p><span style=\"font-weight: 400;\">Ven y descubre nuestro tour panor\u00e1mico que permite conocer y explorar paradas imaginables, con las espectaculares vistas de <\/span><b>Farellones y Valle Nevado.<\/b><\/p>\n<p><span style=\"font-weight: 400;\">Iniciamos nuestra aventura con la primera parada <\/span><b>\u00abLoma del Viento\u00bb, <\/b><span style=\"font-weight: 400;\">que est\u00e1 ubicada en la curva 32 camino <\/span><b>Farellones<\/b><span style=\"font-weight: 400;\">. Aqu\u00ed podr\u00e1s contemplar el hermoso paisaje de la Cordillera de Los Andes.<\/span><\/p>\n<p><span style=\"font-weight: 400;\">Continuando con la aventura conocernos un lugar llamado el <\/span><b>Pueblito de Farellones,<\/b><span style=\"font-weight: 400;\"> es un lugar que podr\u00e1s caminar, conocer y sacar las mejores fotos del peque\u00f1o lugar habitado en la monta\u00f1a.<\/span><\/p>\n<p><span style=\"font-weight: 400;\">Luego, seguiremos recorriendo y observando las monta\u00f1as cubiertas de nieve y los c\u00f3ndores que vuelan por los cielos, a escasos metros de donde estaremos ubicados.<\/span><\/p>\n<p><span style=\"font-weight: 400;\">Posteriormente llegaremos a los m\u00e1s alto de <\/span><b>Valle Nevado<\/b><span style=\"font-weight: 400;\">, donde podr\u00e1s observar la <\/span><b>estaci\u00f3n de esqu\u00ed m\u00e1s famosa de Chile <\/b><span style=\"font-weight: 400;\">y la m\u00e1s grande del hemisferio sur; el reconocido <\/span><b>Parque Valle Nevado<\/b><span style=\"font-weight: 400;\">, podr\u00e1s observar la estructura del parque, las pistas y caminar por todo el mirador.<\/span><\/p>\n<p><span style=\"font-weight: 400;\">Y terminando de conocer el Parque Valle Nevado, nos dirigimos a un lugar abierto donde podr\u00e1s <\/span><b>descansar, caminar y jugar con la nieve. <\/b><span style=\"font-weight: 400;\">Tambi\u00e9n, podr\u00e1s sacar las mejores fotos junto con este encantador paisaje de fondo que nos brinda la Cordillera de Los Andes.<\/span><\/p>\n","protected":false},"excerpt":{"rendered":"<p>Ven y descubre nuestro tour panor\u00e1mico que permite conocer y explorar paradas imaginables, con las espectaculares vistas de Farellones y Valle Nevado. Iniciamos nuestra aventura con la primera parada \u00abLoma del Viento\u00bb, que est\u00e1 ubicada en la curva 32 camino Farellones. Aqu\u00ed podr\u00e1s contemplar el hermoso paisaje de la Cordillera de Los Andes. Continuando con [&hellip;]<\/p>\n","protected":false},"featured_media":1112,"template":"","meta":{"_acf_changed":false},"product_brand":[],"product_cat":[21],"product_tag":[],"class_list":{"0":"post-164","1":"product","2":"type-product","3":"status-publish","4":"has-post-thumbnail","6":"product_cat-nieve","8":"first","9":"instock","10":"featured","11":"shipping-taxable","12":"product-type-simple"},"acf":[],"yoast_head":"<!-- This site is optimized with the Yoast SEO Premium plugin v22.0 (Yoast SEO v27.3) - https:\/\/yoast.com\/product\/yoast-seo-premium-wordpress\/ -->\n<title>Tour panor\u00e1mico Farellones + Valle Nevado - DyV Tour<\/title>\n<meta name=\"robots\" content=\"index, follow, max-snippet:-1, max-image-preview:large, max-video-preview:-1\" \/>\n<link rel=\"canonical\" href=\"http:\/\/dyvtour.cl\/es\/tour\/tour-panoramico-farellones-valle-nevado\/\" \/>\n<meta property=\"og:locale\" content=\"es_ES\" \/>\n<meta property=\"og:type\" content=\"article\" \/>\n<meta property=\"og:title\" content=\"Tour panor\u00e1mico Farellones + Valle Nevado\" \/>\n<meta property=\"og:description\" content=\"Ven y descubre nuestro tour panor\u00e1mico que permite conocer y explorar paradas imaginables, con las espectaculares vistas de Farellones y Valle Nevado. Iniciamos nuestra aventura con la primera parada \u00abLoma del Viento\u00bb, que est\u00e1 ubicada en la curva 32 camino Farellones. Aqu\u00ed podr\u00e1s contemplar el hermoso paisaje de la Cordillera de Los Andes. Continuando con [&hellip;]\" \/>\n<meta property=\"og:url\" content=\"http:\/\/dyvtour.cl\/es\/tour\/tour-panoramico-farellones-valle-nevado\/\" \/>\n<meta property=\"og:site_name\" content=\"DyV Tour\" \/>\n<meta property=\"article:modified_time\" content=\"2026-04-08T00:22:49+00:00\" \/>\n<meta property=\"og:image\" content=\"http:\/\/dyvtour.cl\/wp-content\/uploads\/2025\/04\/Tour-panoramico-Farellones-Valle-Nevado-3-Pequeno.png\" \/>\n\t<meta property=\"og:image:width\" content=\"720\" \/>\n\t<meta property=\"og:image:height\" content=\"480\" \/>\n\t<meta property=\"og:image:type\" content=\"image\/png\" \/>\n<meta name=\"twitter:card\" content=\"summary_large_image\" \/>\n<meta name=\"twitter:label1\" content=\"Tiempo de lectura\" \/>\n\t<meta name=\"twitter:data1\" content=\"2 minutos\" \/>\n<script type=\"application\/ld+json\" class=\"yoast-schema-graph\">{\"@context\":\"https:\\\/\\\/schema.org\",\"@graph\":[{\"@type\":\"WebPage\",\"@id\":\"http:\\\/\\\/dyvtour.cl\\\/es\\\/tour\\\/tour-panoramico-farellones-valle-nevado\\\/\",\"url\":\"http:\\\/\\\/dyvtour.cl\\\/es\\\/tour\\\/tour-panoramico-farellones-valle-nevado\\\/\",\"name\":\"Tour panor\u00e1mico Farellones + Valle Nevado - DyV Tour\",\"isPartOf\":{\"@id\":\"https:\\\/\\\/dyvtour.cl\\\/en\\\/#website\"},\"primaryImageOfPage\":{\"@id\":\"http:\\\/\\\/dyvtour.cl\\\/es\\\/tour\\\/tour-panoramico-farellones-valle-nevado\\\/#primaryimage\"},\"image\":{\"@id\":\"http:\\\/\\\/dyvtour.cl\\\/es\\\/tour\\\/tour-panoramico-farellones-valle-nevado\\\/#primaryimage\"},\"thumbnailUrl\":\"http:\\\/\\\/dyvtour.cl\\\/wp-content\\\/uploads\\\/2025\\\/04\\\/Tour-panoramico-Farellones-Valle-Nevado-3-Pequeno.png\",\"datePublished\":\"2025-04-05T22:09:07+00:00\",\"dateModified\":\"2026-04-08T00:22:49+00:00\",\"breadcrumb\":{\"@id\":\"http:\\\/\\\/dyvtour.cl\\\/es\\\/tour\\\/tour-panoramico-farellones-valle-nevado\\\/#breadcrumb\"},\"inLanguage\":\"es\",\"potentialAction\":[{\"@type\":\"ReadAction\",\"target\":[\"http:\\\/\\\/dyvtour.cl\\\/es\\\/tour\\\/tour-panoramico-farellones-valle-nevado\\\/\"]}]},{\"@type\":\"ImageObject\",\"inLanguage\":\"es\",\"@id\":\"http:\\\/\\\/dyvtour.cl\\\/es\\\/tour\\\/tour-panoramico-farellones-valle-nevado\\\/#primaryimage\",\"url\":\"http:\\\/\\\/dyvtour.cl\\\/wp-content\\\/uploads\\\/2025\\\/04\\\/Tour-panoramico-Farellones-Valle-Nevado-3-Pequeno.png\",\"contentUrl\":\"http:\\\/\\\/dyvtour.cl\\\/wp-content\\\/uploads\\\/2025\\\/04\\\/Tour-panoramico-Farellones-Valle-Nevado-3-Pequeno.png\",\"width\":720,\"height\":480},{\"@type\":\"BreadcrumbList\",\"@id\":\"http:\\\/\\\/dyvtour.cl\\\/es\\\/tour\\\/tour-panoramico-farellones-valle-nevado\\\/#breadcrumb\",\"itemListElement\":[{\"@type\":\"ListItem\",\"position\":1,\"name\":\"Portada\",\"item\":\"https:\\\/\\\/dyvtour.cl\\\/en\\\/\"},{\"@type\":\"ListItem\",\"position\":2,\"name\":\"Tienda\",\"item\":\"http:\\\/\\\/dyvtour.cl\\\/es\\\/tienda\\\/\"},{\"@type\":\"ListItem\",\"position\":3,\"name\":\"Tour panor\u00e1mico Farellones + Valle Nevado\"}]},{\"@type\":\"WebSite\",\"@id\":\"https:\\\/\\\/dyvtour.cl\\\/en\\\/#website\",\"url\":\"https:\\\/\\\/dyvtour.cl\\\/en\\\/\",\"name\":\"DyV Tour\",\"description\":\"VIVE LA EXPERIENCIA\",\"publisher\":{\"@id\":\"https:\\\/\\\/dyvtour.cl\\\/en\\\/#organization\"},\"potentialAction\":[{\"@type\":\"SearchAction\",\"target\":{\"@type\":\"EntryPoint\",\"urlTemplate\":\"https:\\\/\\\/dyvtour.cl\\\/en\\\/?s={search_term_string}\"},\"query-input\":{\"@type\":\"PropertyValueSpecification\",\"valueRequired\":true,\"valueName\":\"search_term_string\"}}],\"inLanguage\":\"es\"},{\"@type\":\"Organization\",\"@id\":\"https:\\\/\\\/dyvtour.cl\\\/en\\\/#organization\",\"name\":\"DyV Tour\",\"url\":\"https:\\\/\\\/dyvtour.cl\\\/en\\\/\",\"logo\":{\"@type\":\"ImageObject\",\"inLanguage\":\"es\",\"@id\":\"https:\\\/\\\/dyvtour.cl\\\/en\\\/#\\\/schema\\\/logo\\\/image\\\/\",\"url\":\"http:\\\/\\\/dyvtour.cl\\\/wp-content\\\/uploads\\\/2026\\\/04\\\/logotipo-transparente_1_tour-dv-tour-chile.webp\",\"contentUrl\":\"http:\\\/\\\/dyvtour.cl\\\/wp-content\\\/uploads\\\/2026\\\/04\\\/logotipo-transparente_1_tour-dv-tour-chile.webp\",\"width\":350,\"height\":142,\"caption\":\"DyV Tour\"},\"image\":{\"@id\":\"https:\\\/\\\/dyvtour.cl\\\/en\\\/#\\\/schema\\\/logo\\\/image\\\/\"}}]}<\/script>\n<!-- \/ Yoast SEO Premium plugin. -->","yoast_head_json":{"title":"Tour panor\u00e1mico Farellones + Valle Nevado - DyV Tour","robots":{"index":"index","follow":"follow","max-snippet":"max-snippet:-1","max-image-preview":"max-image-preview:large","max-video-preview":"max-video-preview:-1"},"canonical":"http:\/\/dyvtour.cl\/es\/tour\/tour-panoramico-farellones-valle-nevado\/","og_locale":"es_ES","og_type":"article","og_title":"Tour panor\u00e1mico Farellones + Valle Nevado","og_description":"Ven y descubre nuestro tour panor\u00e1mico que permite conocer y explorar paradas imaginables, con las espectaculares vistas de Farellones y Valle Nevado. Iniciamos nuestra aventura con la primera parada \u00abLoma del Viento\u00bb, que est\u00e1 ubicada en la curva 32 camino Farellones. Aqu\u00ed podr\u00e1s contemplar el hermoso paisaje de la Cordillera de Los Andes. Continuando con [&hellip;]","og_url":"http:\/\/dyvtour.cl\/es\/tour\/tour-panoramico-farellones-valle-nevado\/","og_site_name":"DyV Tour","article_modified_time":"2026-04-08T00:22:49+00:00","og_image":[{"width":720,"height":480,"url":"http:\/\/dyvtour.cl\/wp-content\/uploads\/2025\/04\/Tour-panoramico-Farellones-Valle-Nevado-3-Pequeno.png","type":"image\/png"}],"twitter_card":"summary_large_image","twitter_misc":{"Tiempo de lectura":"2 minutos"},"schema":{"@context":"https:\/\/schema.org","@graph":[{"@type":"WebPage","@id":"http:\/\/dyvtour.cl\/es\/tour\/tour-panoramico-farellones-valle-nevado\/","url":"http:\/\/dyvtour.cl\/es\/tour\/tour-panoramico-farellones-valle-nevado\/","name":"Tour panor\u00e1mico Farellones + Valle Nevado - DyV Tour","isPartOf":{"@id":"https:\/\/dyvtour.cl\/en\/#website"},"primaryImageOfPage":{"@id":"http:\/\/dyvtour.cl\/es\/tour\/tour-panoramico-farellones-valle-nevado\/#primaryimage"},"image":{"@id":"http:\/\/dyvtour.cl\/es\/tour\/tour-panoramico-farellones-valle-nevado\/#primaryimage"},"thumbnailUrl":"http:\/\/dyvtour.cl\/wp-content\/uploads\/2025\/04\/Tour-panoramico-Farellones-Valle-Nevado-3-Pequeno.png","datePublished":"2025-04-05T22:09:07+00:00","dateModified":"2026-04-08T00:22:49+00:00","breadcrumb":{"@id":"http:\/\/dyvtour.cl\/es\/tour\/tour-panoramico-farellones-valle-nevado\/#breadcrumb"},"inLanguage":"es","potentialAction":[{"@type":"ReadAction","target":["http:\/\/dyvtour.cl\/es\/tour\/tour-panoramico-farellones-valle-nevado\/"]}]},{"@type":"ImageObject","inLanguage":"es","@id":"http:\/\/dyvtour.cl\/es\/tour\/tour-panoramico-farellones-valle-nevado\/#primaryimage","url":"http:\/\/dyvtour.cl\/wp-content\/uploads\/2025\/04\/Tour-panoramico-Farellones-Valle-Nevado-3-Pequeno.png","contentUrl":"http:\/\/dyvtour.cl\/wp-content\/uploads\/2025\/04\/Tour-panoramico-Farellones-Valle-Nevado-3-Pequeno.png","width":720,"height":480},{"@type":"BreadcrumbList","@id":"http:\/\/dyvtour.cl\/es\/tour\/tour-panoramico-farellones-valle-nevado\/#breadcrumb","itemListElement":[{"@type":"ListItem","position":1,"name":"Portada","item":"https:\/\/dyvtour.cl\/en\/"},{"@type":"ListItem","position":2,"name":"Tienda","item":"http:\/\/dyvtour.cl\/es\/tienda\/"},{"@type":"ListItem","position":3,"name":"Tour panor\u00e1mico Farellones + Valle Nevado"}]},{"@type":"WebSite","@id":"https:\/\/dyvtour.cl\/en\/#website","url":"https:\/\/dyvtour.cl\/en\/","name":"DyV Tour","description":"VIVE LA EXPERIENCIA","publisher":{"@id":"https:\/\/dyvtour.cl\/en\/#organization"},"potentialAction":[{"@type":"SearchAction","target":{"@type":"EntryPoint","urlTemplate":"https:\/\/dyvtour.cl\/en\/?s={search_term_string}"},"query-input":{"@type":"PropertyValueSpecification","valueRequired":true,"valueName":"search_term_string"}}],"inLanguage":"es"},{"@type":"Organization","@id":"https:\/\/dyvtour.cl\/en\/#organization","name":"DyV Tour","url":"https:\/\/dyvtour.cl\/en\/","logo":{"@type":"ImageObject","inLanguage":"es","@id":"https:\/\/dyvtour.cl\/en\/#\/schema\/logo\/image\/","url":"http:\/\/dyvtour.cl\/wp-content\/uploads\/2026\/04\/logotipo-transparente_1_tour-dv-tour-chile.webp","contentUrl":"http:\/\/dyvtour.cl\/wp-content\/uploads\/2026\/04\/logotipo-transparente_1_tour-dv-tour-chile.webp","width":350,"height":142,"caption":"DyV Tour"},"image":{"@id":"https:\/\/dyvtour.cl\/en\/#\/schema\/logo\/image\/"}}]}},"_links":{"self":[{"href":"http:\/\/dyvtour.cl\/es\/wp-json\/wp\/v2\/product\/164","targetHints":{"allow":["GET"]}}],"collection":[{"href":"http:\/\/dyvtour.cl\/es\/wp-json\/wp\/v2\/product"}],"about":[{"href":"http:\/\/dyvtour.cl\/es\/wp-json\/wp\/v2\/types\/product"}],"wp:featuredmedia":[{"embeddable":true,"href":"http:\/\/dyvtour.cl\/es\/wp-json\/wp\/v2\/media\/1112"}],"wp:attachment":[{"href":"http:\/\/dyvtour.cl\/es\/wp-json\/wp\/v2\/media?parent=164"}],"wp:term":[{"taxonomy":"product_brand","embeddable":true,"href":"http:\/\/dyvtour.cl\/es\/wp-json\/wp\/v2\/product_brand?post=164"},{"taxonomy":"product_cat","embeddable":true,"href":"http:\/\/dyvtour.cl\/es\/wp-json\/wp\/v2\/product_cat?post=164"},{"taxonomy":"product_tag","embeddable":true,"href":"http:\/\/dyvtour.cl\/es\/wp-json\/wp\/v2\/product_tag?post=164"}],"curies":[{"name":"wp","href":"https:\/\/api.w.org\/{rel}","templated":true}]}}