{"id":143,"date":"2025-04-05T18:51:59","date_gmt":"2025-04-05T21:51:59","guid":{"rendered":"http:\/\/dyvtour.cl\/?post_type=product&#038;p=143"},"modified":"2026-04-08T20:12:26","modified_gmt":"2026-04-08T23:12:26","slug":"tour-cajon-del-maipo-embalse-el-yeso","status":"publish","type":"product","link":"http:\/\/dyvtour.cl\/es\/tour\/tour-cajon-del-maipo-embalse-el-yeso\/","title":{"rendered":"Tour Caj\u00f3n del Maipo + Embalse El Yeso"},"content":{"rendered":"<p><span style=\"font-weight: 400;\">Ven a conocer esta nueva experiencia que te permite contemplar un entorno natural chileno, rodeado de volcanes, glaciares, cascadas, r\u00edos de agua cristalina y asombrosos miradores.<\/span><\/p>\n<p><span style=\"font-weight: 400;\">En esta aventura, conoceremos el <\/span><b>Caj\u00f3n del Maipo<\/b><span style=\"font-weight: 400;\">, el coraz\u00f3n habitado de la Cordillera de Los Andes y parte de <\/span><i><span style=\"font-weight: 400;\">San Jos\u00e9 de Maipo<\/span><\/i><span style=\"font-weight: 400;\">; la comuna que aloja este campestre y natural sector de la Regi\u00f3n Metropolitana.<\/span><\/p>\n<p><span style=\"font-weight: 400;\">Haremos varias paradas tur\u00edsticas hasta llegar al la Reserva Nacional <\/span><b>Embalse El Yeso<\/b><span style=\"font-weight: 400;\">, una laguna natural ubicada a 2.500 metros de altitud y que encanta con el color de sus aguas, variando entre color verde esmeralda y turquesa, acompa\u00f1ado de las monta\u00f1as de la cordillera que bordean la zona.<\/span><\/p>\n<p><span style=\"font-weight: 400;\">El embalse tiene m\u00e1s de 50 metros de profundidad, 6 kil\u00f3metros de largo y 1,5 kil\u00f3metros de ancho. Tras 10 a\u00f1os de construcci\u00f3n sobre un lago natural, hoy esta laguna es la principal fuente de agua potable de Santiago y las zonas agr\u00edcolas de la regi\u00f3n.<\/span><\/p>\n<p><span style=\"font-weight: 400;\">En esta parada, podr\u00e1s <\/span><b>disfrutar de un paisaje limpio y natural<\/b><span style=\"font-weight: 400;\">, tomar las mejores fotograf\u00edas y refrescarte con el viento cordillerano.<\/span><\/p>\n<p><span style=\"font-weight: 400;\">Siguiendo con el recorrido, llegaremos hasta uno de los atractivos tur\u00edsticos m\u00e1s llamativos del Caj\u00f3n del Maipo, llamado<\/span><b> Casa de Chocolate. <\/b><span style=\"font-weight: 400;\">Este es un m\u00e1gico lugar dentro de un peque\u00f1o bosque, en el que puedes disfrutar de sus exquisitas preparaciones dulces y mirar en detalle su particular arquitectura.<\/span><\/p>\n<p><span style=\"font-weight: 400;\">Y por \u00faltimo, para finalizar nuestro tour por la zona, <\/span><b>realizaremos un picnic en un entorno abierto y natural, <\/b><span style=\"font-weight: 400;\">donde podremos conversar sobre lo descubierto en la zona y disfrutar de los paisajes naturales que nos brinda el Caj\u00f3n del Maipo.<\/span><\/p>\n","protected":false},"excerpt":{"rendered":"<p>Ven a conocer esta nueva experiencia que te permite contemplar un entorno natural chileno, rodeado de volcanes, glaciares, cascadas, r\u00edos de agua cristalina y asombrosos miradores. En esta aventura, conoceremos el Caj\u00f3n del Maipo, el coraz\u00f3n habitado de la Cordillera de Los Andes y parte de San Jos\u00e9 de Maipo; la comuna que aloja este [&hellip;]<\/p>\n","protected":false},"featured_media":1143,"template":"","meta":{"_acf_changed":false},"product_brand":[],"product_cat":[21],"product_tag":[],"class_list":{"0":"post-143","1":"product","2":"type-product","3":"status-publish","4":"has-post-thumbnail","6":"product_cat-nieve","8":"first","9":"instock","10":"shipping-taxable","11":"product-type-simple"},"acf":[],"yoast_head":"<!-- This site is optimized with the Yoast SEO Premium plugin v22.0 (Yoast SEO v27.3) - https:\/\/yoast.com\/product\/yoast-seo-premium-wordpress\/ -->\n<title>Tour Caj\u00f3n del Maipo + Embalse El Yeso - DyV Tour<\/title>\n<meta name=\"robots\" content=\"index, follow, max-snippet:-1, max-image-preview:large, max-video-preview:-1\" \/>\n<link rel=\"canonical\" href=\"http:\/\/dyvtour.cl\/es\/tour\/tour-cajon-del-maipo-embalse-el-yeso\/\" \/>\n<meta property=\"og:locale\" content=\"es_ES\" \/>\n<meta property=\"og:type\" content=\"article\" \/>\n<meta property=\"og:title\" content=\"Tour Caj\u00f3n del Maipo + Embalse El Yeso\" \/>\n<meta property=\"og:description\" content=\"Ven a conocer esta nueva experiencia que te permite contemplar un entorno natural chileno, rodeado de volcanes, glaciares, cascadas, r\u00edos de agua cristalina y asombrosos miradores. En esta aventura, conoceremos el Caj\u00f3n del Maipo, el coraz\u00f3n habitado de la Cordillera de Los Andes y parte de San Jos\u00e9 de Maipo; la comuna que aloja este [&hellip;]\" \/>\n<meta property=\"og:url\" content=\"http:\/\/dyvtour.cl\/es\/tour\/tour-cajon-del-maipo-embalse-el-yeso\/\" \/>\n<meta property=\"og:site_name\" content=\"DyV Tour\" \/>\n<meta property=\"article:modified_time\" content=\"2026-04-08T23:12:26+00:00\" \/>\n<meta property=\"og:image\" content=\"http:\/\/dyvtour.cl\/wp-content\/uploads\/2025\/04\/Tour-Cajon-del-Maipo-mas-Embalse-el-Yeso-7-Pequeno.png\" \/>\n\t<meta property=\"og:image:width\" content=\"720\" \/>\n\t<meta property=\"og:image:height\" content=\"480\" \/>\n\t<meta property=\"og:image:type\" content=\"image\/png\" \/>\n<meta name=\"twitter:card\" content=\"summary_large_image\" \/>\n<meta name=\"twitter:label1\" content=\"Tiempo de lectura\" \/>\n\t<meta name=\"twitter:data1\" content=\"2 minutos\" \/>\n<script type=\"application\/ld+json\" class=\"yoast-schema-graph\">{\"@context\":\"https:\\\/\\\/schema.org\",\"@graph\":[{\"@type\":\"WebPage\",\"@id\":\"http:\\\/\\\/dyvtour.cl\\\/es\\\/tour\\\/tour-cajon-del-maipo-embalse-el-yeso\\\/\",\"url\":\"http:\\\/\\\/dyvtour.cl\\\/es\\\/tour\\\/tour-cajon-del-maipo-embalse-el-yeso\\\/\",\"name\":\"Tour Caj\u00f3n del Maipo + Embalse El Yeso - DyV Tour\",\"isPartOf\":{\"@id\":\"http:\\\/\\\/dyvtour.cl\\\/es\\\/#website\"},\"primaryImageOfPage\":{\"@id\":\"http:\\\/\\\/dyvtour.cl\\\/es\\\/tour\\\/tour-cajon-del-maipo-embalse-el-yeso\\\/#primaryimage\"},\"image\":{\"@id\":\"http:\\\/\\\/dyvtour.cl\\\/es\\\/tour\\\/tour-cajon-del-maipo-embalse-el-yeso\\\/#primaryimage\"},\"thumbnailUrl\":\"http:\\\/\\\/dyvtour.cl\\\/wp-content\\\/uploads\\\/2025\\\/04\\\/Tour-Cajon-del-Maipo-mas-Embalse-el-Yeso-7-Pequeno.png\",\"datePublished\":\"2025-04-05T21:51:59+00:00\",\"dateModified\":\"2026-04-08T23:12:26+00:00\",\"breadcrumb\":{\"@id\":\"http:\\\/\\\/dyvtour.cl\\\/es\\\/tour\\\/tour-cajon-del-maipo-embalse-el-yeso\\\/#breadcrumb\"},\"inLanguage\":\"es\",\"potentialAction\":[{\"@type\":\"ReadAction\",\"target\":[\"http:\\\/\\\/dyvtour.cl\\\/es\\\/tour\\\/tour-cajon-del-maipo-embalse-el-yeso\\\/\"]}]},{\"@type\":\"ImageObject\",\"inLanguage\":\"es\",\"@id\":\"http:\\\/\\\/dyvtour.cl\\\/es\\\/tour\\\/tour-cajon-del-maipo-embalse-el-yeso\\\/#primaryimage\",\"url\":\"http:\\\/\\\/dyvtour.cl\\\/wp-content\\\/uploads\\\/2025\\\/04\\\/Tour-Cajon-del-Maipo-mas-Embalse-el-Yeso-7-Pequeno.png\",\"contentUrl\":\"http:\\\/\\\/dyvtour.cl\\\/wp-content\\\/uploads\\\/2025\\\/04\\\/Tour-Cajon-del-Maipo-mas-Embalse-el-Yeso-7-Pequeno.png\",\"width\":720,\"height\":480},{\"@type\":\"BreadcrumbList\",\"@id\":\"http:\\\/\\\/dyvtour.cl\\\/es\\\/tour\\\/tour-cajon-del-maipo-embalse-el-yeso\\\/#breadcrumb\",\"itemListElement\":[{\"@type\":\"ListItem\",\"position\":1,\"name\":\"Portada\",\"item\":\"https:\\\/\\\/dyvtour.cl\\\/es\\\/\"},{\"@type\":\"ListItem\",\"position\":2,\"name\":\"Tienda\",\"item\":\"https:\\\/\\\/dyvtour.cl\\\/en\\\/tienda\\\/\"},{\"@type\":\"ListItem\",\"position\":3,\"name\":\"Tour Caj\u00f3n del Maipo + Embalse El Yeso\"}]},{\"@type\":\"WebSite\",\"@id\":\"http:\\\/\\\/dyvtour.cl\\\/es\\\/#website\",\"url\":\"http:\\\/\\\/dyvtour.cl\\\/es\\\/\",\"name\":\"DyV Tour\",\"description\":\"VIVE LA EXPERIENCIA\",\"publisher\":{\"@id\":\"http:\\\/\\\/dyvtour.cl\\\/es\\\/#organization\"},\"potentialAction\":[{\"@type\":\"SearchAction\",\"target\":{\"@type\":\"EntryPoint\",\"urlTemplate\":\"http:\\\/\\\/dyvtour.cl\\\/es\\\/?s={search_term_string}\"},\"query-input\":{\"@type\":\"PropertyValueSpecification\",\"valueRequired\":true,\"valueName\":\"search_term_string\"}}],\"inLanguage\":\"es\"},{\"@type\":\"Organization\",\"@id\":\"http:\\\/\\\/dyvtour.cl\\\/es\\\/#organization\",\"name\":\"DyV Tour\",\"url\":\"http:\\\/\\\/dyvtour.cl\\\/es\\\/\",\"logo\":{\"@type\":\"ImageObject\",\"inLanguage\":\"es\",\"@id\":\"http:\\\/\\\/dyvtour.cl\\\/es\\\/#\\\/schema\\\/logo\\\/image\\\/\",\"url\":\"http:\\\/\\\/dyvtour.cl\\\/wp-content\\\/uploads\\\/2026\\\/04\\\/logotipo-transparente_1_tour-dv-tour-chile.webp\",\"contentUrl\":\"http:\\\/\\\/dyvtour.cl\\\/wp-content\\\/uploads\\\/2026\\\/04\\\/logotipo-transparente_1_tour-dv-tour-chile.webp\",\"width\":350,\"height\":142,\"caption\":\"DyV Tour\"},\"image\":{\"@id\":\"http:\\\/\\\/dyvtour.cl\\\/es\\\/#\\\/schema\\\/logo\\\/image\\\/\"}}]}<\/script>\n<!-- \/ Yoast SEO Premium plugin. -->","yoast_head_json":{"title":"Tour Caj\u00f3n del Maipo + Embalse El Yeso - DyV Tour","robots":{"index":"index","follow":"follow","max-snippet":"max-snippet:-1","max-image-preview":"max-image-preview:large","max-video-preview":"max-video-preview:-1"},"canonical":"http:\/\/dyvtour.cl\/es\/tour\/tour-cajon-del-maipo-embalse-el-yeso\/","og_locale":"es_ES","og_type":"article","og_title":"Tour Caj\u00f3n del Maipo + Embalse El Yeso","og_description":"Ven a conocer esta nueva experiencia que te permite contemplar un entorno natural chileno, rodeado de volcanes, glaciares, cascadas, r\u00edos de agua cristalina y asombrosos miradores. En esta aventura, conoceremos el Caj\u00f3n del Maipo, el coraz\u00f3n habitado de la Cordillera de Los Andes y parte de San Jos\u00e9 de Maipo; la comuna que aloja este [&hellip;]","og_url":"http:\/\/dyvtour.cl\/es\/tour\/tour-cajon-del-maipo-embalse-el-yeso\/","og_site_name":"DyV Tour","article_modified_time":"2026-04-08T23:12:26+00:00","og_image":[{"width":720,"height":480,"url":"http:\/\/dyvtour.cl\/wp-content\/uploads\/2025\/04\/Tour-Cajon-del-Maipo-mas-Embalse-el-Yeso-7-Pequeno.png","type":"image\/png"}],"twitter_card":"summary_large_image","twitter_misc":{"Tiempo de lectura":"2 minutos"},"schema":{"@context":"https:\/\/schema.org","@graph":[{"@type":"WebPage","@id":"http:\/\/dyvtour.cl\/es\/tour\/tour-cajon-del-maipo-embalse-el-yeso\/","url":"http:\/\/dyvtour.cl\/es\/tour\/tour-cajon-del-maipo-embalse-el-yeso\/","name":"Tour Caj\u00f3n del Maipo + Embalse El Yeso - DyV Tour","isPartOf":{"@id":"http:\/\/dyvtour.cl\/es\/#website"},"primaryImageOfPage":{"@id":"http:\/\/dyvtour.cl\/es\/tour\/tour-cajon-del-maipo-embalse-el-yeso\/#primaryimage"},"image":{"@id":"http:\/\/dyvtour.cl\/es\/tour\/tour-cajon-del-maipo-embalse-el-yeso\/#primaryimage"},"thumbnailUrl":"http:\/\/dyvtour.cl\/wp-content\/uploads\/2025\/04\/Tour-Cajon-del-Maipo-mas-Embalse-el-Yeso-7-Pequeno.png","datePublished":"2025-04-05T21:51:59+00:00","dateModified":"2026-04-08T23:12:26+00:00","breadcrumb":{"@id":"http:\/\/dyvtour.cl\/es\/tour\/tour-cajon-del-maipo-embalse-el-yeso\/#breadcrumb"},"inLanguage":"es","potentialAction":[{"@type":"ReadAction","target":["http:\/\/dyvtour.cl\/es\/tour\/tour-cajon-del-maipo-embalse-el-yeso\/"]}]},{"@type":"ImageObject","inLanguage":"es","@id":"http:\/\/dyvtour.cl\/es\/tour\/tour-cajon-del-maipo-embalse-el-yeso\/#primaryimage","url":"http:\/\/dyvtour.cl\/wp-content\/uploads\/2025\/04\/Tour-Cajon-del-Maipo-mas-Embalse-el-Yeso-7-Pequeno.png","contentUrl":"http:\/\/dyvtour.cl\/wp-content\/uploads\/2025\/04\/Tour-Cajon-del-Maipo-mas-Embalse-el-Yeso-7-Pequeno.png","width":720,"height":480},{"@type":"BreadcrumbList","@id":"http:\/\/dyvtour.cl\/es\/tour\/tour-cajon-del-maipo-embalse-el-yeso\/#breadcrumb","itemListElement":[{"@type":"ListItem","position":1,"name":"Portada","item":"https:\/\/dyvtour.cl\/es\/"},{"@type":"ListItem","position":2,"name":"Tienda","item":"https:\/\/dyvtour.cl\/en\/tienda\/"},{"@type":"ListItem","position":3,"name":"Tour Caj\u00f3n del Maipo + Embalse El Yeso"}]},{"@type":"WebSite","@id":"http:\/\/dyvtour.cl\/es\/#website","url":"http:\/\/dyvtour.cl\/es\/","name":"DyV Tour","description":"VIVE LA EXPERIENCIA","publisher":{"@id":"http:\/\/dyvtour.cl\/es\/#organization"},"potentialAction":[{"@type":"SearchAction","target":{"@type":"EntryPoint","urlTemplate":"http:\/\/dyvtour.cl\/es\/?s={search_term_string}"},"query-input":{"@type":"PropertyValueSpecification","valueRequired":true,"valueName":"search_term_string"}}],"inLanguage":"es"},{"@type":"Organization","@id":"http:\/\/dyvtour.cl\/es\/#organization","name":"DyV Tour","url":"http:\/\/dyvtour.cl\/es\/","logo":{"@type":"ImageObject","inLanguage":"es","@id":"http:\/\/dyvtour.cl\/es\/#\/schema\/logo\/image\/","url":"http:\/\/dyvtour.cl\/wp-content\/uploads\/2026\/04\/logotipo-transparente_1_tour-dv-tour-chile.webp","contentUrl":"http:\/\/dyvtour.cl\/wp-content\/uploads\/2026\/04\/logotipo-transparente_1_tour-dv-tour-chile.webp","width":350,"height":142,"caption":"DyV Tour"},"image":{"@id":"http:\/\/dyvtour.cl\/es\/#\/schema\/logo\/image\/"}}]}},"_links":{"self":[{"href":"http:\/\/dyvtour.cl\/es\/wp-json\/wp\/v2\/product\/143","targetHints":{"allow":["GET"]}}],"collection":[{"href":"http:\/\/dyvtour.cl\/es\/wp-json\/wp\/v2\/product"}],"about":[{"href":"http:\/\/dyvtour.cl\/es\/wp-json\/wp\/v2\/types\/product"}],"wp:featuredmedia":[{"embeddable":true,"href":"http:\/\/dyvtour.cl\/es\/wp-json\/wp\/v2\/media\/1143"}],"wp:attachment":[{"href":"http:\/\/dyvtour.cl\/es\/wp-json\/wp\/v2\/media?parent=143"}],"wp:term":[{"taxonomy":"product_brand","embeddable":true,"href":"http:\/\/dyvtour.cl\/es\/wp-json\/wp\/v2\/product_brand?post=143"},{"taxonomy":"product_cat","embeddable":true,"href":"http:\/\/dyvtour.cl\/es\/wp-json\/wp\/v2\/product_cat?post=143"},{"taxonomy":"product_tag","embeddable":true,"href":"http:\/\/dyvtour.cl\/es\/wp-json\/wp\/v2\/product_tag?post=143"}],"curies":[{"name":"wp","href":"https:\/\/api.w.org\/{rel}","templated":true}]}}