{"id":122,"date":"2025-04-05T18:44:50","date_gmt":"2025-04-05T21:44:50","guid":{"rendered":"http:\/\/dyvtour.cl\/?post_type=product&#038;p=122"},"modified":"2026-04-07T22:55:16","modified_gmt":"2026-04-08T01:55:16","slug":"tour-valparaiso-vina-del-mar","status":"publish","type":"product","link":"http:\/\/dyvtour.cl\/es\/tour\/tour-valparaiso-vina-del-mar\/","title":{"rendered":"Tour<br> Valpara\u00cdso + Vi\u00f1a del Mar"},"content":{"rendered":"<ul>\n<li><span style=\"font-weight: 400;\">Ven a conocer nuestra costa central del oc\u00e9ano Pac\u00edfico de la <\/span><b>Regi\u00f3n de Valpara\u00edso<\/b><span style=\"font-weight: 400;\">, donde conocer\u00e1s la historia de emblem\u00e1ticos centros tur\u00edsticos y tener unas de las mejores experiencias de visita a la arquitectura y cultura chilena.<\/span><\/li>\n<li><span style=\"font-weight: 400;\">Comenzamos con la primera parada tur\u00edstica en la localidad de <\/span><b>Casablanca, <\/b><span style=\"font-weight: 400;\">donde podr\u00e1s tomar desayuno y reponer tus energ\u00eda para comenzar esta linda experiencia.<br \/>\n<\/span><span style=\"font-weight: 400;\">Despu\u00e9s de dejar Casablanca, llegaremos a la ciudad hist\u00f3rica de <\/span><b>Valpara\u00edso<\/b><span style=\"font-weight: 400;\">, aqu\u00ed vamos a conocer unas de las 3 casas del poeta chileno <\/span><b>Pablo Neruda, <\/b><span style=\"font-weight: 400;\">que es conocido internacionalmente por sus logros como escritor.<\/span><\/li>\n<li><span style=\"font-weight: 400;\">Luego de dejar la historia de Pablo Neruda vamos a explorar el<\/span><b> coraz\u00f3n de Valpara\u00edso<\/b><span style=\"font-weight: 400;\"> para conocer el barrio art\u00edstico. Realizaremos una <\/span><b>caminata<\/b><span style=\"font-weight: 400;\">, junto con nuestro gu\u00eda, explicando la historia de cada lugar que conoceremos. Es una caminata muy divertida y llena de historia que podr\u00e1s experimentar.<\/span><\/li>\n<li><span style=\"font-weight: 400;\">A continuaci\u00f3n, pasaremos por la <\/span><b>Plaza Sotomayor, <\/b><span style=\"font-weight: 400;\">que es considerada el mayor centro c\u00edvico de la ciudad. Aqu\u00ed contemplaremos varios monumentos de nuestros h\u00e9roes que lucharon y sacrificaron sus vidas en la Guerra del Pac\u00edfico de 1879.<\/span><\/li>\n<li><span style=\"font-weight: 400;\">Nuestra pr\u00f3xima parada es el <\/span><b>Reloj de Flores<\/b><span style=\"font-weight: 400;\">, en la ciudad jard\u00edn de<\/span><b> Vi\u00f1a del Mar.<\/b><span style=\"font-weight: 400;\"> Este punto de atracci\u00f3n tur\u00edstica fue inaugurado en 1962 para dar la bienvenida a los visitantes de la copa del mundo, que fue realizada en Chile. Este jard\u00edn tiene m\u00e1s de 8 mil flores y plantas y es uno de los lugares m\u00e1s fotografiados por los turistas.<\/span><\/li>\n<li><span style=\"font-weight: 400;\">Posterior de la visita de Reloj de Flores, vamos a visitar el <\/span><b>Museo Fonck,<\/b><span style=\"font-weight: 400;\"> un recinto de historia que se caracteriza por sus antig\u00fcedades y un resguardado Moai proveniente de Rapa Nui.<\/span><\/li>\n<li><span style=\"font-weight: 400;\">Ya finalizando el recorrido, nos desplazaremos a uno de los restaurantes de Vi\u00f1a del Mar para un almuerzo contemplando el Oc\u00e9ano Pac\u00edfico, que luego terminar\u00e1 en una<\/span><b> playa vi\u00f1amarina<\/b><span style=\"font-weight: 400;\">, donde tendremos tiempo de descansar en la arena y contemplar el mar.<\/span><\/li>\n<\/ul>\n","protected":false},"excerpt":{"rendered":"<p>Ven a conocer nuestra costa central del oc\u00e9ano Pac\u00edfico de la Regi\u00f3n de Valpara\u00edso, donde conocer\u00e1s la historia de emblem\u00e1ticos centros tur\u00edsticos y tener unas de las mejores experiencias de visita a la arquitectura y cultura chilena. Comenzamos con la primera parada tur\u00edstica en la localidad de Casablanca, donde podr\u00e1s tomar desayuno y reponer tus [&hellip;]<\/p>\n","protected":false},"featured_media":1131,"template":"","meta":{"_acf_changed":false},"product_brand":[],"product_cat":[20],"product_tag":[],"class_list":{"0":"post-122","1":"product","2":"type-product","3":"status-publish","4":"has-post-thumbnail","6":"product_cat-litoral","8":"first","9":"instock","10":"shipping-taxable","11":"product-type-simple"},"acf":[],"yoast_head":"<!-- This site is optimized with the Yoast SEO Premium plugin v22.0 (Yoast SEO v27.3) - https:\/\/yoast.com\/product\/yoast-seo-premium-wordpress\/ -->\n<title>Tour Valpara\u00cdso + Vi\u00f1a del Mar - DyV Tour<\/title>\n<meta name=\"robots\" content=\"index, follow, max-snippet:-1, max-image-preview:large, max-video-preview:-1\" \/>\n<link rel=\"canonical\" href=\"https:\/\/dyvtour.cl\/es\/tour\/tour-valparaiso-vina-del-mar\/\" \/>\n<meta property=\"og:locale\" content=\"es_ES\" \/>\n<meta property=\"og:type\" content=\"article\" \/>\n<meta property=\"og:title\" content=\"Tour Valpara\u00cdso + Vi\u00f1a del Mar\" \/>\n<meta property=\"og:description\" content=\"Ven a conocer nuestra costa central del oc\u00e9ano Pac\u00edfico de la Regi\u00f3n de Valpara\u00edso, donde conocer\u00e1s la historia de emblem\u00e1ticos centros tur\u00edsticos y tener unas de las mejores experiencias de visita a la arquitectura y cultura chilena. Comenzamos con la primera parada tur\u00edstica en la localidad de Casablanca, donde podr\u00e1s tomar desayuno y reponer tus [&hellip;]\" \/>\n<meta property=\"og:url\" content=\"https:\/\/dyvtour.cl\/es\/tour\/tour-valparaiso-vina-del-mar\/\" \/>\n<meta property=\"og:site_name\" content=\"DyV Tour\" \/>\n<meta property=\"article:modified_time\" content=\"2026-04-08T01:55:16+00:00\" \/>\n<meta property=\"og:image\" content=\"https:\/\/dyvtour.cl\/wp-content\/uploads\/2025\/04\/Tour-Valparaiso-Vina-del-Mar-1-Pequeno.png\" \/>\n\t<meta property=\"og:image:width\" content=\"480\" \/>\n\t<meta property=\"og:image:height\" content=\"720\" \/>\n\t<meta property=\"og:image:type\" content=\"image\/png\" \/>\n<meta name=\"twitter:card\" content=\"summary_large_image\" \/>\n<meta name=\"twitter:label1\" content=\"Tiempo de lectura\" \/>\n\t<meta name=\"twitter:data1\" content=\"2 minutos\" \/>\n<script type=\"application\/ld+json\" class=\"yoast-schema-graph\">{\"@context\":\"https:\\\/\\\/schema.org\",\"@graph\":[{\"@type\":\"WebPage\",\"@id\":\"https:\\\/\\\/dyvtour.cl\\\/pt\\\/tour\\\/tour-valparaiso-vina-del-mar\\\/\",\"url\":\"https:\\\/\\\/dyvtour.cl\\\/pt\\\/tour\\\/tour-valparaiso-vina-del-mar\\\/\",\"name\":\"Tour Valpara\u00cdso + Vi\u00f1a del Mar - DyV Tour\",\"isPartOf\":{\"@id\":\"http:\\\/\\\/dyvtour.cl\\\/es\\\/#website\"},\"primaryImageOfPage\":{\"@id\":\"https:\\\/\\\/dyvtour.cl\\\/pt\\\/tour\\\/tour-valparaiso-vina-del-mar\\\/#primaryimage\"},\"image\":{\"@id\":\"https:\\\/\\\/dyvtour.cl\\\/pt\\\/tour\\\/tour-valparaiso-vina-del-mar\\\/#primaryimage\"},\"thumbnailUrl\":\"http:\\\/\\\/dyvtour.cl\\\/wp-content\\\/uploads\\\/2025\\\/04\\\/Tour-Valparaiso-Vina-del-Mar-1-Pequeno.png\",\"datePublished\":\"2025-04-05T21:44:50+00:00\",\"dateModified\":\"2026-04-08T01:55:16+00:00\",\"breadcrumb\":{\"@id\":\"https:\\\/\\\/dyvtour.cl\\\/pt\\\/tour\\\/tour-valparaiso-vina-del-mar\\\/#breadcrumb\"},\"inLanguage\":\"es\",\"potentialAction\":[{\"@type\":\"ReadAction\",\"target\":[\"https:\\\/\\\/dyvtour.cl\\\/pt\\\/tour\\\/tour-valparaiso-vina-del-mar\\\/\"]}]},{\"@type\":\"ImageObject\",\"inLanguage\":\"es\",\"@id\":\"https:\\\/\\\/dyvtour.cl\\\/pt\\\/tour\\\/tour-valparaiso-vina-del-mar\\\/#primaryimage\",\"url\":\"http:\\\/\\\/dyvtour.cl\\\/wp-content\\\/uploads\\\/2025\\\/04\\\/Tour-Valparaiso-Vina-del-Mar-1-Pequeno.png\",\"contentUrl\":\"http:\\\/\\\/dyvtour.cl\\\/wp-content\\\/uploads\\\/2025\\\/04\\\/Tour-Valparaiso-Vina-del-Mar-1-Pequeno.png\",\"width\":480,\"height\":720},{\"@type\":\"BreadcrumbList\",\"@id\":\"https:\\\/\\\/dyvtour.cl\\\/pt\\\/tour\\\/tour-valparaiso-vina-del-mar\\\/#breadcrumb\",\"itemListElement\":[{\"@type\":\"ListItem\",\"position\":1,\"name\":\"Portada\",\"item\":\"https:\\\/\\\/dyvtour.cl\\\/es\\\/\"},{\"@type\":\"ListItem\",\"position\":2,\"name\":\"Tienda\",\"item\":\"https:\\\/\\\/dyvtour.cl\\\/en\\\/tienda\\\/\"},{\"@type\":\"ListItem\",\"position\":3,\"name\":\"Tour Valpara\u00cdso + Vi\u00f1a del Mar\"}]},{\"@type\":\"WebSite\",\"@id\":\"http:\\\/\\\/dyvtour.cl\\\/es\\\/#website\",\"url\":\"http:\\\/\\\/dyvtour.cl\\\/es\\\/\",\"name\":\"DyV Tour\",\"description\":\"VIVE LA EXPERIENCIA\",\"publisher\":{\"@id\":\"http:\\\/\\\/dyvtour.cl\\\/es\\\/#organization\"},\"potentialAction\":[{\"@type\":\"SearchAction\",\"target\":{\"@type\":\"EntryPoint\",\"urlTemplate\":\"http:\\\/\\\/dyvtour.cl\\\/es\\\/?s={search_term_string}\"},\"query-input\":{\"@type\":\"PropertyValueSpecification\",\"valueRequired\":true,\"valueName\":\"search_term_string\"}}],\"inLanguage\":\"es\"},{\"@type\":\"Organization\",\"@id\":\"http:\\\/\\\/dyvtour.cl\\\/es\\\/#organization\",\"name\":\"DyV Tour\",\"url\":\"http:\\\/\\\/dyvtour.cl\\\/es\\\/\",\"logo\":{\"@type\":\"ImageObject\",\"inLanguage\":\"es\",\"@id\":\"http:\\\/\\\/dyvtour.cl\\\/es\\\/#\\\/schema\\\/logo\\\/image\\\/\",\"url\":\"http:\\\/\\\/dyvtour.cl\\\/wp-content\\\/uploads\\\/2026\\\/04\\\/logotipo-transparente_1_tour-dv-tour-chile.webp\",\"contentUrl\":\"http:\\\/\\\/dyvtour.cl\\\/wp-content\\\/uploads\\\/2026\\\/04\\\/logotipo-transparente_1_tour-dv-tour-chile.webp\",\"width\":350,\"height\":142,\"caption\":\"DyV Tour\"},\"image\":{\"@id\":\"http:\\\/\\\/dyvtour.cl\\\/es\\\/#\\\/schema\\\/logo\\\/image\\\/\"}}]}<\/script>\n<!-- \/ Yoast SEO Premium plugin. -->","yoast_head_json":{"title":"Tour Valpara\u00cdso + Vi\u00f1a del Mar - DyV Tour","robots":{"index":"index","follow":"follow","max-snippet":"max-snippet:-1","max-image-preview":"max-image-preview:large","max-video-preview":"max-video-preview:-1"},"canonical":"https:\/\/dyvtour.cl\/es\/tour\/tour-valparaiso-vina-del-mar\/","og_locale":"es_ES","og_type":"article","og_title":"Tour Valpara\u00cdso + Vi\u00f1a del Mar","og_description":"Ven a conocer nuestra costa central del oc\u00e9ano Pac\u00edfico de la Regi\u00f3n de Valpara\u00edso, donde conocer\u00e1s la historia de emblem\u00e1ticos centros tur\u00edsticos y tener unas de las mejores experiencias de visita a la arquitectura y cultura chilena. Comenzamos con la primera parada tur\u00edstica en la localidad de Casablanca, donde podr\u00e1s tomar desayuno y reponer tus [&hellip;]","og_url":"https:\/\/dyvtour.cl\/es\/tour\/tour-valparaiso-vina-del-mar\/","og_site_name":"DyV Tour","article_modified_time":"2026-04-08T01:55:16+00:00","og_image":[{"width":480,"height":720,"url":"https:\/\/dyvtour.cl\/wp-content\/uploads\/2025\/04\/Tour-Valparaiso-Vina-del-Mar-1-Pequeno.png","type":"image\/png"}],"twitter_card":"summary_large_image","twitter_misc":{"Tiempo de lectura":"2 minutos"},"schema":{"@context":"https:\/\/schema.org","@graph":[{"@type":"WebPage","@id":"https:\/\/dyvtour.cl\/pt\/tour\/tour-valparaiso-vina-del-mar\/","url":"https:\/\/dyvtour.cl\/pt\/tour\/tour-valparaiso-vina-del-mar\/","name":"Tour Valpara\u00cdso + Vi\u00f1a del Mar - DyV Tour","isPartOf":{"@id":"http:\/\/dyvtour.cl\/es\/#website"},"primaryImageOfPage":{"@id":"https:\/\/dyvtour.cl\/pt\/tour\/tour-valparaiso-vina-del-mar\/#primaryimage"},"image":{"@id":"https:\/\/dyvtour.cl\/pt\/tour\/tour-valparaiso-vina-del-mar\/#primaryimage"},"thumbnailUrl":"http:\/\/dyvtour.cl\/wp-content\/uploads\/2025\/04\/Tour-Valparaiso-Vina-del-Mar-1-Pequeno.png","datePublished":"2025-04-05T21:44:50+00:00","dateModified":"2026-04-08T01:55:16+00:00","breadcrumb":{"@id":"https:\/\/dyvtour.cl\/pt\/tour\/tour-valparaiso-vina-del-mar\/#breadcrumb"},"inLanguage":"es","potentialAction":[{"@type":"ReadAction","target":["https:\/\/dyvtour.cl\/pt\/tour\/tour-valparaiso-vina-del-mar\/"]}]},{"@type":"ImageObject","inLanguage":"es","@id":"https:\/\/dyvtour.cl\/pt\/tour\/tour-valparaiso-vina-del-mar\/#primaryimage","url":"http:\/\/dyvtour.cl\/wp-content\/uploads\/2025\/04\/Tour-Valparaiso-Vina-del-Mar-1-Pequeno.png","contentUrl":"http:\/\/dyvtour.cl\/wp-content\/uploads\/2025\/04\/Tour-Valparaiso-Vina-del-Mar-1-Pequeno.png","width":480,"height":720},{"@type":"BreadcrumbList","@id":"https:\/\/dyvtour.cl\/pt\/tour\/tour-valparaiso-vina-del-mar\/#breadcrumb","itemListElement":[{"@type":"ListItem","position":1,"name":"Portada","item":"https:\/\/dyvtour.cl\/es\/"},{"@type":"ListItem","position":2,"name":"Tienda","item":"https:\/\/dyvtour.cl\/en\/tienda\/"},{"@type":"ListItem","position":3,"name":"Tour Valpara\u00cdso + Vi\u00f1a del Mar"}]},{"@type":"WebSite","@id":"http:\/\/dyvtour.cl\/es\/#website","url":"http:\/\/dyvtour.cl\/es\/","name":"DyV Tour","description":"VIVE LA EXPERIENCIA","publisher":{"@id":"http:\/\/dyvtour.cl\/es\/#organization"},"potentialAction":[{"@type":"SearchAction","target":{"@type":"EntryPoint","urlTemplate":"http:\/\/dyvtour.cl\/es\/?s={search_term_string}"},"query-input":{"@type":"PropertyValueSpecification","valueRequired":true,"valueName":"search_term_string"}}],"inLanguage":"es"},{"@type":"Organization","@id":"http:\/\/dyvtour.cl\/es\/#organization","name":"DyV Tour","url":"http:\/\/dyvtour.cl\/es\/","logo":{"@type":"ImageObject","inLanguage":"es","@id":"http:\/\/dyvtour.cl\/es\/#\/schema\/logo\/image\/","url":"http:\/\/dyvtour.cl\/wp-content\/uploads\/2026\/04\/logotipo-transparente_1_tour-dv-tour-chile.webp","contentUrl":"http:\/\/dyvtour.cl\/wp-content\/uploads\/2026\/04\/logotipo-transparente_1_tour-dv-tour-chile.webp","width":350,"height":142,"caption":"DyV Tour"},"image":{"@id":"http:\/\/dyvtour.cl\/es\/#\/schema\/logo\/image\/"}}]}},"_links":{"self":[{"href":"http:\/\/dyvtour.cl\/es\/wp-json\/wp\/v2\/product\/122","targetHints":{"allow":["GET"]}}],"collection":[{"href":"http:\/\/dyvtour.cl\/es\/wp-json\/wp\/v2\/product"}],"about":[{"href":"http:\/\/dyvtour.cl\/es\/wp-json\/wp\/v2\/types\/product"}],"wp:featuredmedia":[{"embeddable":true,"href":"http:\/\/dyvtour.cl\/es\/wp-json\/wp\/v2\/media\/1131"}],"wp:attachment":[{"href":"http:\/\/dyvtour.cl\/es\/wp-json\/wp\/v2\/media?parent=122"}],"wp:term":[{"taxonomy":"product_brand","embeddable":true,"href":"http:\/\/dyvtour.cl\/es\/wp-json\/wp\/v2\/product_brand?post=122"},{"taxonomy":"product_cat","embeddable":true,"href":"http:\/\/dyvtour.cl\/es\/wp-json\/wp\/v2\/product_cat?post=122"},{"taxonomy":"product_tag","embeddable":true,"href":"http:\/\/dyvtour.cl\/es\/wp-json\/wp\/v2\/product_tag?post=122"}],"curies":[{"name":"wp","href":"https:\/\/api.w.org\/{rel}","templated":true}]}}