{"id":102,"date":"2025-04-05T18:22:58","date_gmt":"2025-04-05T21:22:58","guid":{"rendered":"http:\/\/dyvtour.cl\/?post_type=product&#038;p=102"},"modified":"2026-04-07T22:55:27","modified_gmt":"2026-04-08T01:55:27","slug":"tour-parque-farellones","status":"publish","type":"product","link":"http:\/\/dyvtour.cl\/es\/tour\/tour-parque-farellones\/","title":{"rendered":"Tour<br> Parque Farellones"},"content":{"rendered":"<p><span style=\"font-weight: 400;\">Explora el invierno chileno en las monta\u00f1as de Los Andes, rodeada de naturaleza y vistas panor\u00e1micas, donde descubrir\u00e1s muchas aventuras y experiencias \u00fanicas en el <\/span><b>Parque Farellones<\/b><span style=\"font-weight: 400;\">, un lugar en la cordillera ubicado a una altitud de 2.340 mts.<\/span><\/p>\n<p><span style=\"font-weight: 400;\">Para comenzar esta entretenida aventura, pasaremos por un rental de ropa para que puedas arrendar trajes especializados de nieve y disfrutar de la mejor experiencia fr\u00eda con los implementos necesarios. Adem\u00e1s, tendremos tiempo para tomar un caf\u00e9 por la ma\u00f1ana y reponer energ\u00edas para el resto del d\u00eda.<\/span><\/p>\n<p><span style=\"font-weight: 400;\">El Parque Farellones te brinda distintas actividades, donde podr\u00e1s aventurarte a la adrenalina y disfrutar de tu experiencia al m\u00e1ximo:<\/span><\/p>\n<ul>\n<li style=\"font-weight: 400;\" aria-level=\"1\"><b>Esqu\u00ed y snowboard:<\/b><span style=\"font-weight: 400;\"> Aventuras en las pistas de clase mundial.<\/span><\/li>\n<li style=\"font-weight: 400;\" aria-level=\"1\"><b>Tubing:<\/b><span style=\"font-weight: 400;\"> Desl\u00edzate en la nieve arriba de un flotador inflable.<\/span><\/li>\n<li style=\"font-weight: 400;\" aria-level=\"1\"><b>Trineos: <\/b><span style=\"font-weight: 400;\">Descensos emocionantes en paisajes espectaculares.<\/span><\/li>\n<li style=\"font-weight: 400;\" aria-level=\"1\"><b>Canopy:<\/b><span style=\"font-weight: 400;\"> Atr\u00e9vete a volar desde un cordel y disfruta la vista.<\/span><\/li>\n<\/ul>\n<p><b>Silla panor\u00e1mica:<\/b><span style=\"font-weight: 400;\"> Un paseo por las nubes para ir acompa\u00f1ado.<\/span><\/p>\n","protected":false},"excerpt":{"rendered":"<p>Explora el invierno chileno en las monta\u00f1as de Los Andes, rodeada de naturaleza y vistas panor\u00e1micas, donde descubrir\u00e1s muchas aventuras y experiencias \u00fanicas en el Parque Farellones, un lugar en la cordillera ubicado a una altitud de 2.340 mts. Para comenzar esta entretenida aventura, pasaremos por un rental de ropa para que puedas arrendar trajes [&hellip;]<\/p>\n","protected":false},"featured_media":1156,"template":"","meta":{"_acf_changed":false},"product_brand":[],"product_cat":[21],"product_tag":[],"class_list":{"0":"post-102","1":"product","2":"type-product","3":"status-publish","4":"has-post-thumbnail","6":"product_cat-nieve","8":"first","9":"instock","10":"shipping-taxable","11":"product-type-simple"},"acf":[],"yoast_head":"<!-- This site is optimized with the Yoast SEO Premium plugin v22.0 (Yoast SEO v27.3) - https:\/\/yoast.com\/product\/yoast-seo-premium-wordpress\/ -->\n<title>Tour Parque Farellones - DyV Tour<\/title>\n<meta name=\"robots\" content=\"index, follow, max-snippet:-1, max-image-preview:large, max-video-preview:-1\" \/>\n<link rel=\"canonical\" href=\"http:\/\/dyvtour.cl\/es\/tour\/tour-parque-farellones\/\" \/>\n<meta property=\"og:locale\" content=\"es_ES\" \/>\n<meta property=\"og:type\" content=\"article\" \/>\n<meta property=\"og:title\" content=\"Tour Parque Farellones\" \/>\n<meta property=\"og:description\" content=\"Explora el invierno chileno en las monta\u00f1as de Los Andes, rodeada de naturaleza y vistas panor\u00e1micas, donde descubrir\u00e1s muchas aventuras y experiencias \u00fanicas en el Parque Farellones, un lugar en la cordillera ubicado a una altitud de 2.340 mts. Para comenzar esta entretenida aventura, pasaremos por un rental de ropa para que puedas arrendar trajes [&hellip;]\" \/>\n<meta property=\"og:url\" content=\"http:\/\/dyvtour.cl\/es\/tour\/tour-parque-farellones\/\" \/>\n<meta property=\"og:site_name\" content=\"DyV Tour\" \/>\n<meta property=\"article:modified_time\" content=\"2026-04-08T01:55:27+00:00\" \/>\n<meta property=\"og:image\" content=\"http:\/\/dyvtour.cl\/wp-content\/uploads\/2025\/04\/TOUR-PARQUE-FARELLONES-15-Pequeno.png\" \/>\n\t<meta property=\"og:image:width\" content=\"720\" \/>\n\t<meta property=\"og:image:height\" content=\"480\" \/>\n\t<meta property=\"og:image:type\" content=\"image\/png\" \/>\n<meta name=\"twitter:card\" content=\"summary_large_image\" \/>\n<meta name=\"twitter:label1\" content=\"Tiempo de lectura\" \/>\n\t<meta name=\"twitter:data1\" content=\"1 minuto\" \/>\n<script type=\"application\/ld+json\" class=\"yoast-schema-graph\">{\"@context\":\"https:\\\/\\\/schema.org\",\"@graph\":[{\"@type\":\"WebPage\",\"@id\":\"http:\\\/\\\/dyvtour.cl\\\/pt\\\/tour\\\/tour-parque-farellones\\\/\",\"url\":\"http:\\\/\\\/dyvtour.cl\\\/pt\\\/tour\\\/tour-parque-farellones\\\/\",\"name\":\"Tour Parque Farellones - DyV Tour\",\"isPartOf\":{\"@id\":\"http:\\\/\\\/dyvtour.cl\\\/es\\\/#website\"},\"primaryImageOfPage\":{\"@id\":\"http:\\\/\\\/dyvtour.cl\\\/pt\\\/tour\\\/tour-parque-farellones\\\/#primaryimage\"},\"image\":{\"@id\":\"http:\\\/\\\/dyvtour.cl\\\/pt\\\/tour\\\/tour-parque-farellones\\\/#primaryimage\"},\"thumbnailUrl\":\"http:\\\/\\\/dyvtour.cl\\\/wp-content\\\/uploads\\\/2025\\\/04\\\/TOUR-PARQUE-FARELLONES-15-Pequeno.png\",\"datePublished\":\"2025-04-05T21:22:58+00:00\",\"dateModified\":\"2026-04-08T01:55:27+00:00\",\"breadcrumb\":{\"@id\":\"http:\\\/\\\/dyvtour.cl\\\/pt\\\/tour\\\/tour-parque-farellones\\\/#breadcrumb\"},\"inLanguage\":\"es\",\"potentialAction\":[{\"@type\":\"ReadAction\",\"target\":[\"http:\\\/\\\/dyvtour.cl\\\/pt\\\/tour\\\/tour-parque-farellones\\\/\"]}]},{\"@type\":\"ImageObject\",\"inLanguage\":\"es\",\"@id\":\"http:\\\/\\\/dyvtour.cl\\\/pt\\\/tour\\\/tour-parque-farellones\\\/#primaryimage\",\"url\":\"http:\\\/\\\/dyvtour.cl\\\/wp-content\\\/uploads\\\/2025\\\/04\\\/TOUR-PARQUE-FARELLONES-15-Pequeno.png\",\"contentUrl\":\"http:\\\/\\\/dyvtour.cl\\\/wp-content\\\/uploads\\\/2025\\\/04\\\/TOUR-PARQUE-FARELLONES-15-Pequeno.png\",\"width\":720,\"height\":480},{\"@type\":\"BreadcrumbList\",\"@id\":\"http:\\\/\\\/dyvtour.cl\\\/pt\\\/tour\\\/tour-parque-farellones\\\/#breadcrumb\",\"itemListElement\":[{\"@type\":\"ListItem\",\"position\":1,\"name\":\"Portada\",\"item\":\"https:\\\/\\\/dyvtour.cl\\\/es\\\/\"},{\"@type\":\"ListItem\",\"position\":2,\"name\":\"Tienda\",\"item\":\"https:\\\/\\\/dyvtour.cl\\\/en\\\/tienda\\\/\"},{\"@type\":\"ListItem\",\"position\":3,\"name\":\"Tour Parque Farellones\"}]},{\"@type\":\"WebSite\",\"@id\":\"http:\\\/\\\/dyvtour.cl\\\/es\\\/#website\",\"url\":\"http:\\\/\\\/dyvtour.cl\\\/es\\\/\",\"name\":\"DyV Tour\",\"description\":\"VIVE LA EXPERIENCIA\",\"publisher\":{\"@id\":\"http:\\\/\\\/dyvtour.cl\\\/es\\\/#organization\"},\"potentialAction\":[{\"@type\":\"SearchAction\",\"target\":{\"@type\":\"EntryPoint\",\"urlTemplate\":\"http:\\\/\\\/dyvtour.cl\\\/es\\\/?s={search_term_string}\"},\"query-input\":{\"@type\":\"PropertyValueSpecification\",\"valueRequired\":true,\"valueName\":\"search_term_string\"}}],\"inLanguage\":\"es\"},{\"@type\":\"Organization\",\"@id\":\"http:\\\/\\\/dyvtour.cl\\\/es\\\/#organization\",\"name\":\"DyV Tour\",\"url\":\"http:\\\/\\\/dyvtour.cl\\\/es\\\/\",\"logo\":{\"@type\":\"ImageObject\",\"inLanguage\":\"es\",\"@id\":\"http:\\\/\\\/dyvtour.cl\\\/es\\\/#\\\/schema\\\/logo\\\/image\\\/\",\"url\":\"http:\\\/\\\/dyvtour.cl\\\/wp-content\\\/uploads\\\/2026\\\/04\\\/logotipo-transparente_1_tour-dv-tour-chile.webp\",\"contentUrl\":\"http:\\\/\\\/dyvtour.cl\\\/wp-content\\\/uploads\\\/2026\\\/04\\\/logotipo-transparente_1_tour-dv-tour-chile.webp\",\"width\":350,\"height\":142,\"caption\":\"DyV Tour\"},\"image\":{\"@id\":\"http:\\\/\\\/dyvtour.cl\\\/es\\\/#\\\/schema\\\/logo\\\/image\\\/\"}}]}<\/script>\n<!-- \/ Yoast SEO Premium plugin. -->","yoast_head_json":{"title":"Tour Parque Farellones - DyV Tour","robots":{"index":"index","follow":"follow","max-snippet":"max-snippet:-1","max-image-preview":"max-image-preview:large","max-video-preview":"max-video-preview:-1"},"canonical":"http:\/\/dyvtour.cl\/es\/tour\/tour-parque-farellones\/","og_locale":"es_ES","og_type":"article","og_title":"Tour Parque Farellones","og_description":"Explora el invierno chileno en las monta\u00f1as de Los Andes, rodeada de naturaleza y vistas panor\u00e1micas, donde descubrir\u00e1s muchas aventuras y experiencias \u00fanicas en el Parque Farellones, un lugar en la cordillera ubicado a una altitud de 2.340 mts. Para comenzar esta entretenida aventura, pasaremos por un rental de ropa para que puedas arrendar trajes [&hellip;]","og_url":"http:\/\/dyvtour.cl\/es\/tour\/tour-parque-farellones\/","og_site_name":"DyV Tour","article_modified_time":"2026-04-08T01:55:27+00:00","og_image":[{"width":720,"height":480,"url":"http:\/\/dyvtour.cl\/wp-content\/uploads\/2025\/04\/TOUR-PARQUE-FARELLONES-15-Pequeno.png","type":"image\/png"}],"twitter_card":"summary_large_image","twitter_misc":{"Tiempo de lectura":"1 minuto"},"schema":{"@context":"https:\/\/schema.org","@graph":[{"@type":"WebPage","@id":"http:\/\/dyvtour.cl\/pt\/tour\/tour-parque-farellones\/","url":"http:\/\/dyvtour.cl\/pt\/tour\/tour-parque-farellones\/","name":"Tour Parque Farellones - DyV Tour","isPartOf":{"@id":"http:\/\/dyvtour.cl\/es\/#website"},"primaryImageOfPage":{"@id":"http:\/\/dyvtour.cl\/pt\/tour\/tour-parque-farellones\/#primaryimage"},"image":{"@id":"http:\/\/dyvtour.cl\/pt\/tour\/tour-parque-farellones\/#primaryimage"},"thumbnailUrl":"http:\/\/dyvtour.cl\/wp-content\/uploads\/2025\/04\/TOUR-PARQUE-FARELLONES-15-Pequeno.png","datePublished":"2025-04-05T21:22:58+00:00","dateModified":"2026-04-08T01:55:27+00:00","breadcrumb":{"@id":"http:\/\/dyvtour.cl\/pt\/tour\/tour-parque-farellones\/#breadcrumb"},"inLanguage":"es","potentialAction":[{"@type":"ReadAction","target":["http:\/\/dyvtour.cl\/pt\/tour\/tour-parque-farellones\/"]}]},{"@type":"ImageObject","inLanguage":"es","@id":"http:\/\/dyvtour.cl\/pt\/tour\/tour-parque-farellones\/#primaryimage","url":"http:\/\/dyvtour.cl\/wp-content\/uploads\/2025\/04\/TOUR-PARQUE-FARELLONES-15-Pequeno.png","contentUrl":"http:\/\/dyvtour.cl\/wp-content\/uploads\/2025\/04\/TOUR-PARQUE-FARELLONES-15-Pequeno.png","width":720,"height":480},{"@type":"BreadcrumbList","@id":"http:\/\/dyvtour.cl\/pt\/tour\/tour-parque-farellones\/#breadcrumb","itemListElement":[{"@type":"ListItem","position":1,"name":"Portada","item":"https:\/\/dyvtour.cl\/es\/"},{"@type":"ListItem","position":2,"name":"Tienda","item":"https:\/\/dyvtour.cl\/en\/tienda\/"},{"@type":"ListItem","position":3,"name":"Tour Parque Farellones"}]},{"@type":"WebSite","@id":"http:\/\/dyvtour.cl\/es\/#website","url":"http:\/\/dyvtour.cl\/es\/","name":"DyV Tour","description":"VIVE LA EXPERIENCIA","publisher":{"@id":"http:\/\/dyvtour.cl\/es\/#organization"},"potentialAction":[{"@type":"SearchAction","target":{"@type":"EntryPoint","urlTemplate":"http:\/\/dyvtour.cl\/es\/?s={search_term_string}"},"query-input":{"@type":"PropertyValueSpecification","valueRequired":true,"valueName":"search_term_string"}}],"inLanguage":"es"},{"@type":"Organization","@id":"http:\/\/dyvtour.cl\/es\/#organization","name":"DyV Tour","url":"http:\/\/dyvtour.cl\/es\/","logo":{"@type":"ImageObject","inLanguage":"es","@id":"http:\/\/dyvtour.cl\/es\/#\/schema\/logo\/image\/","url":"http:\/\/dyvtour.cl\/wp-content\/uploads\/2026\/04\/logotipo-transparente_1_tour-dv-tour-chile.webp","contentUrl":"http:\/\/dyvtour.cl\/wp-content\/uploads\/2026\/04\/logotipo-transparente_1_tour-dv-tour-chile.webp","width":350,"height":142,"caption":"DyV Tour"},"image":{"@id":"http:\/\/dyvtour.cl\/es\/#\/schema\/logo\/image\/"}}]}},"_links":{"self":[{"href":"http:\/\/dyvtour.cl\/es\/wp-json\/wp\/v2\/product\/102","targetHints":{"allow":["GET"]}}],"collection":[{"href":"http:\/\/dyvtour.cl\/es\/wp-json\/wp\/v2\/product"}],"about":[{"href":"http:\/\/dyvtour.cl\/es\/wp-json\/wp\/v2\/types\/product"}],"wp:featuredmedia":[{"embeddable":true,"href":"http:\/\/dyvtour.cl\/es\/wp-json\/wp\/v2\/media\/1156"}],"wp:attachment":[{"href":"http:\/\/dyvtour.cl\/es\/wp-json\/wp\/v2\/media?parent=102"}],"wp:term":[{"taxonomy":"product_brand","embeddable":true,"href":"http:\/\/dyvtour.cl\/es\/wp-json\/wp\/v2\/product_brand?post=102"},{"taxonomy":"product_cat","embeddable":true,"href":"http:\/\/dyvtour.cl\/es\/wp-json\/wp\/v2\/product_cat?post=102"},{"taxonomy":"product_tag","embeddable":true,"href":"http:\/\/dyvtour.cl\/es\/wp-json\/wp\/v2\/product_tag?post=102"}],"curies":[{"name":"wp","href":"https:\/\/api.w.org\/{rel}","templated":true}]}}