{"id":202,"date":"2025-04-05T20:09:42","date_gmt":"2025-04-05T23:09:42","guid":{"rendered":"http:\/\/dyvtour.cl\/?post_type=product&#038;p=202"},"modified":"2026-04-07T23:20:02","modified_gmt":"2026-04-08T02:20:02","slug":"sky-day-parque-farellonesticket","status":"publish","type":"product","link":"http:\/\/dyvtour.cl\/en\/tour\/sky-day-parque-farellonesticket\/","title":{"rendered":"Sky Day <br>Snowy Valley"},"content":{"rendered":"<p><span style=\"font-weight: 400;\">Immerse yourself in the Andes with a wealth of activities to enjoy and unforgettable experiences.<\/span><\/p>\n<p><span style=\"font-weight: 400;\">By purchasing your tickets with us, you&#039;ll gain much more time to access the park. As an agency, you&#039;ll also be accompanied by our tour operator, who will help you access Farellones Park and avoid long lines.<\/span><span style=\"font-weight: 400;\">\u00a0<\/span><\/p>\n<p><span style=\"font-weight: 400;\">We have 3 options to enter Farellones Park:<\/span><\/p>\n<ol>\n<li><span style=\"font-weight: 400;\">Buy at the box office.<\/span><\/li>\n<li><span style=\"font-weight: 400;\">Buy online.<\/span><\/li>\n<li><span style=\"font-weight: 400;\">Buy through our agency.<\/span><\/li>\n<\/ol>\n<p><span style=\"font-weight: 400;\">When we arrive at Farellones Park, there are three lines: one to buy at the ticket office, online, and through an agency. As we mentioned, you&#039;ll save a lot more time by buying through us, respecting the same ticket prices online and at the ticket office. Our idea is for our customers to have the best experiences on this fun adventure and take advantage of all the activities that Farellones Park offers.<\/span><\/p>\n<p><span style=\"font-weight: 400;\">Ticket prices for Farellones Park will vary depending on the season you purchase through our channel.<\/span><\/p>\n<p><span style=\"font-weight: 400;\"><strong>Peak season:<\/strong> period between June 20 and July 31 and from August 14 to 17, 2025.<br \/>\n<\/span><span style=\"font-weight: 400;\"><strong>Low Season:<\/strong> Every day, except peak season days.<\/span><\/p>\n<p>&nbsp;<\/p>","protected":false},"excerpt":{"rendered":"<p>Sum\u00e9rgete a las actividades de los andes con muchas actividades que podr\u00e1s disfrutar y tener las mejores experiencias inolvidables. al comprar tus entradas con nosotros ganaras mucho m\u00e1s tiempo para poder acceder al parque, como Agencia y estar acompa\u00f1ado con nuestro tour operador que les ayudar\u00e1 acceder al parque farellones y evitando largas filas.\u00a0 Tenemos [&hellip;]<\/p>","protected":false},"featured_media":1121,"template":"","meta":{"_acf_changed":false},"product_brand":[],"product_cat":[21],"product_tag":[],"class_list":{"0":"post-202","1":"product","2":"type-product","3":"status-publish","4":"has-post-thumbnail","6":"product_cat-nieve","8":"first","9":"instock","10":"shipping-taxable","11":"product-type-simple"},"acf":[],"yoast_head":"<!-- This site is optimized with the Yoast SEO Premium plugin v22.0 (Yoast SEO v27.3) - https:\/\/yoast.com\/product\/yoast-seo-premium-wordpress\/ -->\n<title>Sky Day Valle Nevado - DyV Tour<\/title>\n<meta name=\"robots\" content=\"index, follow, max-snippet:-1, max-image-preview:large, max-video-preview:-1\" \/>\n<link rel=\"canonical\" href=\"https:\/\/dyvtour.cl\/en\/tour\/sky-day-parque-farellonesticket\/\" \/>\n<meta property=\"og:locale\" content=\"en_US\" \/>\n<meta property=\"og:type\" content=\"article\" \/>\n<meta property=\"og:title\" content=\"Sky Day Valle Nevado\" \/>\n<meta property=\"og:description\" content=\"Sum\u00e9rgete a las actividades de los andes con muchas actividades que podr\u00e1s disfrutar y tener las mejores experiencias inolvidables. al comprar tus entradas con nosotros ganaras mucho m\u00e1s tiempo para poder acceder al parque, como Agencia y estar acompa\u00f1ado con nuestro tour operador que les ayudar\u00e1 acceder al parque farellones y evitando largas filas.\u00a0 Tenemos [&hellip;]\" \/>\n<meta property=\"og:url\" content=\"https:\/\/dyvtour.cl\/en\/tour\/sky-day-parque-farellonesticket\/\" \/>\n<meta property=\"og:site_name\" content=\"DyV Tour\" \/>\n<meta property=\"article:modified_time\" content=\"2026-04-08T02:20:02+00:00\" \/>\n<meta property=\"og:image\" content=\"https:\/\/dyvtour.cl\/wp-content\/uploads\/2025\/04\/SKI-DAY-VALLE-NEVADO-6-Pequeno-1.png\" \/>\n\t<meta property=\"og:image:width\" content=\"720\" \/>\n\t<meta property=\"og:image:height\" content=\"480\" \/>\n\t<meta property=\"og:image:type\" content=\"image\/png\" \/>\n<meta name=\"twitter:card\" content=\"summary_large_image\" \/>\n<meta name=\"twitter:label1\" content=\"Est. reading time\" \/>\n\t<meta name=\"twitter:data1\" content=\"2 minutes\" \/>\n<script type=\"application\/ld+json\" class=\"yoast-schema-graph\">{\"@context\":\"https:\\\/\\\/schema.org\",\"@graph\":[{\"@type\":\"WebPage\",\"@id\":\"https:\\\/\\\/dyvtour.cl\\\/en\\\/tour\\\/sky-day-parque-farellonesticket\\\/\",\"url\":\"https:\\\/\\\/dyvtour.cl\\\/en\\\/tour\\\/sky-day-parque-farellonesticket\\\/\",\"name\":\"Sky Day Valle Nevado - DyV Tour\",\"isPartOf\":{\"@id\":\"http:\\\/\\\/dyvtour.cl\\\/es\\\/#website\"},\"primaryImageOfPage\":{\"@id\":\"https:\\\/\\\/dyvtour.cl\\\/en\\\/tour\\\/sky-day-parque-farellonesticket\\\/#primaryimage\"},\"image\":{\"@id\":\"https:\\\/\\\/dyvtour.cl\\\/en\\\/tour\\\/sky-day-parque-farellonesticket\\\/#primaryimage\"},\"thumbnailUrl\":\"http:\\\/\\\/dyvtour.cl\\\/wp-content\\\/uploads\\\/2025\\\/04\\\/SKI-DAY-VALLE-NEVADO-6-Pequeno-1.png\",\"datePublished\":\"2025-04-05T23:09:42+00:00\",\"dateModified\":\"2026-04-08T02:20:02+00:00\",\"breadcrumb\":{\"@id\":\"https:\\\/\\\/dyvtour.cl\\\/en\\\/tour\\\/sky-day-parque-farellonesticket\\\/#breadcrumb\"},\"inLanguage\":\"en-US\",\"potentialAction\":[{\"@type\":\"ReadAction\",\"target\":[\"https:\\\/\\\/dyvtour.cl\\\/en\\\/tour\\\/sky-day-parque-farellonesticket\\\/\"]}]},{\"@type\":\"ImageObject\",\"inLanguage\":\"en-US\",\"@id\":\"https:\\\/\\\/dyvtour.cl\\\/en\\\/tour\\\/sky-day-parque-farellonesticket\\\/#primaryimage\",\"url\":\"http:\\\/\\\/dyvtour.cl\\\/wp-content\\\/uploads\\\/2025\\\/04\\\/SKI-DAY-VALLE-NEVADO-6-Pequeno-1.png\",\"contentUrl\":\"http:\\\/\\\/dyvtour.cl\\\/wp-content\\\/uploads\\\/2025\\\/04\\\/SKI-DAY-VALLE-NEVADO-6-Pequeno-1.png\",\"width\":720,\"height\":480},{\"@type\":\"BreadcrumbList\",\"@id\":\"https:\\\/\\\/dyvtour.cl\\\/en\\\/tour\\\/sky-day-parque-farellonesticket\\\/#breadcrumb\",\"itemListElement\":[{\"@type\":\"ListItem\",\"position\":1,\"name\":\"Portada\",\"item\":\"https:\\\/\\\/dyvtour.cl\\\/es\\\/\"},{\"@type\":\"ListItem\",\"position\":2,\"name\":\"Tienda\",\"item\":\"https:\\\/\\\/dyvtour.cl\\\/en\\\/tienda\\\/\"},{\"@type\":\"ListItem\",\"position\":3,\"name\":\"Sky Day Valle Nevado\"}]},{\"@type\":\"WebSite\",\"@id\":\"http:\\\/\\\/dyvtour.cl\\\/es\\\/#website\",\"url\":\"http:\\\/\\\/dyvtour.cl\\\/es\\\/\",\"name\":\"DyV Tour\",\"description\":\"VIVE LA EXPERIENCIA\",\"publisher\":{\"@id\":\"http:\\\/\\\/dyvtour.cl\\\/es\\\/#organization\"},\"potentialAction\":[{\"@type\":\"SearchAction\",\"target\":{\"@type\":\"EntryPoint\",\"urlTemplate\":\"http:\\\/\\\/dyvtour.cl\\\/es\\\/?s={search_term_string}\"},\"query-input\":{\"@type\":\"PropertyValueSpecification\",\"valueRequired\":true,\"valueName\":\"search_term_string\"}}],\"inLanguage\":\"en-US\"},{\"@type\":\"Organization\",\"@id\":\"http:\\\/\\\/dyvtour.cl\\\/es\\\/#organization\",\"name\":\"DyV Tour\",\"url\":\"http:\\\/\\\/dyvtour.cl\\\/es\\\/\",\"logo\":{\"@type\":\"ImageObject\",\"inLanguage\":\"en-US\",\"@id\":\"http:\\\/\\\/dyvtour.cl\\\/es\\\/#\\\/schema\\\/logo\\\/image\\\/\",\"url\":\"http:\\\/\\\/dyvtour.cl\\\/wp-content\\\/uploads\\\/2026\\\/04\\\/logotipo-transparente_1_tour-dv-tour-chile.webp\",\"contentUrl\":\"http:\\\/\\\/dyvtour.cl\\\/wp-content\\\/uploads\\\/2026\\\/04\\\/logotipo-transparente_1_tour-dv-tour-chile.webp\",\"width\":350,\"height\":142,\"caption\":\"DyV Tour\"},\"image\":{\"@id\":\"http:\\\/\\\/dyvtour.cl\\\/es\\\/#\\\/schema\\\/logo\\\/image\\\/\"}}]}<\/script>\n<!-- \/ Yoast SEO Premium plugin. -->","yoast_head_json":{"title":"Sky Day Valle Nevado - DyV Tour","robots":{"index":"index","follow":"follow","max-snippet":"max-snippet:-1","max-image-preview":"max-image-preview:large","max-video-preview":"max-video-preview:-1"},"canonical":"https:\/\/dyvtour.cl\/en\/tour\/sky-day-parque-farellonesticket\/","og_locale":"en_US","og_type":"article","og_title":"Sky Day Valle Nevado","og_description":"Sum\u00e9rgete a las actividades de los andes con muchas actividades que podr\u00e1s disfrutar y tener las mejores experiencias inolvidables. al comprar tus entradas con nosotros ganaras mucho m\u00e1s tiempo para poder acceder al parque, como Agencia y estar acompa\u00f1ado con nuestro tour operador que les ayudar\u00e1 acceder al parque farellones y evitando largas filas.\u00a0 Tenemos [&hellip;]","og_url":"https:\/\/dyvtour.cl\/en\/tour\/sky-day-parque-farellonesticket\/","og_site_name":"DyV Tour","article_modified_time":"2026-04-08T02:20:02+00:00","og_image":[{"width":720,"height":480,"url":"https:\/\/dyvtour.cl\/wp-content\/uploads\/2025\/04\/SKI-DAY-VALLE-NEVADO-6-Pequeno-1.png","type":"image\/png"}],"twitter_card":"summary_large_image","twitter_misc":{"Est. reading time":"2 minutes"},"schema":{"@context":"https:\/\/schema.org","@graph":[{"@type":"WebPage","@id":"https:\/\/dyvtour.cl\/en\/tour\/sky-day-parque-farellonesticket\/","url":"https:\/\/dyvtour.cl\/en\/tour\/sky-day-parque-farellonesticket\/","name":"Sky Day Valle Nevado - DyV Tour","isPartOf":{"@id":"http:\/\/dyvtour.cl\/es\/#website"},"primaryImageOfPage":{"@id":"https:\/\/dyvtour.cl\/en\/tour\/sky-day-parque-farellonesticket\/#primaryimage"},"image":{"@id":"https:\/\/dyvtour.cl\/en\/tour\/sky-day-parque-farellonesticket\/#primaryimage"},"thumbnailUrl":"http:\/\/dyvtour.cl\/wp-content\/uploads\/2025\/04\/SKI-DAY-VALLE-NEVADO-6-Pequeno-1.png","datePublished":"2025-04-05T23:09:42+00:00","dateModified":"2026-04-08T02:20:02+00:00","breadcrumb":{"@id":"https:\/\/dyvtour.cl\/en\/tour\/sky-day-parque-farellonesticket\/#breadcrumb"},"inLanguage":"en-US","potentialAction":[{"@type":"ReadAction","target":["https:\/\/dyvtour.cl\/en\/tour\/sky-day-parque-farellonesticket\/"]}]},{"@type":"ImageObject","inLanguage":"en-US","@id":"https:\/\/dyvtour.cl\/en\/tour\/sky-day-parque-farellonesticket\/#primaryimage","url":"http:\/\/dyvtour.cl\/wp-content\/uploads\/2025\/04\/SKI-DAY-VALLE-NEVADO-6-Pequeno-1.png","contentUrl":"http:\/\/dyvtour.cl\/wp-content\/uploads\/2025\/04\/SKI-DAY-VALLE-NEVADO-6-Pequeno-1.png","width":720,"height":480},{"@type":"BreadcrumbList","@id":"https:\/\/dyvtour.cl\/en\/tour\/sky-day-parque-farellonesticket\/#breadcrumb","itemListElement":[{"@type":"ListItem","position":1,"name":"Portada","item":"https:\/\/dyvtour.cl\/es\/"},{"@type":"ListItem","position":2,"name":"Tienda","item":"https:\/\/dyvtour.cl\/en\/tienda\/"},{"@type":"ListItem","position":3,"name":"Sky Day Valle Nevado"}]},{"@type":"WebSite","@id":"http:\/\/dyvtour.cl\/es\/#website","url":"http:\/\/dyvtour.cl\/es\/","name":"DyV Tour","description":"VIVE LA EXPERIENCIA","publisher":{"@id":"http:\/\/dyvtour.cl\/es\/#organization"},"potentialAction":[{"@type":"SearchAction","target":{"@type":"EntryPoint","urlTemplate":"http:\/\/dyvtour.cl\/es\/?s={search_term_string}"},"query-input":{"@type":"PropertyValueSpecification","valueRequired":true,"valueName":"search_term_string"}}],"inLanguage":"en-US"},{"@type":"Organization","@id":"http:\/\/dyvtour.cl\/es\/#organization","name":"DyV Tour","url":"http:\/\/dyvtour.cl\/es\/","logo":{"@type":"ImageObject","inLanguage":"en-US","@id":"http:\/\/dyvtour.cl\/es\/#\/schema\/logo\/image\/","url":"http:\/\/dyvtour.cl\/wp-content\/uploads\/2026\/04\/logotipo-transparente_1_tour-dv-tour-chile.webp","contentUrl":"http:\/\/dyvtour.cl\/wp-content\/uploads\/2026\/04\/logotipo-transparente_1_tour-dv-tour-chile.webp","width":350,"height":142,"caption":"DyV Tour"},"image":{"@id":"http:\/\/dyvtour.cl\/es\/#\/schema\/logo\/image\/"}}]}},"_links":{"self":[{"href":"http:\/\/dyvtour.cl\/en\/wp-json\/wp\/v2\/product\/202","targetHints":{"allow":["GET"]}}],"collection":[{"href":"http:\/\/dyvtour.cl\/en\/wp-json\/wp\/v2\/product"}],"about":[{"href":"http:\/\/dyvtour.cl\/en\/wp-json\/wp\/v2\/types\/product"}],"wp:featuredmedia":[{"embeddable":true,"href":"http:\/\/dyvtour.cl\/en\/wp-json\/wp\/v2\/media\/1121"}],"wp:attachment":[{"href":"http:\/\/dyvtour.cl\/en\/wp-json\/wp\/v2\/media?parent=202"}],"wp:term":[{"taxonomy":"product_brand","embeddable":true,"href":"http:\/\/dyvtour.cl\/en\/wp-json\/wp\/v2\/product_brand?post=202"},{"taxonomy":"product_cat","embeddable":true,"href":"http:\/\/dyvtour.cl\/en\/wp-json\/wp\/v2\/product_cat?post=202"},{"taxonomy":"product_tag","embeddable":true,"href":"http:\/\/dyvtour.cl\/en\/wp-json\/wp\/v2\/product_tag?post=202"}],"curies":[{"name":"wp","href":"https:\/\/api.w.org\/{rel}","templated":true}]}}