{"id":196,"date":"2025-04-05T20:01:49","date_gmt":"2025-04-05T23:01:49","guid":{"rendered":"http:\/\/dyvtour.cl\/?post_type=product&#038;p=196"},"modified":"2026-04-08T20:52:17","modified_gmt":"2026-04-08T23:52:17","slug":"cajon-del-maipo-embalse-el-yeso-termas-valle-de-colina","status":"publish","type":"product","link":"http:\/\/dyvtour.cl\/en\/tour\/cajon-del-maipo-embalse-el-yeso-termas-valle-de-colina\/","title":{"rendered":"Maipo Canyon + El Yeso Reservoir + Colina Valley Hot Springs"},"content":{"rendered":"<p><strong>El Yeso Reservoir<\/strong><\/p>\n<p><span style=\"font-weight: 400;\">Stunning landscape formed by turquoise waters and imposing mountains in the background!!<\/span><\/p>\n<p><span style=\"font-weight: 400;\">An incomparable setting, with the surrounding mountains always covered in snow. It&#039;s the perfect backdrop for capturing the moment with a great photograph.<\/span><\/p>\n<p><span style=\"font-weight: 400;\">Upon reaching the mountain range, we&#039;ll stop in San Jos\u00e9 de Maipo for breakfast and to recharge our batteries before comfortably climbing the challenging 700-meter hike that takes us to the viewpoint, from where we&#039;ll contemplate the sky reflected in the waters of the reservoir.<\/span><\/p>\n<p><span style=\"font-weight: 400;\">Next, we head to Salto el Yeso, a 15-meter waterfall with a safe viewing area. Here we&#039;ll rest, and if you wish, you can take advantage of the opportunity to have your own picnic.<\/span><\/p>\n<p><span style=\"font-weight: 400;\">Later, we will visit the Tinoco Tunnel, built in 1906, through which a small railway ran, connecting the high bridge with the mining town of El Volc\u00e1n.<\/span><\/p>\n<p><span style=\"font-weight: 400;\">We&#039;ll sweeten our excursion with a visit to the original ice cream and chocolate shop La Casa de Chocolate, which stands out for its exquisite artisanal flavors and the architecture and sculptures that adorn the terrace and gardens.<\/span><\/p>\n<p><strong>\u00a0Colina Valley Hot Springs<\/strong><\/p>\n<p><span style=\"font-weight: 400;\">We&#039;ll continue our tour along the Volcano Route. We begin by walking a dirt trail from San Gabriel, 14 km from the hot springs. A secluded, majestic, and peaceful place at the foot of the Andes Mountains, you&#039;ll experience the highly mineralized natural waters of magmatic origin, which come from the bowels of the San Jos\u00e9 Volcano and have a series of healing properties, all housed in the hot springs of Valle de Colina.<\/span><\/p>\n<p><span style=\"font-weight: 400;\">The temperatures of these magical hot springs range from 25 degrees Celsius in the lowest pools to 55 degrees Celsius in the highest. The resort is also surrounded by a wonderful mountain setting, offering majestic views of the Andes Mountains.<\/span><\/p>\n<p><span style=\"font-weight: 400;\">You can immerse yourself and relax in the hot springs of this wonderful place. This trip allows you to open your mind and heart to new experiences. It allows you to discover that the world is as big as your dreams and as uncertain as your ability to explore it.<\/span><\/p>","protected":false},"excerpt":{"rendered":"<p>Embalse El Yeso \u00a1Impresionante paisaje formado por las aguas color turquesa y las imponentes monta\u00f1as de fondo!! Un escenario incomparable con las monta\u00f1as que lo rodean cubiertas siempre de un manto de nieve. Es el tel\u00f3n de fondo perfecto para inmortalizar el momento con una buena fotograf\u00eda. Llegando a la cordillera, nos detendremos en San [&hellip;]<\/p>","protected":false},"featured_media":1482,"template":"","meta":{"_acf_changed":false},"product_brand":[],"product_cat":[21],"product_tag":[],"class_list":{"0":"post-196","1":"product","2":"type-product","3":"status-publish","4":"has-post-thumbnail","6":"product_cat-nieve","8":"first","9":"instock","10":"shipping-taxable","11":"product-type-simple"},"acf":[],"yoast_head":"<!-- This site is optimized with the Yoast SEO Premium plugin v22.0 (Yoast SEO v27.3) - https:\/\/yoast.com\/product\/yoast-seo-premium-wordpress\/ -->\n<title>Caj\u00f3n del Maipo + Embalse El Yeso + Termas Valle de Colina - DyV Tour<\/title>\n<meta name=\"robots\" content=\"index, follow, max-snippet:-1, max-image-preview:large, max-video-preview:-1\" \/>\n<link rel=\"canonical\" href=\"https:\/\/dyvtour.cl\/en\/tour\/cajon-del-maipo-embalse-el-yeso-termas-valle-de-colina\/\" \/>\n<meta property=\"og:locale\" content=\"en_US\" \/>\n<meta property=\"og:type\" content=\"article\" \/>\n<meta property=\"og:title\" content=\"Caj\u00f3n del Maipo + Embalse El Yeso + Termas Valle de Colina\" \/>\n<meta property=\"og:description\" content=\"Embalse El Yeso \u00a1Impresionante paisaje formado por las aguas color turquesa y las imponentes monta\u00f1as de fondo!! Un escenario incomparable con las monta\u00f1as que lo rodean cubiertas siempre de un manto de nieve. Es el tel\u00f3n de fondo perfecto para inmortalizar el momento con una buena fotograf\u00eda. Llegando a la cordillera, nos detendremos en San [&hellip;]\" \/>\n<meta property=\"og:url\" content=\"https:\/\/dyvtour.cl\/en\/tour\/cajon-del-maipo-embalse-el-yeso-termas-valle-de-colina\/\" \/>\n<meta property=\"og:site_name\" content=\"DyV Tour\" \/>\n<meta property=\"article:modified_time\" content=\"2026-04-08T23:52:17+00:00\" \/>\n<meta property=\"og:image\" content=\"https:\/\/dyvtour.cl\/wp-content\/uploads\/2025\/04\/Tour-Cajon-del-Maipo-embalse-del-yeso-termas-valle-de-colina_13-Pequeno.png\" \/>\n\t<meta property=\"og:image:width\" content=\"480\" \/>\n\t<meta property=\"og:image:height\" content=\"720\" \/>\n\t<meta property=\"og:image:type\" content=\"image\/png\" \/>\n<meta name=\"twitter:card\" content=\"summary_large_image\" \/>\n<meta name=\"twitter:label1\" content=\"Est. reading time\" \/>\n\t<meta name=\"twitter:data1\" content=\"2 minutes\" \/>\n<script type=\"application\/ld+json\" class=\"yoast-schema-graph\">{\"@context\":\"https:\\\/\\\/schema.org\",\"@graph\":[{\"@type\":\"WebPage\",\"@id\":\"https:\\\/\\\/dyvtour.cl\\\/en\\\/tour\\\/cajon-del-maipo-embalse-el-yeso-termas-valle-de-colina\\\/\",\"url\":\"https:\\\/\\\/dyvtour.cl\\\/en\\\/tour\\\/cajon-del-maipo-embalse-el-yeso-termas-valle-de-colina\\\/\",\"name\":\"Caj\u00f3n del Maipo + Embalse El Yeso + Termas Valle de Colina - DyV Tour\",\"isPartOf\":{\"@id\":\"http:\\\/\\\/dyvtour.cl\\\/es\\\/#website\"},\"primaryImageOfPage\":{\"@id\":\"https:\\\/\\\/dyvtour.cl\\\/en\\\/tour\\\/cajon-del-maipo-embalse-el-yeso-termas-valle-de-colina\\\/#primaryimage\"},\"image\":{\"@id\":\"https:\\\/\\\/dyvtour.cl\\\/en\\\/tour\\\/cajon-del-maipo-embalse-el-yeso-termas-valle-de-colina\\\/#primaryimage\"},\"thumbnailUrl\":\"http:\\\/\\\/dyvtour.cl\\\/wp-content\\\/uploads\\\/2025\\\/04\\\/Tour-Cajon-del-Maipo-embalse-del-yeso-termas-valle-de-colina_13-Pequeno.png\",\"datePublished\":\"2025-04-05T23:01:49+00:00\",\"dateModified\":\"2026-04-08T23:52:17+00:00\",\"breadcrumb\":{\"@id\":\"https:\\\/\\\/dyvtour.cl\\\/en\\\/tour\\\/cajon-del-maipo-embalse-el-yeso-termas-valle-de-colina\\\/#breadcrumb\"},\"inLanguage\":\"en-US\",\"potentialAction\":[{\"@type\":\"ReadAction\",\"target\":[\"https:\\\/\\\/dyvtour.cl\\\/en\\\/tour\\\/cajon-del-maipo-embalse-el-yeso-termas-valle-de-colina\\\/\"]}]},{\"@type\":\"ImageObject\",\"inLanguage\":\"en-US\",\"@id\":\"https:\\\/\\\/dyvtour.cl\\\/en\\\/tour\\\/cajon-del-maipo-embalse-el-yeso-termas-valle-de-colina\\\/#primaryimage\",\"url\":\"http:\\\/\\\/dyvtour.cl\\\/wp-content\\\/uploads\\\/2025\\\/04\\\/Tour-Cajon-del-Maipo-embalse-del-yeso-termas-valle-de-colina_13-Pequeno.png\",\"contentUrl\":\"http:\\\/\\\/dyvtour.cl\\\/wp-content\\\/uploads\\\/2025\\\/04\\\/Tour-Cajon-del-Maipo-embalse-del-yeso-termas-valle-de-colina_13-Pequeno.png\",\"width\":480,\"height\":720},{\"@type\":\"BreadcrumbList\",\"@id\":\"https:\\\/\\\/dyvtour.cl\\\/en\\\/tour\\\/cajon-del-maipo-embalse-el-yeso-termas-valle-de-colina\\\/#breadcrumb\",\"itemListElement\":[{\"@type\":\"ListItem\",\"position\":1,\"name\":\"Portada\",\"item\":\"https:\\\/\\\/dyvtour.cl\\\/es\\\/\"},{\"@type\":\"ListItem\",\"position\":2,\"name\":\"Tienda\",\"item\":\"https:\\\/\\\/dyvtour.cl\\\/en\\\/tienda\\\/\"},{\"@type\":\"ListItem\",\"position\":3,\"name\":\"Caj\u00f3n del Maipo + Embalse El Yeso + Termas Valle de Colina\"}]},{\"@type\":\"WebSite\",\"@id\":\"http:\\\/\\\/dyvtour.cl\\\/es\\\/#website\",\"url\":\"http:\\\/\\\/dyvtour.cl\\\/es\\\/\",\"name\":\"DyV Tour\",\"description\":\"VIVE LA EXPERIENCIA\",\"publisher\":{\"@id\":\"http:\\\/\\\/dyvtour.cl\\\/es\\\/#organization\"},\"potentialAction\":[{\"@type\":\"SearchAction\",\"target\":{\"@type\":\"EntryPoint\",\"urlTemplate\":\"http:\\\/\\\/dyvtour.cl\\\/es\\\/?s={search_term_string}\"},\"query-input\":{\"@type\":\"PropertyValueSpecification\",\"valueRequired\":true,\"valueName\":\"search_term_string\"}}],\"inLanguage\":\"en-US\"},{\"@type\":\"Organization\",\"@id\":\"http:\\\/\\\/dyvtour.cl\\\/es\\\/#organization\",\"name\":\"DyV Tour\",\"url\":\"http:\\\/\\\/dyvtour.cl\\\/es\\\/\",\"logo\":{\"@type\":\"ImageObject\",\"inLanguage\":\"en-US\",\"@id\":\"http:\\\/\\\/dyvtour.cl\\\/es\\\/#\\\/schema\\\/logo\\\/image\\\/\",\"url\":\"http:\\\/\\\/dyvtour.cl\\\/wp-content\\\/uploads\\\/2026\\\/04\\\/logotipo-transparente_1_tour-dv-tour-chile.webp\",\"contentUrl\":\"http:\\\/\\\/dyvtour.cl\\\/wp-content\\\/uploads\\\/2026\\\/04\\\/logotipo-transparente_1_tour-dv-tour-chile.webp\",\"width\":350,\"height\":142,\"caption\":\"DyV Tour\"},\"image\":{\"@id\":\"http:\\\/\\\/dyvtour.cl\\\/es\\\/#\\\/schema\\\/logo\\\/image\\\/\"}}]}<\/script>\n<!-- \/ Yoast SEO Premium plugin. -->","yoast_head_json":{"title":"Caj\u00f3n del Maipo + Embalse El Yeso + Termas Valle de Colina - DyV Tour","robots":{"index":"index","follow":"follow","max-snippet":"max-snippet:-1","max-image-preview":"max-image-preview:large","max-video-preview":"max-video-preview:-1"},"canonical":"https:\/\/dyvtour.cl\/en\/tour\/cajon-del-maipo-embalse-el-yeso-termas-valle-de-colina\/","og_locale":"en_US","og_type":"article","og_title":"Caj\u00f3n del Maipo + Embalse El Yeso + Termas Valle de Colina","og_description":"Embalse El Yeso \u00a1Impresionante paisaje formado por las aguas color turquesa y las imponentes monta\u00f1as de fondo!! Un escenario incomparable con las monta\u00f1as que lo rodean cubiertas siempre de un manto de nieve. Es el tel\u00f3n de fondo perfecto para inmortalizar el momento con una buena fotograf\u00eda. Llegando a la cordillera, nos detendremos en San [&hellip;]","og_url":"https:\/\/dyvtour.cl\/en\/tour\/cajon-del-maipo-embalse-el-yeso-termas-valle-de-colina\/","og_site_name":"DyV Tour","article_modified_time":"2026-04-08T23:52:17+00:00","og_image":[{"width":480,"height":720,"url":"https:\/\/dyvtour.cl\/wp-content\/uploads\/2025\/04\/Tour-Cajon-del-Maipo-embalse-del-yeso-termas-valle-de-colina_13-Pequeno.png","type":"image\/png"}],"twitter_card":"summary_large_image","twitter_misc":{"Est. reading time":"2 minutes"},"schema":{"@context":"https:\/\/schema.org","@graph":[{"@type":"WebPage","@id":"https:\/\/dyvtour.cl\/en\/tour\/cajon-del-maipo-embalse-el-yeso-termas-valle-de-colina\/","url":"https:\/\/dyvtour.cl\/en\/tour\/cajon-del-maipo-embalse-el-yeso-termas-valle-de-colina\/","name":"Caj\u00f3n del Maipo + Embalse El Yeso + Termas Valle de Colina - DyV Tour","isPartOf":{"@id":"http:\/\/dyvtour.cl\/es\/#website"},"primaryImageOfPage":{"@id":"https:\/\/dyvtour.cl\/en\/tour\/cajon-del-maipo-embalse-el-yeso-termas-valle-de-colina\/#primaryimage"},"image":{"@id":"https:\/\/dyvtour.cl\/en\/tour\/cajon-del-maipo-embalse-el-yeso-termas-valle-de-colina\/#primaryimage"},"thumbnailUrl":"http:\/\/dyvtour.cl\/wp-content\/uploads\/2025\/04\/Tour-Cajon-del-Maipo-embalse-del-yeso-termas-valle-de-colina_13-Pequeno.png","datePublished":"2025-04-05T23:01:49+00:00","dateModified":"2026-04-08T23:52:17+00:00","breadcrumb":{"@id":"https:\/\/dyvtour.cl\/en\/tour\/cajon-del-maipo-embalse-el-yeso-termas-valle-de-colina\/#breadcrumb"},"inLanguage":"en-US","potentialAction":[{"@type":"ReadAction","target":["https:\/\/dyvtour.cl\/en\/tour\/cajon-del-maipo-embalse-el-yeso-termas-valle-de-colina\/"]}]},{"@type":"ImageObject","inLanguage":"en-US","@id":"https:\/\/dyvtour.cl\/en\/tour\/cajon-del-maipo-embalse-el-yeso-termas-valle-de-colina\/#primaryimage","url":"http:\/\/dyvtour.cl\/wp-content\/uploads\/2025\/04\/Tour-Cajon-del-Maipo-embalse-del-yeso-termas-valle-de-colina_13-Pequeno.png","contentUrl":"http:\/\/dyvtour.cl\/wp-content\/uploads\/2025\/04\/Tour-Cajon-del-Maipo-embalse-del-yeso-termas-valle-de-colina_13-Pequeno.png","width":480,"height":720},{"@type":"BreadcrumbList","@id":"https:\/\/dyvtour.cl\/en\/tour\/cajon-del-maipo-embalse-el-yeso-termas-valle-de-colina\/#breadcrumb","itemListElement":[{"@type":"ListItem","position":1,"name":"Portada","item":"https:\/\/dyvtour.cl\/es\/"},{"@type":"ListItem","position":2,"name":"Tienda","item":"https:\/\/dyvtour.cl\/en\/tienda\/"},{"@type":"ListItem","position":3,"name":"Caj\u00f3n del Maipo + Embalse El Yeso + Termas Valle de Colina"}]},{"@type":"WebSite","@id":"http:\/\/dyvtour.cl\/es\/#website","url":"http:\/\/dyvtour.cl\/es\/","name":"DyV Tour","description":"VIVE LA EXPERIENCIA","publisher":{"@id":"http:\/\/dyvtour.cl\/es\/#organization"},"potentialAction":[{"@type":"SearchAction","target":{"@type":"EntryPoint","urlTemplate":"http:\/\/dyvtour.cl\/es\/?s={search_term_string}"},"query-input":{"@type":"PropertyValueSpecification","valueRequired":true,"valueName":"search_term_string"}}],"inLanguage":"en-US"},{"@type":"Organization","@id":"http:\/\/dyvtour.cl\/es\/#organization","name":"DyV Tour","url":"http:\/\/dyvtour.cl\/es\/","logo":{"@type":"ImageObject","inLanguage":"en-US","@id":"http:\/\/dyvtour.cl\/es\/#\/schema\/logo\/image\/","url":"http:\/\/dyvtour.cl\/wp-content\/uploads\/2026\/04\/logotipo-transparente_1_tour-dv-tour-chile.webp","contentUrl":"http:\/\/dyvtour.cl\/wp-content\/uploads\/2026\/04\/logotipo-transparente_1_tour-dv-tour-chile.webp","width":350,"height":142,"caption":"DyV Tour"},"image":{"@id":"http:\/\/dyvtour.cl\/es\/#\/schema\/logo\/image\/"}}]}},"_links":{"self":[{"href":"http:\/\/dyvtour.cl\/en\/wp-json\/wp\/v2\/product\/196","targetHints":{"allow":["GET"]}}],"collection":[{"href":"http:\/\/dyvtour.cl\/en\/wp-json\/wp\/v2\/product"}],"about":[{"href":"http:\/\/dyvtour.cl\/en\/wp-json\/wp\/v2\/types\/product"}],"wp:featuredmedia":[{"embeddable":true,"href":"http:\/\/dyvtour.cl\/en\/wp-json\/wp\/v2\/media\/1482"}],"wp:attachment":[{"href":"http:\/\/dyvtour.cl\/en\/wp-json\/wp\/v2\/media?parent=196"}],"wp:term":[{"taxonomy":"product_brand","embeddable":true,"href":"http:\/\/dyvtour.cl\/en\/wp-json\/wp\/v2\/product_brand?post=196"},{"taxonomy":"product_cat","embeddable":true,"href":"http:\/\/dyvtour.cl\/en\/wp-json\/wp\/v2\/product_cat?post=196"},{"taxonomy":"product_tag","embeddable":true,"href":"http:\/\/dyvtour.cl\/en\/wp-json\/wp\/v2\/product_tag?post=196"}],"curies":[{"name":"wp","href":"https:\/\/api.w.org\/{rel}","templated":true}]}}