{"id":179,"date":"2025-04-05T19:36:17","date_gmt":"2025-04-05T22:36:17","guid":{"rendered":"http:\/\/dyvtour.cl\/?post_type=product&#038;p=179"},"modified":"2026-04-08T21:03:11","modified_gmt":"2026-04-09T00:03:11","slug":"salida-a-restaurant-bali-hai","status":"publish","type":"product","link":"http:\/\/dyvtour.cl\/en\/tour\/salida-a-restaurant-bali-hai\/","title":{"rendered":"Exit to<br>Bali Hai Restaurant"},"content":{"rendered":"<p><span style=\"font-weight: 400;\">Experience a magical night with the best of Chilean and international cuisine!<\/span><\/p>\n<p><span style=\"font-weight: 400;\">If you want to learn a little more about the national culture, accompanied by a good Chilean wine and a traditional dinner, don&#039;t miss this incredible experience that includes Polynesian dance performances.\u00a0<\/span><\/p>\n<p><span style=\"font-weight: 400;\">A little history\u2026<\/span><\/p>\n<p><b>Bali Hai <\/b><span style=\"font-weight: 400;\">It has a long history, it was inaugurated in 1980 and is the <\/span><b>only Polynesian restaurant in Latin America. <\/b><span style=\"font-weight: 400;\">It is characterized by its structure and the 5 moais it has at the entrance to the restaurant.<\/span><\/p>\n<p><span style=\"font-weight: 400;\">Inside, you&#039;ll find sculptures made from wood from ancient forests and brought from different islands in the Pacific Ocean. All handmade by artisans in the 1980s.<\/span><\/p>\n<p><span style=\"font-weight: 400;\">When you enter you will really feel like you are in Polynesia!<\/span><\/p>\n<p><b>What to eat in Bali-Hai?<\/b><\/p>\n<p><span style=\"font-weight: 400;\">This exquisite and exclusive restaurant is known for its traditional Chilean cuisine, and you should definitely try a pisco sour or wine to accompany your main course. While you enjoy your dinner, the show will show you the <\/span><b>representative dances from each region of Chile, <\/b><span style=\"font-weight: 400;\">northern dances of La Tirana, beautiful typical Cueca dances that show the elegance and playfulness of the huasos and chinas. Then, you will be able to appreciate Chilote dances recognized for their strength and warmth and you will get closer to the Polynesian culture of the <\/span><b>Easter Island (Rapa Nui) <\/b><span style=\"font-weight: 400;\">with a spectacular contrast of rhythm and color<\/span><\/p>\n<p><span style=\"font-weight: 400;\">Come enjoy this dinner show at the famous and only Polynesian restaurant in Latin America, Bali Hai de Chile.<\/span><\/p>","protected":false},"excerpt":{"rendered":"<p>\u00a1Vive una noche de magia con lo mejor de la gastronom\u00eda chilena e internacional! Si quieres conocer un poco m\u00e1s de la cultura nacional, acompa\u00f1ado de un buen vino chileno y una cena tradicional, no te puedes perder esta incre\u00edble experiencia que incluye shows de baile polin\u00e9sico.\u00a0 Un poco de historia\u2026 Bali Hai tiene una [&hellip;]<\/p>","protected":false},"featured_media":1488,"template":"","meta":{"_acf_changed":false},"product_brand":[],"product_cat":[19],"product_tag":[],"class_list":{"0":"post-179","1":"product","2":"type-product","3":"status-publish","4":"has-post-thumbnail","6":"product_cat-ciudad","8":"first","9":"instock","10":"shipping-taxable","11":"product-type-simple"},"acf":[],"yoast_head":"<!-- This site is optimized with the Yoast SEO Premium plugin v22.0 (Yoast SEO v27.3) - https:\/\/yoast.com\/product\/yoast-seo-premium-wordpress\/ -->\n<title>Salida aRestaurant Bali Hai - DyV Tour<\/title>\n<meta name=\"robots\" content=\"index, follow, max-snippet:-1, max-image-preview:large, max-video-preview:-1\" \/>\n<link rel=\"canonical\" href=\"http:\/\/dyvtour.cl\/en\/tour\/salida-a-restaurant-bali-hai\/\" \/>\n<meta property=\"og:locale\" content=\"en_US\" \/>\n<meta property=\"og:type\" content=\"article\" \/>\n<meta property=\"og:title\" content=\"Salida aRestaurant Bali Hai\" \/>\n<meta property=\"og:description\" content=\"\u00a1Vive una noche de magia con lo mejor de la gastronom\u00eda chilena e internacional! Si quieres conocer un poco m\u00e1s de la cultura nacional, acompa\u00f1ado de un buen vino chileno y una cena tradicional, no te puedes perder esta incre\u00edble experiencia que incluye shows de baile polin\u00e9sico.\u00a0 Un poco de historia\u2026 Bali Hai tiene una [&hellip;]\" \/>\n<meta property=\"og:url\" content=\"http:\/\/dyvtour.cl\/en\/tour\/salida-a-restaurant-bali-hai\/\" \/>\n<meta property=\"og:site_name\" content=\"DyV Tour\" \/>\n<meta property=\"article:modified_time\" content=\"2026-04-09T00:03:11+00:00\" \/>\n<meta property=\"og:image\" content=\"http:\/\/dyvtour.cl\/wp-content\/uploads\/2025\/04\/Bali-Hai-12-Pequeno.png\" \/>\n\t<meta property=\"og:image:width\" content=\"480\" \/>\n\t<meta property=\"og:image:height\" content=\"720\" \/>\n\t<meta property=\"og:image:type\" content=\"image\/png\" \/>\n<meta name=\"twitter:card\" content=\"summary_large_image\" \/>\n<meta name=\"twitter:label1\" content=\"Est. reading time\" \/>\n\t<meta name=\"twitter:data1\" content=\"2 minutes\" \/>\n<script type=\"application\/ld+json\" class=\"yoast-schema-graph\">{\"@context\":\"https:\\\/\\\/schema.org\",\"@graph\":[{\"@type\":\"WebPage\",\"@id\":\"http:\\\/\\\/dyvtour.cl\\\/es\\\/tour\\\/salida-a-restaurant-bali-hai\\\/\",\"url\":\"http:\\\/\\\/dyvtour.cl\\\/es\\\/tour\\\/salida-a-restaurant-bali-hai\\\/\",\"name\":\"Salida a Restaurant Bali Hai - DyV Tour\",\"isPartOf\":{\"@id\":\"http:\\\/\\\/dyvtour.cl\\\/es\\\/#website\"},\"primaryImageOfPage\":{\"@id\":\"http:\\\/\\\/dyvtour.cl\\\/es\\\/tour\\\/salida-a-restaurant-bali-hai\\\/#primaryimage\"},\"image\":{\"@id\":\"http:\\\/\\\/dyvtour.cl\\\/es\\\/tour\\\/salida-a-restaurant-bali-hai\\\/#primaryimage\"},\"thumbnailUrl\":\"http:\\\/\\\/dyvtour.cl\\\/wp-content\\\/uploads\\\/2025\\\/04\\\/Bali-Hai-12-Pequeno.png\",\"datePublished\":\"2025-04-05T22:36:17+00:00\",\"dateModified\":\"2026-04-09T00:03:11+00:00\",\"breadcrumb\":{\"@id\":\"http:\\\/\\\/dyvtour.cl\\\/es\\\/tour\\\/salida-a-restaurant-bali-hai\\\/#breadcrumb\"},\"inLanguage\":\"en-US\",\"potentialAction\":[{\"@type\":\"ReadAction\",\"target\":[\"http:\\\/\\\/dyvtour.cl\\\/es\\\/tour\\\/salida-a-restaurant-bali-hai\\\/\"]}]},{\"@type\":\"ImageObject\",\"inLanguage\":\"en-US\",\"@id\":\"http:\\\/\\\/dyvtour.cl\\\/es\\\/tour\\\/salida-a-restaurant-bali-hai\\\/#primaryimage\",\"url\":\"http:\\\/\\\/dyvtour.cl\\\/wp-content\\\/uploads\\\/2025\\\/04\\\/Bali-Hai-12-Pequeno.png\",\"contentUrl\":\"http:\\\/\\\/dyvtour.cl\\\/wp-content\\\/uploads\\\/2025\\\/04\\\/Bali-Hai-12-Pequeno.png\",\"width\":480,\"height\":720},{\"@type\":\"BreadcrumbList\",\"@id\":\"http:\\\/\\\/dyvtour.cl\\\/es\\\/tour\\\/salida-a-restaurant-bali-hai\\\/#breadcrumb\",\"itemListElement\":[{\"@type\":\"ListItem\",\"position\":1,\"name\":\"Portada\",\"item\":\"https:\\\/\\\/dyvtour.cl\\\/es\\\/\"},{\"@type\":\"ListItem\",\"position\":2,\"name\":\"Tienda\",\"item\":\"https:\\\/\\\/dyvtour.cl\\\/en\\\/tienda\\\/\"},{\"@type\":\"ListItem\",\"position\":3,\"name\":\"Salida aRestaurant Bali Hai\"}]},{\"@type\":\"WebSite\",\"@id\":\"http:\\\/\\\/dyvtour.cl\\\/es\\\/#website\",\"url\":\"http:\\\/\\\/dyvtour.cl\\\/es\\\/\",\"name\":\"DyV Tour\",\"description\":\"VIVE LA EXPERIENCIA\",\"publisher\":{\"@id\":\"http:\\\/\\\/dyvtour.cl\\\/es\\\/#organization\"},\"potentialAction\":[{\"@type\":\"SearchAction\",\"target\":{\"@type\":\"EntryPoint\",\"urlTemplate\":\"http:\\\/\\\/dyvtour.cl\\\/es\\\/?s={search_term_string}\"},\"query-input\":{\"@type\":\"PropertyValueSpecification\",\"valueRequired\":true,\"valueName\":\"search_term_string\"}}],\"inLanguage\":\"en-US\"},{\"@type\":\"Organization\",\"@id\":\"http:\\\/\\\/dyvtour.cl\\\/es\\\/#organization\",\"name\":\"DyV Tour\",\"url\":\"http:\\\/\\\/dyvtour.cl\\\/es\\\/\",\"logo\":{\"@type\":\"ImageObject\",\"inLanguage\":\"en-US\",\"@id\":\"http:\\\/\\\/dyvtour.cl\\\/es\\\/#\\\/schema\\\/logo\\\/image\\\/\",\"url\":\"http:\\\/\\\/dyvtour.cl\\\/wp-content\\\/uploads\\\/2026\\\/04\\\/logotipo-transparente_1_tour-dv-tour-chile.webp\",\"contentUrl\":\"http:\\\/\\\/dyvtour.cl\\\/wp-content\\\/uploads\\\/2026\\\/04\\\/logotipo-transparente_1_tour-dv-tour-chile.webp\",\"width\":350,\"height\":142,\"caption\":\"DyV Tour\"},\"image\":{\"@id\":\"http:\\\/\\\/dyvtour.cl\\\/es\\\/#\\\/schema\\\/logo\\\/image\\\/\"}}]}<\/script>\n<!-- \/ Yoast SEO Premium plugin. -->","yoast_head_json":{"title":"Salida aRestaurant Bali Hai - DyV Tour","robots":{"index":"index","follow":"follow","max-snippet":"max-snippet:-1","max-image-preview":"max-image-preview:large","max-video-preview":"max-video-preview:-1"},"canonical":"http:\/\/dyvtour.cl\/en\/tour\/salida-a-restaurant-bali-hai\/","og_locale":"en_US","og_type":"article","og_title":"Salida aRestaurant Bali Hai","og_description":"\u00a1Vive una noche de magia con lo mejor de la gastronom\u00eda chilena e internacional! Si quieres conocer un poco m\u00e1s de la cultura nacional, acompa\u00f1ado de un buen vino chileno y una cena tradicional, no te puedes perder esta incre\u00edble experiencia que incluye shows de baile polin\u00e9sico.\u00a0 Un poco de historia\u2026 Bali Hai tiene una [&hellip;]","og_url":"http:\/\/dyvtour.cl\/en\/tour\/salida-a-restaurant-bali-hai\/","og_site_name":"DyV Tour","article_modified_time":"2026-04-09T00:03:11+00:00","og_image":[{"width":480,"height":720,"url":"http:\/\/dyvtour.cl\/wp-content\/uploads\/2025\/04\/Bali-Hai-12-Pequeno.png","type":"image\/png"}],"twitter_card":"summary_large_image","twitter_misc":{"Est. reading time":"2 minutes"},"schema":{"@context":"https:\/\/schema.org","@graph":[{"@type":"WebPage","@id":"http:\/\/dyvtour.cl\/es\/tour\/salida-a-restaurant-bali-hai\/","url":"http:\/\/dyvtour.cl\/es\/tour\/salida-a-restaurant-bali-hai\/","name":"Salida a Restaurant Bali Hai - DyV Tour","isPartOf":{"@id":"http:\/\/dyvtour.cl\/es\/#website"},"primaryImageOfPage":{"@id":"http:\/\/dyvtour.cl\/es\/tour\/salida-a-restaurant-bali-hai\/#primaryimage"},"image":{"@id":"http:\/\/dyvtour.cl\/es\/tour\/salida-a-restaurant-bali-hai\/#primaryimage"},"thumbnailUrl":"http:\/\/dyvtour.cl\/wp-content\/uploads\/2025\/04\/Bali-Hai-12-Pequeno.png","datePublished":"2025-04-05T22:36:17+00:00","dateModified":"2026-04-09T00:03:11+00:00","breadcrumb":{"@id":"http:\/\/dyvtour.cl\/es\/tour\/salida-a-restaurant-bali-hai\/#breadcrumb"},"inLanguage":"en-US","potentialAction":[{"@type":"ReadAction","target":["http:\/\/dyvtour.cl\/es\/tour\/salida-a-restaurant-bali-hai\/"]}]},{"@type":"ImageObject","inLanguage":"en-US","@id":"http:\/\/dyvtour.cl\/es\/tour\/salida-a-restaurant-bali-hai\/#primaryimage","url":"http:\/\/dyvtour.cl\/wp-content\/uploads\/2025\/04\/Bali-Hai-12-Pequeno.png","contentUrl":"http:\/\/dyvtour.cl\/wp-content\/uploads\/2025\/04\/Bali-Hai-12-Pequeno.png","width":480,"height":720},{"@type":"BreadcrumbList","@id":"http:\/\/dyvtour.cl\/es\/tour\/salida-a-restaurant-bali-hai\/#breadcrumb","itemListElement":[{"@type":"ListItem","position":1,"name":"Portada","item":"https:\/\/dyvtour.cl\/es\/"},{"@type":"ListItem","position":2,"name":"Tienda","item":"https:\/\/dyvtour.cl\/en\/tienda\/"},{"@type":"ListItem","position":3,"name":"Salida aRestaurant Bali Hai"}]},{"@type":"WebSite","@id":"http:\/\/dyvtour.cl\/es\/#website","url":"http:\/\/dyvtour.cl\/es\/","name":"DyV Tour","description":"VIVE LA EXPERIENCIA","publisher":{"@id":"http:\/\/dyvtour.cl\/es\/#organization"},"potentialAction":[{"@type":"SearchAction","target":{"@type":"EntryPoint","urlTemplate":"http:\/\/dyvtour.cl\/es\/?s={search_term_string}"},"query-input":{"@type":"PropertyValueSpecification","valueRequired":true,"valueName":"search_term_string"}}],"inLanguage":"en-US"},{"@type":"Organization","@id":"http:\/\/dyvtour.cl\/es\/#organization","name":"DyV Tour","url":"http:\/\/dyvtour.cl\/es\/","logo":{"@type":"ImageObject","inLanguage":"en-US","@id":"http:\/\/dyvtour.cl\/es\/#\/schema\/logo\/image\/","url":"http:\/\/dyvtour.cl\/wp-content\/uploads\/2026\/04\/logotipo-transparente_1_tour-dv-tour-chile.webp","contentUrl":"http:\/\/dyvtour.cl\/wp-content\/uploads\/2026\/04\/logotipo-transparente_1_tour-dv-tour-chile.webp","width":350,"height":142,"caption":"DyV Tour"},"image":{"@id":"http:\/\/dyvtour.cl\/es\/#\/schema\/logo\/image\/"}}]}},"_links":{"self":[{"href":"http:\/\/dyvtour.cl\/en\/wp-json\/wp\/v2\/product\/179","targetHints":{"allow":["GET"]}}],"collection":[{"href":"http:\/\/dyvtour.cl\/en\/wp-json\/wp\/v2\/product"}],"about":[{"href":"http:\/\/dyvtour.cl\/en\/wp-json\/wp\/v2\/types\/product"}],"wp:featuredmedia":[{"embeddable":true,"href":"http:\/\/dyvtour.cl\/en\/wp-json\/wp\/v2\/media\/1488"}],"wp:attachment":[{"href":"http:\/\/dyvtour.cl\/en\/wp-json\/wp\/v2\/media?parent=179"}],"wp:term":[{"taxonomy":"product_brand","embeddable":true,"href":"http:\/\/dyvtour.cl\/en\/wp-json\/wp\/v2\/product_brand?post=179"},{"taxonomy":"product_cat","embeddable":true,"href":"http:\/\/dyvtour.cl\/en\/wp-json\/wp\/v2\/product_cat?post=179"},{"taxonomy":"product_tag","embeddable":true,"href":"http:\/\/dyvtour.cl\/en\/wp-json\/wp\/v2\/product_tag?post=179"}],"curies":[{"name":"wp","href":"https:\/\/api.w.org\/{rel}","templated":true}]}}