{"id":171,"date":"2025-04-05T19:14:13","date_gmt":"2025-04-05T22:14:13","guid":{"rendered":"http:\/\/dyvtour.cl\/?post_type=product&#038;p=171"},"modified":"2026-04-08T01:13:42","modified_gmt":"2026-04-08T04:13:42","slug":"tour-vinicola-concha-y-toro","status":"publish","type":"product","link":"http:\/\/dyvtour.cl\/en\/tour\/tour-vinicola-concha-y-toro\/","title":{"rendered":"Wine Tour<br> Concha y Toro"},"content":{"rendered":"<p><span style=\"font-weight: 400;\">Immerse yourself in a setting of splendid landscapes and experience designed to delight all your senses. Enjoy exclusive wine tastings, private tours of the winery, and spacious outdoor spaces. <\/span><b>Concha y Toro Vineyard, <\/b><span style=\"font-weight: 400;\">located in the heart of the <\/span><b>Maipo Valley,<\/b><span style=\"font-weight: 400;\"> just one hour from Santiago.<\/span><\/p>\n<p><span style=\"font-weight: 400;\">Relax and discover the secrets of the world of wine in an experience created for lovers of good living. Every moment combines culture, exquisiteness, and relaxation, always accompanied by the finest wines of the region.<\/span><\/p>\n<p><span style=\"font-weight: 400;\">More than just a stroll, this tour is a day of exceptional flavors, learning, and connecting with the art of winemaking. Immerse yourself in a unique setting where beauty and wine come together to create unforgettable memories.<\/span><\/p>","protected":false},"excerpt":{"rendered":"<p>Sum\u00e9rgete en un entorno de espl\u00e9ndidos paisajes y vive una experiencia dise\u00f1ada para deleitar todos tus sentidos. Disfruta de exclusivas catas de vino, recorridos privados por la bodega y amplios espacios al aire libre, en la Vi\u00f1a Concha y Toro, ubicada en el coraz\u00f3n del Valle de Maipo, a solo una hora de Santiago. Rel\u00e1jate [&hellip;]<\/p>","protected":false},"featured_media":1333,"template":"","meta":{"_acf_changed":false},"product_brand":[],"product_cat":[22],"product_tag":[],"class_list":{"0":"post-171","1":"product","2":"type-product","3":"status-publish","4":"has-post-thumbnail","6":"product_cat-vinicolas","8":"first","9":"instock","10":"shipping-taxable","11":"product-type-simple"},"acf":[],"yoast_head":"<!-- This site is optimized with the Yoast SEO Premium plugin v22.0 (Yoast SEO v27.3) - https:\/\/yoast.com\/product\/yoast-seo-premium-wordpress\/ -->\n<title>Tour Vin\u00edcola Concha y Toro - DyV Tour<\/title>\n<meta name=\"robots\" content=\"index, follow, max-snippet:-1, max-image-preview:large, max-video-preview:-1\" \/>\n<link rel=\"canonical\" href=\"https:\/\/dyvtour.cl\/en\/tour\/tour-vinicola-concha-y-toro\/\" \/>\n<meta property=\"og:locale\" content=\"en_US\" \/>\n<meta property=\"og:type\" content=\"article\" \/>\n<meta property=\"og:title\" content=\"Tour Vin\u00edcola Concha y Toro\" \/>\n<meta property=\"og:description\" content=\"Sum\u00e9rgete en un entorno de espl\u00e9ndidos paisajes y vive una experiencia dise\u00f1ada para deleitar todos tus sentidos. Disfruta de exclusivas catas de vino, recorridos privados por la bodega y amplios espacios al aire libre, en la Vi\u00f1a Concha y Toro, ubicada en el coraz\u00f3n del Valle de Maipo, a solo una hora de Santiago. Rel\u00e1jate [&hellip;]\" \/>\n<meta property=\"og:url\" content=\"https:\/\/dyvtour.cl\/en\/tour\/tour-vinicola-concha-y-toro\/\" \/>\n<meta property=\"og:site_name\" content=\"DyV Tour\" \/>\n<meta property=\"article:modified_time\" content=\"2026-04-08T04:13:42+00:00\" \/>\n<meta property=\"og:image\" content=\"https:\/\/dyvtour.cl\/wp-content\/uploads\/2025\/04\/Concha-y-Toro-2.webp\" \/>\n\t<meta property=\"og:image:width\" content=\"1300\" \/>\n\t<meta property=\"og:image:height\" content=\"870\" \/>\n\t<meta property=\"og:image:type\" content=\"image\/webp\" \/>\n<meta name=\"twitter:card\" content=\"summary_large_image\" \/>\n<meta name=\"twitter:label1\" content=\"Est. reading time\" \/>\n\t<meta name=\"twitter:data1\" content=\"1 minute\" \/>\n<script type=\"application\/ld+json\" class=\"yoast-schema-graph\">{\"@context\":\"https:\\\/\\\/schema.org\",\"@graph\":[{\"@type\":\"WebPage\",\"@id\":\"https:\\\/\\\/dyvtour.cl\\\/pt\\\/tour\\\/tour-vinicola-concha-y-toro\\\/\",\"url\":\"https:\\\/\\\/dyvtour.cl\\\/pt\\\/tour\\\/tour-vinicola-concha-y-toro\\\/\",\"name\":\"Tour Vin\u00edcola Concha y Toro - DyV Tour\",\"isPartOf\":{\"@id\":\"http:\\\/\\\/dyvtour.cl\\\/es\\\/#website\"},\"primaryImageOfPage\":{\"@id\":\"https:\\\/\\\/dyvtour.cl\\\/pt\\\/tour\\\/tour-vinicola-concha-y-toro\\\/#primaryimage\"},\"image\":{\"@id\":\"https:\\\/\\\/dyvtour.cl\\\/pt\\\/tour\\\/tour-vinicola-concha-y-toro\\\/#primaryimage\"},\"thumbnailUrl\":\"http:\\\/\\\/dyvtour.cl\\\/wp-content\\\/uploads\\\/2025\\\/04\\\/Concha-y-Toro-2.webp\",\"datePublished\":\"2025-04-05T22:14:13+00:00\",\"dateModified\":\"2026-04-08T04:13:42+00:00\",\"breadcrumb\":{\"@id\":\"https:\\\/\\\/dyvtour.cl\\\/pt\\\/tour\\\/tour-vinicola-concha-y-toro\\\/#breadcrumb\"},\"inLanguage\":\"en-US\",\"potentialAction\":[{\"@type\":\"ReadAction\",\"target\":[\"https:\\\/\\\/dyvtour.cl\\\/pt\\\/tour\\\/tour-vinicola-concha-y-toro\\\/\"]}]},{\"@type\":\"ImageObject\",\"inLanguage\":\"en-US\",\"@id\":\"https:\\\/\\\/dyvtour.cl\\\/pt\\\/tour\\\/tour-vinicola-concha-y-toro\\\/#primaryimage\",\"url\":\"http:\\\/\\\/dyvtour.cl\\\/wp-content\\\/uploads\\\/2025\\\/04\\\/Concha-y-Toro-2.webp\",\"contentUrl\":\"http:\\\/\\\/dyvtour.cl\\\/wp-content\\\/uploads\\\/2025\\\/04\\\/Concha-y-Toro-2.webp\",\"width\":1300,\"height\":870},{\"@type\":\"BreadcrumbList\",\"@id\":\"https:\\\/\\\/dyvtour.cl\\\/pt\\\/tour\\\/tour-vinicola-concha-y-toro\\\/#breadcrumb\",\"itemListElement\":[{\"@type\":\"ListItem\",\"position\":1,\"name\":\"Portada\",\"item\":\"https:\\\/\\\/dyvtour.cl\\\/es\\\/\"},{\"@type\":\"ListItem\",\"position\":2,\"name\":\"Tienda\",\"item\":\"https:\\\/\\\/dyvtour.cl\\\/en\\\/tienda\\\/\"},{\"@type\":\"ListItem\",\"position\":3,\"name\":\"Tour Vin\u00edcola Concha y Toro\"}]},{\"@type\":\"WebSite\",\"@id\":\"http:\\\/\\\/dyvtour.cl\\\/es\\\/#website\",\"url\":\"http:\\\/\\\/dyvtour.cl\\\/es\\\/\",\"name\":\"DyV Tour\",\"description\":\"VIVE LA EXPERIENCIA\",\"publisher\":{\"@id\":\"http:\\\/\\\/dyvtour.cl\\\/es\\\/#organization\"},\"potentialAction\":[{\"@type\":\"SearchAction\",\"target\":{\"@type\":\"EntryPoint\",\"urlTemplate\":\"http:\\\/\\\/dyvtour.cl\\\/es\\\/?s={search_term_string}\"},\"query-input\":{\"@type\":\"PropertyValueSpecification\",\"valueRequired\":true,\"valueName\":\"search_term_string\"}}],\"inLanguage\":\"en-US\"},{\"@type\":\"Organization\",\"@id\":\"http:\\\/\\\/dyvtour.cl\\\/es\\\/#organization\",\"name\":\"DyV Tour\",\"url\":\"http:\\\/\\\/dyvtour.cl\\\/es\\\/\",\"logo\":{\"@type\":\"ImageObject\",\"inLanguage\":\"en-US\",\"@id\":\"http:\\\/\\\/dyvtour.cl\\\/es\\\/#\\\/schema\\\/logo\\\/image\\\/\",\"url\":\"http:\\\/\\\/dyvtour.cl\\\/wp-content\\\/uploads\\\/2026\\\/04\\\/logotipo-transparente_1_tour-dv-tour-chile.webp\",\"contentUrl\":\"http:\\\/\\\/dyvtour.cl\\\/wp-content\\\/uploads\\\/2026\\\/04\\\/logotipo-transparente_1_tour-dv-tour-chile.webp\",\"width\":350,\"height\":142,\"caption\":\"DyV Tour\"},\"image\":{\"@id\":\"http:\\\/\\\/dyvtour.cl\\\/es\\\/#\\\/schema\\\/logo\\\/image\\\/\"}}]}<\/script>\n<!-- \/ Yoast SEO Premium plugin. -->","yoast_head_json":{"title":"Tour Vin\u00edcola Concha y Toro - DyV Tour","robots":{"index":"index","follow":"follow","max-snippet":"max-snippet:-1","max-image-preview":"max-image-preview:large","max-video-preview":"max-video-preview:-1"},"canonical":"https:\/\/dyvtour.cl\/en\/tour\/tour-vinicola-concha-y-toro\/","og_locale":"en_US","og_type":"article","og_title":"Tour Vin\u00edcola Concha y Toro","og_description":"Sum\u00e9rgete en un entorno de espl\u00e9ndidos paisajes y vive una experiencia dise\u00f1ada para deleitar todos tus sentidos. Disfruta de exclusivas catas de vino, recorridos privados por la bodega y amplios espacios al aire libre, en la Vi\u00f1a Concha y Toro, ubicada en el coraz\u00f3n del Valle de Maipo, a solo una hora de Santiago. Rel\u00e1jate [&hellip;]","og_url":"https:\/\/dyvtour.cl\/en\/tour\/tour-vinicola-concha-y-toro\/","og_site_name":"DyV Tour","article_modified_time":"2026-04-08T04:13:42+00:00","og_image":[{"width":1300,"height":870,"url":"https:\/\/dyvtour.cl\/wp-content\/uploads\/2025\/04\/Concha-y-Toro-2.webp","type":"image\/webp"}],"twitter_card":"summary_large_image","twitter_misc":{"Est. reading time":"1 minute"},"schema":{"@context":"https:\/\/schema.org","@graph":[{"@type":"WebPage","@id":"https:\/\/dyvtour.cl\/pt\/tour\/tour-vinicola-concha-y-toro\/","url":"https:\/\/dyvtour.cl\/pt\/tour\/tour-vinicola-concha-y-toro\/","name":"Tour Vin\u00edcola Concha y Toro - DyV Tour","isPartOf":{"@id":"http:\/\/dyvtour.cl\/es\/#website"},"primaryImageOfPage":{"@id":"https:\/\/dyvtour.cl\/pt\/tour\/tour-vinicola-concha-y-toro\/#primaryimage"},"image":{"@id":"https:\/\/dyvtour.cl\/pt\/tour\/tour-vinicola-concha-y-toro\/#primaryimage"},"thumbnailUrl":"http:\/\/dyvtour.cl\/wp-content\/uploads\/2025\/04\/Concha-y-Toro-2.webp","datePublished":"2025-04-05T22:14:13+00:00","dateModified":"2026-04-08T04:13:42+00:00","breadcrumb":{"@id":"https:\/\/dyvtour.cl\/pt\/tour\/tour-vinicola-concha-y-toro\/#breadcrumb"},"inLanguage":"en-US","potentialAction":[{"@type":"ReadAction","target":["https:\/\/dyvtour.cl\/pt\/tour\/tour-vinicola-concha-y-toro\/"]}]},{"@type":"ImageObject","inLanguage":"en-US","@id":"https:\/\/dyvtour.cl\/pt\/tour\/tour-vinicola-concha-y-toro\/#primaryimage","url":"http:\/\/dyvtour.cl\/wp-content\/uploads\/2025\/04\/Concha-y-Toro-2.webp","contentUrl":"http:\/\/dyvtour.cl\/wp-content\/uploads\/2025\/04\/Concha-y-Toro-2.webp","width":1300,"height":870},{"@type":"BreadcrumbList","@id":"https:\/\/dyvtour.cl\/pt\/tour\/tour-vinicola-concha-y-toro\/#breadcrumb","itemListElement":[{"@type":"ListItem","position":1,"name":"Portada","item":"https:\/\/dyvtour.cl\/es\/"},{"@type":"ListItem","position":2,"name":"Tienda","item":"https:\/\/dyvtour.cl\/en\/tienda\/"},{"@type":"ListItem","position":3,"name":"Tour Vin\u00edcola Concha y Toro"}]},{"@type":"WebSite","@id":"http:\/\/dyvtour.cl\/es\/#website","url":"http:\/\/dyvtour.cl\/es\/","name":"DyV Tour","description":"VIVE LA EXPERIENCIA","publisher":{"@id":"http:\/\/dyvtour.cl\/es\/#organization"},"potentialAction":[{"@type":"SearchAction","target":{"@type":"EntryPoint","urlTemplate":"http:\/\/dyvtour.cl\/es\/?s={search_term_string}"},"query-input":{"@type":"PropertyValueSpecification","valueRequired":true,"valueName":"search_term_string"}}],"inLanguage":"en-US"},{"@type":"Organization","@id":"http:\/\/dyvtour.cl\/es\/#organization","name":"DyV Tour","url":"http:\/\/dyvtour.cl\/es\/","logo":{"@type":"ImageObject","inLanguage":"en-US","@id":"http:\/\/dyvtour.cl\/es\/#\/schema\/logo\/image\/","url":"http:\/\/dyvtour.cl\/wp-content\/uploads\/2026\/04\/logotipo-transparente_1_tour-dv-tour-chile.webp","contentUrl":"http:\/\/dyvtour.cl\/wp-content\/uploads\/2026\/04\/logotipo-transparente_1_tour-dv-tour-chile.webp","width":350,"height":142,"caption":"DyV Tour"},"image":{"@id":"http:\/\/dyvtour.cl\/es\/#\/schema\/logo\/image\/"}}]}},"_links":{"self":[{"href":"http:\/\/dyvtour.cl\/en\/wp-json\/wp\/v2\/product\/171","targetHints":{"allow":["GET"]}}],"collection":[{"href":"http:\/\/dyvtour.cl\/en\/wp-json\/wp\/v2\/product"}],"about":[{"href":"http:\/\/dyvtour.cl\/en\/wp-json\/wp\/v2\/types\/product"}],"wp:featuredmedia":[{"embeddable":true,"href":"http:\/\/dyvtour.cl\/en\/wp-json\/wp\/v2\/media\/1333"}],"wp:attachment":[{"href":"http:\/\/dyvtour.cl\/en\/wp-json\/wp\/v2\/media?parent=171"}],"wp:term":[{"taxonomy":"product_brand","embeddable":true,"href":"http:\/\/dyvtour.cl\/en\/wp-json\/wp\/v2\/product_brand?post=171"},{"taxonomy":"product_cat","embeddable":true,"href":"http:\/\/dyvtour.cl\/en\/wp-json\/wp\/v2\/product_cat?post=171"},{"taxonomy":"product_tag","embeddable":true,"href":"http:\/\/dyvtour.cl\/en\/wp-json\/wp\/v2\/product_tag?post=171"}],"curies":[{"name":"wp","href":"https:\/\/api.w.org\/{rel}","templated":true}]}}