{"id":164,"date":"2025-04-05T19:09:07","date_gmt":"2025-04-05T22:09:07","guid":{"rendered":"http:\/\/dyvtour.cl\/?post_type=product&#038;p=164"},"modified":"2026-04-07T21:22:49","modified_gmt":"2026-04-08T00:22:49","slug":"tour-panoramico-farellones-valle-nevado","status":"publish","type":"product","link":"http:\/\/dyvtour.cl\/en\/tour\/tour-panoramico-farellones-valle-nevado\/","title":{"rendered":"Panoramic tour of Farellones + Valle Nevado"},"content":{"rendered":"<p><span style=\"font-weight: 400;\">Come and discover our panoramic tour that allows you to know and explore imaginable stops, with the spectacular views of <\/span><b>Farellones and Valle Nevado.<\/b><\/p>\n<p><span style=\"font-weight: 400;\">We start our adventure with the first stop <\/span><b>\u00abHill of the Wind\u00bb, <\/b><span style=\"font-weight: 400;\">which is located at curve 32 road <\/span><b>Farellones<\/b><span style=\"font-weight: 400;\">Here you can contemplate the beautiful landscape of the Andes Mountains.<\/span><\/p>\n<p><span style=\"font-weight: 400;\">Continuing with the adventure we get to know a place called the <\/span><b>Little town of Farellones,<\/b><span style=\"font-weight: 400;\"> It is a place where you can walk, get to know and take the best photos of the small inhabited place in the mountains.<\/span><\/p>\n<p><span style=\"font-weight: 400;\">Then, we&#039;ll continue exploring, observing the snow-covered mountains and the condors soaring in the skies, just a few meters from where we&#039;ll be located.<\/span><\/p>\n<p><span style=\"font-weight: 400;\">Later we will reach the highest point of <\/span><b>Snowy Valley<\/b><span style=\"font-weight: 400;\">, where you can observe the <\/span><b>Chile&#039;s most famous ski resort <\/b><span style=\"font-weight: 400;\">and the largest in the southern hemisphere; the renowned <\/span><b>Valle Nevado Park<\/b><span style=\"font-weight: 400;\">, you will be able to observe the structure of the park, the tracks and walk around the entire viewpoint.<\/span><\/p>\n<p><span style=\"font-weight: 400;\">And finishing getting to know the Valle Nevado Park, we head to an open place where you can <\/span><b>rest, walk and play in the snow. <\/b><span style=\"font-weight: 400;\">You&#039;ll also be able to take the best photos with the enchanting backdrop of the Andes Mountains.<\/span><\/p>","protected":false},"excerpt":{"rendered":"<p>Ven y descubre nuestro tour panor\u00e1mico que permite conocer y explorar paradas imaginables, con las espectaculares vistas de Farellones y Valle Nevado. Iniciamos nuestra aventura con la primera parada \u00abLoma del Viento\u00bb, que est\u00e1 ubicada en la curva 32 camino Farellones. Aqu\u00ed podr\u00e1s contemplar el hermoso paisaje de la Cordillera de Los Andes. Continuando con [&hellip;]<\/p>","protected":false},"featured_media":1112,"template":"","meta":{"_acf_changed":false},"product_brand":[],"product_cat":[21],"product_tag":[],"class_list":{"0":"post-164","1":"product","2":"type-product","3":"status-publish","4":"has-post-thumbnail","6":"product_cat-nieve","8":"first","9":"instock","10":"featured","11":"shipping-taxable","12":"product-type-simple"},"acf":[],"yoast_head":"<!-- This site is optimized with the Yoast SEO Premium plugin v22.0 (Yoast SEO v27.3) - https:\/\/yoast.com\/product\/yoast-seo-premium-wordpress\/ -->\n<title>Tour panor\u00e1mico Farellones + Valle Nevado - DyV Tour<\/title>\n<meta name=\"robots\" content=\"index, follow, max-snippet:-1, max-image-preview:large, max-video-preview:-1\" \/>\n<link rel=\"canonical\" href=\"https:\/\/dyvtour.cl\/en\/tour\/tour-panoramico-farellones-valle-nevado\/\" \/>\n<meta property=\"og:locale\" content=\"en_US\" \/>\n<meta property=\"og:type\" content=\"article\" \/>\n<meta property=\"og:title\" content=\"Tour panor\u00e1mico Farellones + Valle Nevado\" \/>\n<meta property=\"og:description\" content=\"Ven y descubre nuestro tour panor\u00e1mico que permite conocer y explorar paradas imaginables, con las espectaculares vistas de Farellones y Valle Nevado. Iniciamos nuestra aventura con la primera parada \u00abLoma del Viento\u00bb, que est\u00e1 ubicada en la curva 32 camino Farellones. Aqu\u00ed podr\u00e1s contemplar el hermoso paisaje de la Cordillera de Los Andes. Continuando con [&hellip;]\" \/>\n<meta property=\"og:url\" content=\"https:\/\/dyvtour.cl\/en\/tour\/tour-panoramico-farellones-valle-nevado\/\" \/>\n<meta property=\"og:site_name\" content=\"DyV Tour\" \/>\n<meta property=\"article:modified_time\" content=\"2026-04-08T00:22:49+00:00\" \/>\n<meta property=\"og:image\" content=\"https:\/\/dyvtour.cl\/wp-content\/uploads\/2025\/04\/Tour-panoramico-Farellones-Valle-Nevado-3-Pequeno.png\" \/>\n\t<meta property=\"og:image:width\" content=\"720\" \/>\n\t<meta property=\"og:image:height\" content=\"480\" \/>\n\t<meta property=\"og:image:type\" content=\"image\/png\" \/>\n<meta name=\"twitter:card\" content=\"summary_large_image\" \/>\n<meta name=\"twitter:label1\" content=\"Est. reading time\" \/>\n\t<meta name=\"twitter:data1\" content=\"2 minutes\" \/>\n<script type=\"application\/ld+json\" class=\"yoast-schema-graph\">{\"@context\":\"https:\\\/\\\/schema.org\",\"@graph\":[{\"@type\":\"WebPage\",\"@id\":\"https:\\\/\\\/dyvtour.cl\\\/pt\\\/tour\\\/tour-panoramico-farellones-valle-nevado\\\/\",\"url\":\"https:\\\/\\\/dyvtour.cl\\\/pt\\\/tour\\\/tour-panoramico-farellones-valle-nevado\\\/\",\"name\":\"Tour panor\u00e1mico Farellones + Valle Nevado - DyV Tour\",\"isPartOf\":{\"@id\":\"http:\\\/\\\/dyvtour.cl\\\/es\\\/#website\"},\"primaryImageOfPage\":{\"@id\":\"https:\\\/\\\/dyvtour.cl\\\/pt\\\/tour\\\/tour-panoramico-farellones-valle-nevado\\\/#primaryimage\"},\"image\":{\"@id\":\"https:\\\/\\\/dyvtour.cl\\\/pt\\\/tour\\\/tour-panoramico-farellones-valle-nevado\\\/#primaryimage\"},\"thumbnailUrl\":\"http:\\\/\\\/dyvtour.cl\\\/wp-content\\\/uploads\\\/2025\\\/04\\\/Tour-panoramico-Farellones-Valle-Nevado-3-Pequeno.png\",\"datePublished\":\"2025-04-05T22:09:07+00:00\",\"dateModified\":\"2026-04-08T00:22:49+00:00\",\"breadcrumb\":{\"@id\":\"https:\\\/\\\/dyvtour.cl\\\/pt\\\/tour\\\/tour-panoramico-farellones-valle-nevado\\\/#breadcrumb\"},\"inLanguage\":\"en-US\",\"potentialAction\":[{\"@type\":\"ReadAction\",\"target\":[\"https:\\\/\\\/dyvtour.cl\\\/pt\\\/tour\\\/tour-panoramico-farellones-valle-nevado\\\/\"]}]},{\"@type\":\"ImageObject\",\"inLanguage\":\"en-US\",\"@id\":\"https:\\\/\\\/dyvtour.cl\\\/pt\\\/tour\\\/tour-panoramico-farellones-valle-nevado\\\/#primaryimage\",\"url\":\"http:\\\/\\\/dyvtour.cl\\\/wp-content\\\/uploads\\\/2025\\\/04\\\/Tour-panoramico-Farellones-Valle-Nevado-3-Pequeno.png\",\"contentUrl\":\"http:\\\/\\\/dyvtour.cl\\\/wp-content\\\/uploads\\\/2025\\\/04\\\/Tour-panoramico-Farellones-Valle-Nevado-3-Pequeno.png\",\"width\":720,\"height\":480},{\"@type\":\"BreadcrumbList\",\"@id\":\"https:\\\/\\\/dyvtour.cl\\\/pt\\\/tour\\\/tour-panoramico-farellones-valle-nevado\\\/#breadcrumb\",\"itemListElement\":[{\"@type\":\"ListItem\",\"position\":1,\"name\":\"Portada\",\"item\":\"https:\\\/\\\/dyvtour.cl\\\/es\\\/\"},{\"@type\":\"ListItem\",\"position\":2,\"name\":\"Tienda\",\"item\":\"https:\\\/\\\/dyvtour.cl\\\/en\\\/tienda\\\/\"},{\"@type\":\"ListItem\",\"position\":3,\"name\":\"Tour panor\u00e1mico Farellones + Valle Nevado\"}]},{\"@type\":\"WebSite\",\"@id\":\"http:\\\/\\\/dyvtour.cl\\\/es\\\/#website\",\"url\":\"http:\\\/\\\/dyvtour.cl\\\/es\\\/\",\"name\":\"DyV Tour\",\"description\":\"VIVE LA EXPERIENCIA\",\"publisher\":{\"@id\":\"http:\\\/\\\/dyvtour.cl\\\/es\\\/#organization\"},\"potentialAction\":[{\"@type\":\"SearchAction\",\"target\":{\"@type\":\"EntryPoint\",\"urlTemplate\":\"http:\\\/\\\/dyvtour.cl\\\/es\\\/?s={search_term_string}\"},\"query-input\":{\"@type\":\"PropertyValueSpecification\",\"valueRequired\":true,\"valueName\":\"search_term_string\"}}],\"inLanguage\":\"en-US\"},{\"@type\":\"Organization\",\"@id\":\"http:\\\/\\\/dyvtour.cl\\\/es\\\/#organization\",\"name\":\"DyV Tour\",\"url\":\"http:\\\/\\\/dyvtour.cl\\\/es\\\/\",\"logo\":{\"@type\":\"ImageObject\",\"inLanguage\":\"en-US\",\"@id\":\"http:\\\/\\\/dyvtour.cl\\\/es\\\/#\\\/schema\\\/logo\\\/image\\\/\",\"url\":\"http:\\\/\\\/dyvtour.cl\\\/wp-content\\\/uploads\\\/2026\\\/04\\\/logotipo-transparente_1_tour-dv-tour-chile.webp\",\"contentUrl\":\"http:\\\/\\\/dyvtour.cl\\\/wp-content\\\/uploads\\\/2026\\\/04\\\/logotipo-transparente_1_tour-dv-tour-chile.webp\",\"width\":350,\"height\":142,\"caption\":\"DyV Tour\"},\"image\":{\"@id\":\"http:\\\/\\\/dyvtour.cl\\\/es\\\/#\\\/schema\\\/logo\\\/image\\\/\"}}]}<\/script>\n<!-- \/ Yoast SEO Premium plugin. -->","yoast_head_json":{"title":"Tour panor\u00e1mico Farellones + Valle Nevado - DyV Tour","robots":{"index":"index","follow":"follow","max-snippet":"max-snippet:-1","max-image-preview":"max-image-preview:large","max-video-preview":"max-video-preview:-1"},"canonical":"https:\/\/dyvtour.cl\/en\/tour\/tour-panoramico-farellones-valle-nevado\/","og_locale":"en_US","og_type":"article","og_title":"Tour panor\u00e1mico Farellones + Valle Nevado","og_description":"Ven y descubre nuestro tour panor\u00e1mico que permite conocer y explorar paradas imaginables, con las espectaculares vistas de Farellones y Valle Nevado. Iniciamos nuestra aventura con la primera parada \u00abLoma del Viento\u00bb, que est\u00e1 ubicada en la curva 32 camino Farellones. Aqu\u00ed podr\u00e1s contemplar el hermoso paisaje de la Cordillera de Los Andes. Continuando con [&hellip;]","og_url":"https:\/\/dyvtour.cl\/en\/tour\/tour-panoramico-farellones-valle-nevado\/","og_site_name":"DyV Tour","article_modified_time":"2026-04-08T00:22:49+00:00","og_image":[{"width":720,"height":480,"url":"https:\/\/dyvtour.cl\/wp-content\/uploads\/2025\/04\/Tour-panoramico-Farellones-Valle-Nevado-3-Pequeno.png","type":"image\/png"}],"twitter_card":"summary_large_image","twitter_misc":{"Est. reading time":"2 minutes"},"schema":{"@context":"https:\/\/schema.org","@graph":[{"@type":"WebPage","@id":"https:\/\/dyvtour.cl\/pt\/tour\/tour-panoramico-farellones-valle-nevado\/","url":"https:\/\/dyvtour.cl\/pt\/tour\/tour-panoramico-farellones-valle-nevado\/","name":"Tour panor\u00e1mico Farellones + Valle Nevado - DyV Tour","isPartOf":{"@id":"http:\/\/dyvtour.cl\/es\/#website"},"primaryImageOfPage":{"@id":"https:\/\/dyvtour.cl\/pt\/tour\/tour-panoramico-farellones-valle-nevado\/#primaryimage"},"image":{"@id":"https:\/\/dyvtour.cl\/pt\/tour\/tour-panoramico-farellones-valle-nevado\/#primaryimage"},"thumbnailUrl":"http:\/\/dyvtour.cl\/wp-content\/uploads\/2025\/04\/Tour-panoramico-Farellones-Valle-Nevado-3-Pequeno.png","datePublished":"2025-04-05T22:09:07+00:00","dateModified":"2026-04-08T00:22:49+00:00","breadcrumb":{"@id":"https:\/\/dyvtour.cl\/pt\/tour\/tour-panoramico-farellones-valle-nevado\/#breadcrumb"},"inLanguage":"en-US","potentialAction":[{"@type":"ReadAction","target":["https:\/\/dyvtour.cl\/pt\/tour\/tour-panoramico-farellones-valle-nevado\/"]}]},{"@type":"ImageObject","inLanguage":"en-US","@id":"https:\/\/dyvtour.cl\/pt\/tour\/tour-panoramico-farellones-valle-nevado\/#primaryimage","url":"http:\/\/dyvtour.cl\/wp-content\/uploads\/2025\/04\/Tour-panoramico-Farellones-Valle-Nevado-3-Pequeno.png","contentUrl":"http:\/\/dyvtour.cl\/wp-content\/uploads\/2025\/04\/Tour-panoramico-Farellones-Valle-Nevado-3-Pequeno.png","width":720,"height":480},{"@type":"BreadcrumbList","@id":"https:\/\/dyvtour.cl\/pt\/tour\/tour-panoramico-farellones-valle-nevado\/#breadcrumb","itemListElement":[{"@type":"ListItem","position":1,"name":"Portada","item":"https:\/\/dyvtour.cl\/es\/"},{"@type":"ListItem","position":2,"name":"Tienda","item":"https:\/\/dyvtour.cl\/en\/tienda\/"},{"@type":"ListItem","position":3,"name":"Tour panor\u00e1mico Farellones + Valle Nevado"}]},{"@type":"WebSite","@id":"http:\/\/dyvtour.cl\/es\/#website","url":"http:\/\/dyvtour.cl\/es\/","name":"DyV Tour","description":"VIVE LA EXPERIENCIA","publisher":{"@id":"http:\/\/dyvtour.cl\/es\/#organization"},"potentialAction":[{"@type":"SearchAction","target":{"@type":"EntryPoint","urlTemplate":"http:\/\/dyvtour.cl\/es\/?s={search_term_string}"},"query-input":{"@type":"PropertyValueSpecification","valueRequired":true,"valueName":"search_term_string"}}],"inLanguage":"en-US"},{"@type":"Organization","@id":"http:\/\/dyvtour.cl\/es\/#organization","name":"DyV Tour","url":"http:\/\/dyvtour.cl\/es\/","logo":{"@type":"ImageObject","inLanguage":"en-US","@id":"http:\/\/dyvtour.cl\/es\/#\/schema\/logo\/image\/","url":"http:\/\/dyvtour.cl\/wp-content\/uploads\/2026\/04\/logotipo-transparente_1_tour-dv-tour-chile.webp","contentUrl":"http:\/\/dyvtour.cl\/wp-content\/uploads\/2026\/04\/logotipo-transparente_1_tour-dv-tour-chile.webp","width":350,"height":142,"caption":"DyV Tour"},"image":{"@id":"http:\/\/dyvtour.cl\/es\/#\/schema\/logo\/image\/"}}]}},"_links":{"self":[{"href":"http:\/\/dyvtour.cl\/en\/wp-json\/wp\/v2\/product\/164","targetHints":{"allow":["GET"]}}],"collection":[{"href":"http:\/\/dyvtour.cl\/en\/wp-json\/wp\/v2\/product"}],"about":[{"href":"http:\/\/dyvtour.cl\/en\/wp-json\/wp\/v2\/types\/product"}],"wp:featuredmedia":[{"embeddable":true,"href":"http:\/\/dyvtour.cl\/en\/wp-json\/wp\/v2\/media\/1112"}],"wp:attachment":[{"href":"http:\/\/dyvtour.cl\/en\/wp-json\/wp\/v2\/media?parent=164"}],"wp:term":[{"taxonomy":"product_brand","embeddable":true,"href":"http:\/\/dyvtour.cl\/en\/wp-json\/wp\/v2\/product_brand?post=164"},{"taxonomy":"product_cat","embeddable":true,"href":"http:\/\/dyvtour.cl\/en\/wp-json\/wp\/v2\/product_cat?post=164"},{"taxonomy":"product_tag","embeddable":true,"href":"http:\/\/dyvtour.cl\/en\/wp-json\/wp\/v2\/product_tag?post=164"}],"curies":[{"name":"wp","href":"https:\/\/api.w.org\/{rel}","templated":true}]}}