{"id":1162,"date":"2026-04-07T21:42:02","date_gmt":"2026-04-08T00:42:02","guid":{"rendered":"https:\/\/dyvtour.cl\/?post_type=product&#038;p=1162"},"modified":"2026-04-08T19:36:30","modified_gmt":"2026-04-08T22:36:30","slug":"tour-vina-undurraga-isla-negra-san-alfonso","status":"publish","type":"product","link":"http:\/\/dyvtour.cl\/en\/tour\/tour-vina-undurraga-isla-negra-san-alfonso\/","title":{"rendered":"Undurraga Winery Tour + Isla Negra + San Alfonso"},"content":{"rendered":"<p><span style=\"font-weight: 400;\">Immerse yourself in a setting of splendid landscapes and experience something designed to delight all your senses. Enjoy exclusive wine tastings, private tours of the winery, expansive outdoor spaces, poetry, and the beach at Vi\u00f1a Undurraga.<\/span><b>Isla Negra and San Alfonso<\/b><\/p>\n<p><span style=\"font-weight: 400;\">Relax and discover the secrets of the world of wine in an experience created for lovers of good living. Every moment combines culture, exquisiteness, and relaxation, always accompanied by the finest wines of the region.<\/span><\/p>\n<p><span style=\"font-weight: 400;\">More than just a stroll, this tour is a day of exceptional flavors, learning, and connecting with the art of winemaking. Immerse yourself in a unique setting where beauty and wine come together to create unforgettable memories.<\/span><\/p>","protected":false},"excerpt":{"rendered":"<p>Sum\u00e9rgete en un entorno de espl\u00e9ndidos paisajes y vive una experiencia dise\u00f1ada para deleitar todos tus sentidos. Disfruta de exclusivas catas de vino, recorridos privados por la bodega y amplios espacios al aire libre, poes\u00eda y playa , en la Vi\u00f1a Undurraga, Isla negra y San Alfonso Rel\u00e1jate y descubre los secretos del mundo del [&hellip;]<\/p>","protected":false},"featured_media":1166,"template":"","meta":{"_acf_changed":false},"product_brand":[],"product_cat":[20],"product_tag":[],"class_list":{"0":"post-1162","1":"product","2":"type-product","3":"status-publish","4":"has-post-thumbnail","6":"product_cat-litoral","8":"first","9":"instock","10":"shipping-taxable","11":"product-type-simple"},"acf":[],"yoast_head":"<!-- This site is optimized with the Yoast SEO Premium plugin v22.0 (Yoast SEO v27.3) - https:\/\/yoast.com\/product\/yoast-seo-premium-wordpress\/ -->\n<title>Tour Vi\u00f1a Undurraga + Isla negra + San Alfonso - DyV Tour<\/title>\n<meta name=\"robots\" content=\"index, follow, max-snippet:-1, max-image-preview:large, max-video-preview:-1\" \/>\n<link rel=\"canonical\" href=\"http:\/\/dyvtour.cl\/en\/tour\/tour-vina-undurraga-isla-negra-san-alfonso\/\" \/>\n<meta property=\"og:locale\" content=\"en_US\" \/>\n<meta property=\"og:type\" content=\"article\" \/>\n<meta property=\"og:title\" content=\"Tour Vi\u00f1a Undurraga + Isla negra + San Alfonso\" \/>\n<meta property=\"og:description\" content=\"Sum\u00e9rgete en un entorno de espl\u00e9ndidos paisajes y vive una experiencia dise\u00f1ada para deleitar todos tus sentidos. Disfruta de exclusivas catas de vino, recorridos privados por la bodega y amplios espacios al aire libre, poes\u00eda y playa , en la Vi\u00f1a Undurraga, Isla negra y San Alfonso Rel\u00e1jate y descubre los secretos del mundo del [&hellip;]\" \/>\n<meta property=\"og:url\" content=\"http:\/\/dyvtour.cl\/en\/tour\/tour-vina-undurraga-isla-negra-san-alfonso\/\" \/>\n<meta property=\"og:site_name\" content=\"DyV Tour\" \/>\n<meta property=\"article:modified_time\" content=\"2026-04-08T22:36:30+00:00\" \/>\n<meta property=\"og:image\" content=\"http:\/\/dyvtour.cl\/wp-content\/uploads\/2026\/04\/Tour-Vina-Undurraga-Isla-negra-San-Alfonso-13-Pequeno.png\" \/>\n\t<meta property=\"og:image:width\" content=\"720\" \/>\n\t<meta property=\"og:image:height\" content=\"480\" \/>\n\t<meta property=\"og:image:type\" content=\"image\/png\" \/>\n<meta name=\"twitter:card\" content=\"summary_large_image\" \/>\n<meta name=\"twitter:label1\" content=\"Est. reading time\" \/>\n\t<meta name=\"twitter:data1\" content=\"1 minute\" \/>\n<script type=\"application\/ld+json\" class=\"yoast-schema-graph\">{\"@context\":\"https:\\\/\\\/schema.org\",\"@graph\":[{\"@type\":\"WebPage\",\"@id\":\"http:\\\/\\\/dyvtour.cl\\\/pt\\\/tour\\\/tour-vina-undurraga-isla-negra-san-alfonso\\\/\",\"url\":\"http:\\\/\\\/dyvtour.cl\\\/pt\\\/tour\\\/tour-vina-undurraga-isla-negra-san-alfonso\\\/\",\"name\":\"Tour Vi\u00f1a Undurraga + Isla negra + San Alfonso - DyV Tour\",\"isPartOf\":{\"@id\":\"http:\\\/\\\/dyvtour.cl\\\/es\\\/#website\"},\"primaryImageOfPage\":{\"@id\":\"http:\\\/\\\/dyvtour.cl\\\/pt\\\/tour\\\/tour-vina-undurraga-isla-negra-san-alfonso\\\/#primaryimage\"},\"image\":{\"@id\":\"http:\\\/\\\/dyvtour.cl\\\/pt\\\/tour\\\/tour-vina-undurraga-isla-negra-san-alfonso\\\/#primaryimage\"},\"thumbnailUrl\":\"http:\\\/\\\/dyvtour.cl\\\/wp-content\\\/uploads\\\/2026\\\/04\\\/Tour-Vina-Undurraga-Isla-negra-San-Alfonso-13-Pequeno.png\",\"datePublished\":\"2026-04-08T00:42:02+00:00\",\"dateModified\":\"2026-04-08T22:36:30+00:00\",\"breadcrumb\":{\"@id\":\"http:\\\/\\\/dyvtour.cl\\\/pt\\\/tour\\\/tour-vina-undurraga-isla-negra-san-alfonso\\\/#breadcrumb\"},\"inLanguage\":\"en-US\",\"potentialAction\":[{\"@type\":\"ReadAction\",\"target\":[\"http:\\\/\\\/dyvtour.cl\\\/pt\\\/tour\\\/tour-vina-undurraga-isla-negra-san-alfonso\\\/\"]}]},{\"@type\":\"ImageObject\",\"inLanguage\":\"en-US\",\"@id\":\"http:\\\/\\\/dyvtour.cl\\\/pt\\\/tour\\\/tour-vina-undurraga-isla-negra-san-alfonso\\\/#primaryimage\",\"url\":\"http:\\\/\\\/dyvtour.cl\\\/wp-content\\\/uploads\\\/2026\\\/04\\\/Tour-Vina-Undurraga-Isla-negra-San-Alfonso-13-Pequeno.png\",\"contentUrl\":\"http:\\\/\\\/dyvtour.cl\\\/wp-content\\\/uploads\\\/2026\\\/04\\\/Tour-Vina-Undurraga-Isla-negra-San-Alfonso-13-Pequeno.png\",\"width\":720,\"height\":480},{\"@type\":\"BreadcrumbList\",\"@id\":\"http:\\\/\\\/dyvtour.cl\\\/pt\\\/tour\\\/tour-vina-undurraga-isla-negra-san-alfonso\\\/#breadcrumb\",\"itemListElement\":[{\"@type\":\"ListItem\",\"position\":1,\"name\":\"Portada\",\"item\":\"https:\\\/\\\/dyvtour.cl\\\/es\\\/\"},{\"@type\":\"ListItem\",\"position\":2,\"name\":\"Tienda\",\"item\":\"https:\\\/\\\/dyvtour.cl\\\/en\\\/tienda\\\/\"},{\"@type\":\"ListItem\",\"position\":3,\"name\":\"Tour Vi\u00f1a Undurraga + Isla negra + San Alfonso\"}]},{\"@type\":\"WebSite\",\"@id\":\"http:\\\/\\\/dyvtour.cl\\\/es\\\/#website\",\"url\":\"http:\\\/\\\/dyvtour.cl\\\/es\\\/\",\"name\":\"DyV Tour\",\"description\":\"VIVE LA EXPERIENCIA\",\"publisher\":{\"@id\":\"http:\\\/\\\/dyvtour.cl\\\/es\\\/#organization\"},\"potentialAction\":[{\"@type\":\"SearchAction\",\"target\":{\"@type\":\"EntryPoint\",\"urlTemplate\":\"http:\\\/\\\/dyvtour.cl\\\/es\\\/?s={search_term_string}\"},\"query-input\":{\"@type\":\"PropertyValueSpecification\",\"valueRequired\":true,\"valueName\":\"search_term_string\"}}],\"inLanguage\":\"en-US\"},{\"@type\":\"Organization\",\"@id\":\"http:\\\/\\\/dyvtour.cl\\\/es\\\/#organization\",\"name\":\"DyV Tour\",\"url\":\"http:\\\/\\\/dyvtour.cl\\\/es\\\/\",\"logo\":{\"@type\":\"ImageObject\",\"inLanguage\":\"en-US\",\"@id\":\"http:\\\/\\\/dyvtour.cl\\\/es\\\/#\\\/schema\\\/logo\\\/image\\\/\",\"url\":\"http:\\\/\\\/dyvtour.cl\\\/wp-content\\\/uploads\\\/2026\\\/04\\\/logotipo-transparente_1_tour-dv-tour-chile.webp\",\"contentUrl\":\"http:\\\/\\\/dyvtour.cl\\\/wp-content\\\/uploads\\\/2026\\\/04\\\/logotipo-transparente_1_tour-dv-tour-chile.webp\",\"width\":350,\"height\":142,\"caption\":\"DyV Tour\"},\"image\":{\"@id\":\"http:\\\/\\\/dyvtour.cl\\\/es\\\/#\\\/schema\\\/logo\\\/image\\\/\"}}]}<\/script>\n<!-- \/ Yoast SEO Premium plugin. -->","yoast_head_json":{"title":"Tour Vi\u00f1a Undurraga + Isla negra + San Alfonso - DyV Tour","robots":{"index":"index","follow":"follow","max-snippet":"max-snippet:-1","max-image-preview":"max-image-preview:large","max-video-preview":"max-video-preview:-1"},"canonical":"http:\/\/dyvtour.cl\/en\/tour\/tour-vina-undurraga-isla-negra-san-alfonso\/","og_locale":"en_US","og_type":"article","og_title":"Tour Vi\u00f1a Undurraga + Isla negra + San Alfonso","og_description":"Sum\u00e9rgete en un entorno de espl\u00e9ndidos paisajes y vive una experiencia dise\u00f1ada para deleitar todos tus sentidos. Disfruta de exclusivas catas de vino, recorridos privados por la bodega y amplios espacios al aire libre, poes\u00eda y playa , en la Vi\u00f1a Undurraga, Isla negra y San Alfonso Rel\u00e1jate y descubre los secretos del mundo del [&hellip;]","og_url":"http:\/\/dyvtour.cl\/en\/tour\/tour-vina-undurraga-isla-negra-san-alfonso\/","og_site_name":"DyV Tour","article_modified_time":"2026-04-08T22:36:30+00:00","og_image":[{"width":720,"height":480,"url":"http:\/\/dyvtour.cl\/wp-content\/uploads\/2026\/04\/Tour-Vina-Undurraga-Isla-negra-San-Alfonso-13-Pequeno.png","type":"image\/png"}],"twitter_card":"summary_large_image","twitter_misc":{"Est. reading time":"1 minute"},"schema":{"@context":"https:\/\/schema.org","@graph":[{"@type":"WebPage","@id":"http:\/\/dyvtour.cl\/pt\/tour\/tour-vina-undurraga-isla-negra-san-alfonso\/","url":"http:\/\/dyvtour.cl\/pt\/tour\/tour-vina-undurraga-isla-negra-san-alfonso\/","name":"Tour Vi\u00f1a Undurraga + Isla negra + San Alfonso - DyV Tour","isPartOf":{"@id":"http:\/\/dyvtour.cl\/es\/#website"},"primaryImageOfPage":{"@id":"http:\/\/dyvtour.cl\/pt\/tour\/tour-vina-undurraga-isla-negra-san-alfonso\/#primaryimage"},"image":{"@id":"http:\/\/dyvtour.cl\/pt\/tour\/tour-vina-undurraga-isla-negra-san-alfonso\/#primaryimage"},"thumbnailUrl":"http:\/\/dyvtour.cl\/wp-content\/uploads\/2026\/04\/Tour-Vina-Undurraga-Isla-negra-San-Alfonso-13-Pequeno.png","datePublished":"2026-04-08T00:42:02+00:00","dateModified":"2026-04-08T22:36:30+00:00","breadcrumb":{"@id":"http:\/\/dyvtour.cl\/pt\/tour\/tour-vina-undurraga-isla-negra-san-alfonso\/#breadcrumb"},"inLanguage":"en-US","potentialAction":[{"@type":"ReadAction","target":["http:\/\/dyvtour.cl\/pt\/tour\/tour-vina-undurraga-isla-negra-san-alfonso\/"]}]},{"@type":"ImageObject","inLanguage":"en-US","@id":"http:\/\/dyvtour.cl\/pt\/tour\/tour-vina-undurraga-isla-negra-san-alfonso\/#primaryimage","url":"http:\/\/dyvtour.cl\/wp-content\/uploads\/2026\/04\/Tour-Vina-Undurraga-Isla-negra-San-Alfonso-13-Pequeno.png","contentUrl":"http:\/\/dyvtour.cl\/wp-content\/uploads\/2026\/04\/Tour-Vina-Undurraga-Isla-negra-San-Alfonso-13-Pequeno.png","width":720,"height":480},{"@type":"BreadcrumbList","@id":"http:\/\/dyvtour.cl\/pt\/tour\/tour-vina-undurraga-isla-negra-san-alfonso\/#breadcrumb","itemListElement":[{"@type":"ListItem","position":1,"name":"Portada","item":"https:\/\/dyvtour.cl\/es\/"},{"@type":"ListItem","position":2,"name":"Tienda","item":"https:\/\/dyvtour.cl\/en\/tienda\/"},{"@type":"ListItem","position":3,"name":"Tour Vi\u00f1a Undurraga + Isla negra + San Alfonso"}]},{"@type":"WebSite","@id":"http:\/\/dyvtour.cl\/es\/#website","url":"http:\/\/dyvtour.cl\/es\/","name":"DyV Tour","description":"VIVE LA EXPERIENCIA","publisher":{"@id":"http:\/\/dyvtour.cl\/es\/#organization"},"potentialAction":[{"@type":"SearchAction","target":{"@type":"EntryPoint","urlTemplate":"http:\/\/dyvtour.cl\/es\/?s={search_term_string}"},"query-input":{"@type":"PropertyValueSpecification","valueRequired":true,"valueName":"search_term_string"}}],"inLanguage":"en-US"},{"@type":"Organization","@id":"http:\/\/dyvtour.cl\/es\/#organization","name":"DyV Tour","url":"http:\/\/dyvtour.cl\/es\/","logo":{"@type":"ImageObject","inLanguage":"en-US","@id":"http:\/\/dyvtour.cl\/es\/#\/schema\/logo\/image\/","url":"http:\/\/dyvtour.cl\/wp-content\/uploads\/2026\/04\/logotipo-transparente_1_tour-dv-tour-chile.webp","contentUrl":"http:\/\/dyvtour.cl\/wp-content\/uploads\/2026\/04\/logotipo-transparente_1_tour-dv-tour-chile.webp","width":350,"height":142,"caption":"DyV Tour"},"image":{"@id":"http:\/\/dyvtour.cl\/es\/#\/schema\/logo\/image\/"}}]}},"_links":{"self":[{"href":"http:\/\/dyvtour.cl\/en\/wp-json\/wp\/v2\/product\/1162","targetHints":{"allow":["GET"]}}],"collection":[{"href":"http:\/\/dyvtour.cl\/en\/wp-json\/wp\/v2\/product"}],"about":[{"href":"http:\/\/dyvtour.cl\/en\/wp-json\/wp\/v2\/types\/product"}],"wp:featuredmedia":[{"embeddable":true,"href":"http:\/\/dyvtour.cl\/en\/wp-json\/wp\/v2\/media\/1166"}],"wp:attachment":[{"href":"http:\/\/dyvtour.cl\/en\/wp-json\/wp\/v2\/media?parent=1162"}],"wp:term":[{"taxonomy":"product_brand","embeddable":true,"href":"http:\/\/dyvtour.cl\/en\/wp-json\/wp\/v2\/product_brand?post=1162"},{"taxonomy":"product_cat","embeddable":true,"href":"http:\/\/dyvtour.cl\/en\/wp-json\/wp\/v2\/product_cat?post=1162"},{"taxonomy":"product_tag","embeddable":true,"href":"http:\/\/dyvtour.cl\/en\/wp-json\/wp\/v2\/product_tag?post=1162"}],"curies":[{"name":"wp","href":"https:\/\/api.w.org\/{rel}","templated":true}]}}